{"id":506,"date":"2023-10-04T03:23:07","date_gmt":"2023-10-04T03:23:07","guid":{"rendered":"https:\/\/camaratravel.com\/?page_id=506"},"modified":"2023-11-02T21:50:10","modified_gmt":"2023-11-02T21:50:10","slug":"tailandia-y-phuket","status":"publish","type":"page","link":"https:\/\/camaratravel.com\/?page_id=506","title":{"rendered":"Tailandia y Phuket"},"content":{"rendered":"\n<div class=\"wp-block-cover is-light\" style=\"padding-top:var(--wp--preset--spacing--80);padding-bottom:var(--wp--preset--spacing--80);min-height:50px;aspect-ratio:unset;\"><span aria-hidden=\"true\" class=\"wp-block-cover__background has-vivid-green-cyan-background-color has-background-dim-100 has-background-dim\"><\/span><div class=\"wp-block-cover__inner-container is-layout-flow wp-block-cover-is-layout-flow\">\n<p class=\"has-text-align-center has-large-font-size\"><\/p>\n<\/div><\/div>\n\n\n\n<p>MT-30013 Tailandia y Phuket<\/p>\n\n\n\n<p><strong>Ciudades Visitadas:<\/strong>&nbsp;Tailandia<\/p>\n\n\n\n<figure class=\"wp-block-image\"><img decoding=\"async\" src=\"https:\/\/one.cdnmega.com\/images\/viajes\/covers\/thailandia-con-phuket-1024x575_63dd71943b632.webp\" alt=\"\"\/><\/figure>\n\n\n\n<p><strong>Duraci\u00f3n:<\/strong>&nbsp;13 D\u00edas y 9 Noches<\/p>\n\n\n\n<p><strong>Desde:<\/strong>1599 USD + 949 Imp<\/p>\n\n\n\n<p><strong>Fecha(s) de salida:<\/strong><\/p>\n\n\n\n<p><br>Noviembre: 26<\/p>\n\n\n\n<h3 class=\"wp-block-heading\">Salidas para el a\u00f1o 2024<\/h3>\n\n\n\n<p>Enero: 29, 31<br>Febrero: 06<br>Marzo: 06<br>Mayo: 13<\/p>\n\n\n\n<p><strong>Vigencia:<\/strong>&nbsp;Precios vigentes hasta el 13\/03\/2024<\/p>\n\n\n\n<p><strong>Aerolinea<\/strong><\/p>\n\n\n\n<h5 class=\"wp-block-heading\">INCLUYE VUELO<\/h5>\n\n\n\n<figure class=\"wp-block-image\"><img decoding=\"async\" src=\"https:\/\/one.cdnmega.com\/images\/aerolineas\/iata\/EK.png\" alt=\"Emirates\"\/><\/figure>\n\n\n\n<p><a href=\"http:\/\/leafletjs.com\/\">Leaflet<\/a><\/p>\n\n\n\n<p>Itinerario<\/p>\n\n\n\n<p><strong>D\u00cdA 01 M\u00c9XICO \u2013 DUB\u00c1I<\/strong><br>Cita en el aeropuerto de la Ciudad de M\u00e9xico para abordar vuelo con destino a Dubai, v\u00eda Barcelona. Noche a bordo.<\/p>\n\n\n\n<p><strong>D\u00cdA 02 BARCELONA<\/strong><br>Vuelos con escala t\u00e9cnica en Barcelona.<\/p>\n\n\n\n<p><strong>D\u00cdA 03 DUB\u00c1I \u2013 BANGKOK&nbsp;<\/strong><br>Llegada al aeropuerto internacional de los Emiratos \u00e1rabes. Tiempo de espera para tomar vuelo con destino a Bangkok. Llegada y recepci\u00f3n en el aeropuerto y tiempo libre hasta la hora del check in. Alojamiento.&nbsp;<\/p>\n\n\n\n<p><strong>D\u00cdA 04 BANGKOK<\/strong><br>Desayuno. Dia libre. Alojamiento.<br>Sugerimos realizar la excursi\u00f3n opcional (con costo adicional) TOUR DE CIUDAD: En el recorrido veremos la estatua del buda sentado y las estupas (l\u00e1pidas), as\u00ed como el barrio chino, el mercado de las flores, el monumento y la calle de la democracia, la calle de los ministerios, el edificio del parlamento y la actual mansi\u00f3n del rey de Tailandia en Bangkok. Al finalizar el recorrido, nos trasladamos a nuestro hotel. Tiempo libre para descansar despu\u00e9s del check-in salida desde nuestro hotel hacia &#8220;Yor Yor Seafood Restaurant &amp; Patpong Night Market&#8221; a la hora que determine nuestro gu\u00eda por la noche. Nos preparar\u00e1n la comida en el restaurante, donde podremos ver Bangkok bajo las luces, junto al famoso r\u00edo Chao Praya, conocido como el &#8220;R\u00edo de los Reyes&#8221;. Despu\u00e9s de nuestra agradable cena, nos trasladamos al mercado nocturno de Patpong, que es el mercado nocturno m\u00e1s famoso de Bangkok, donde puede comprar al estilo chino y al estilo tailand\u00e9s, donde predominan en su mayor\u00eda productos de imitaci\u00f3n (relojes Rolex, bolsos Versace, etc.). Pasar\u00e1s un buen rato en la famosa calle comercial y de bares. No te olvides de regatear mucho. Traslado al hotel.<\/p>\n\n\n\n<p><strong>D\u00cdA 05 BANGKOK \u2013 KANCHANABURI<\/strong><br>Desayuno. Dia libre. Alojamiento.<br>Sugerimos realizar la excursi\u00f3n opcional (con costo adicional) &#8220;MERCADO FLOTANTE Y EL PUENTE KWAI&#8221;: En este recorrido, salimos de Bangkok y nos detenemos en una granja de cocoteros en la ciudad de Samut Songkram, donde nacieron los gemelos siameses de renombre mundial por primera vez en el camino. Aqu\u00ed obtenemos informaci\u00f3n sobre lo que los tailandeses usan del \u00e1rbol de coco, vemos los recuerdos hechos de este \u00e1rbol, tambi\u00e9n puede visitar el jard\u00edn de orqu\u00eddeas en el interior. Partimos de aqu\u00ed y despu\u00e9s de un viaje en autob\u00fas de unos 10 minutos, llegamos al muelle donde parten los barcos de estilo tailand\u00e9s. Despu\u00e9s de un agradable crucero de media hora acompa\u00f1ado de deliciosos paisajes ex\u00f3ticos del Lejano Oriente subiendo a los barcos desde aqu\u00ed, llegamos al famoso mercado flotante, que ha sido portada de revistas y documentales. Veremos el mercado abierto instalado en canoas por el r\u00edo y tendremos la oportunidad de hacer compras. Por la tarde traslado a Kanchanaburi para ver el Puente Kwai, que fue el tema de las pel\u00edculas, en referencia al cierre del bazar Yuzen, el puente era parte del ferrocarril Birmania-Tailandia construido por las fuerzas invasoras japonesas. M\u00e1s de cien mil personas murieron a causa de enfermedades y torturas durante la construcci\u00f3n del ferrocarril, en el que se utilizaron prisioneros de guerra de las fuerzas aliadas y habitantes locales en su construcci\u00f3n. Es por eso por lo que esta l\u00ednea se conoce hoy como el Ferrocarril de la Muerte. Traslado al hotel.<\/p>\n\n\n\n<p><strong>D\u00cdA 06&nbsp;KANCHANABURI \u2013 BANGKOK \u2013 CHIANG RAI<\/strong><br>Desayuno. A la hora indicada Salida hacia aeropuerto de Bangkok para tomar el vuelo con destino a Chiang Rai. Despu\u00e9s de los procedimientos de pasaporte y check-in, volamos a Chiang Rai, que se encuentra en la parte m\u00e1s al norte de Tailandia. Traslado al hotel. Alojamiento.<\/p>\n\n\n\n<p><strong>D\u00cdA 07&nbsp;CHIANG RAI<\/strong><br>Desayuno. Dia libre. Alojamiento<br>Sugerimos realizar la excursi\u00f3n opcional (con costo adicional) &#8220;TRI\u00c1NGULO DE ORO&#8221;, donde las fronteras de Tailandia &#8211; Myanmar &#8211; Laos se encuentran en el mismo punto. La primera parada es el Museo del Hach\u00eds, donde obtendremos informaci\u00f3n sobre la regi\u00f3n, que ha sido el centro de la producci\u00f3n ilegal de hach\u00eds durante siglos. Luego, pasamos a la regi\u00f3n fronteriza del tri\u00e1ngulo dorado con nuestro autob\u00fas privado. Desde el mirador alto de la colina, observamos la magn\u00edfica vista formada por la confluencia de los r\u00edos Mekong y Ruak, y luego, en el recorrido en bote por el r\u00edo Mekong, pasamos por las fronteras de Myanmar y Laos. Luego, nos dirigimos al pueblo de Mae Sai en la frontera de Myanmar, ubicado en el punto m\u00e1s al norte de Tailandia, y visitamos el mercado fronterizo. Tiempo libre para compras en el punto fronterizo. Al final de nuestro recorrido, visitaremos los famosos campos de t\u00e9 de Chiang Rai en el camino. Traslado al nuestro hotel.<\/p>\n\n\n\n<p><strong>D\u00cdA 08&nbsp;CHIANG RAI \ud83d\ude8c CHIANG MAI<\/strong><br>Desayuno. A la hora indicada salida hacia Chiang Mai. La primera parada en el camino es el pueblo de la famosa Etnia Karen, que ha sido objeto de documentales y est\u00e1 bajo la protecci\u00f3n de la Unesco, con los anillos que llevan al cuello. Tambi\u00e9n puedes ver las Etnias Akha, Lahu y Yao aqu\u00ed. Nuestra primera parada en el camino ser\u00e1 Wat Rong Khun, ubicado a 13 km al sur de la ciudad de Chiang Rai y conocido como el Templo Blanco, donde todos los objetos dentro del templo est\u00e1n hechos completamente de materiales blancos. El templo, que comenz\u00f3 a construirse en 1996 por un artista local llamado Chalermchai Kositpipat, es tan grande y magn\u00edfico que, en palabras del artista, solo pudo completarse 60 a\u00f1os despu\u00e9s de su muerte. El artista don\u00f3 aproximadamente 40 millones de baht para la construcci\u00f3n de este templo. Despu\u00e9s de esta visita, visitaremos el Templo Azul en Rong Suea Ten Bay, que significa tigre danzante. La construcci\u00f3n comenz\u00f3 en 2005 sobre las ruinas de un antiguo templo que hab\u00eda sido olvidado durante m\u00e1s de 100 a\u00f1os. Adem\u00e1s de tener una estatua de buda blanca con una altura de 6,5 metros en el interior, todos los colores est\u00e1n dise\u00f1ados en azul \u00edndigo. Al finalizar nuestro recorrido continuamos hacia la ciudad de Chiang Mai. A la llegada, entrega de llaves de la habitaci\u00f3n y tiempo libre para descansar. Sugerimos realizar opcional (costo adicional) &#8220;MERCADO NOCTURNO DE CHIANG MAI&#8221;, que abre todos los d\u00edas a las 18:00 de la tarde. Tiempo libre para compras y relajaci\u00f3n en este mercado donde hay restaurantes y souvenirs espec\u00edficos de Tailandia. Traslado al hotel. Alojamiento.<\/p>\n\n\n\n<p><strong>D\u00cdA 09&nbsp;CHIANG MAI &nbsp;<\/strong><br>Desayuno. Dia libre. Alojamiento<br>Sugerimos realizar la excursi\u00f3n opcional (con costo adicional) \u201cCAMPAMENTO DE ELEFANTES MAE TAENG\u201d ubicado en el norte de la ciudad. Despu\u00e9s de la prohibici\u00f3n del transporte de madera y troncos de elefantes como trabajadores en Tailandia en 1989, cientos de elefantes fueron dejados en las calles o condenados a trabajar en malas condiciones en trabajos de tala por m\u00e9todos ilegales. La familia Chailert ha establecido voluntariamente este campamento con el fin de proteger a los elefantes y ofrecerles una vida libre en su vida natural. Estamos viendo el espect\u00e1culo de los elefantes, haciendo referencia a nuestra llegada al campamento. Un recorrido inolvidable de aproximadamente 45 minutos te espera en el h\u00e1bitat natural de los elefantes. Despu\u00e9s de nuestro safari, regresaremos al campamento con un corto pero divertido paseo en bote tirado por bueyes y almorzaremos. Luego haremos rafting en balsas de bamb\u00fa. Nuestra siguiente parada es un jard\u00edn de orqu\u00eddeas y mariposas cercano. Aqu\u00ed aprenderemos a plantar orqu\u00eddeas en botellas y macetas. Despu\u00e9s de dar tiempo libre para la fotograf\u00eda en este incre\u00edble jard\u00edn, nos congelamos en Chiang Mai al final del recorrido. Nuestra siguiente parada es el \u201ctemplo Doi Suthep\u201d, donde podremos ver Chang Mai desde el octavo pico m\u00e1s alto de Tailandia, a vista de p\u00e1jaro en todo su esplendor. Como los tailandeses cambian, si no has visto la ciudad desde Doi Suthept, significa que nunca has estado en Chiang Mai. Declarado como Parque Nacional 24 de Tailandia en 1981, Doi Suthep ofrece una belleza natural \u00fanica con todo su verdor y esplendor en un \u00e1rea de 260 kil\u00f3metros cuadrados. El templo Doi Suthep, ubicado en el parque nacional, cuya historia se remonta al per\u00edodo del Reino Lanna de 1380, tiene 24 metros de altura, est\u00e1 cubierto con pan de oro y te abre las puertas de un mundo misterioso. Traslado al hotel.<\/p>\n\n\n\n<p><strong>D\u00cdA 10&nbsp;CHIANG MAI \u2013&nbsp;PHUKET<\/strong><br>Desayuno. A la hora indicada salida hacia el aeropuerto de Chiang Mai para tomar vuelo con destino a Phuket, ubicado en el sur de Tailandia. Llegada, recepci\u00f3n en el aeropuerto y traslado al hotel. Alojamiento.&nbsp;<\/p>\n\n\n\n<p><strong>D\u00cdA 11&nbsp;PHUKET<\/strong><br>Desayuno. Dia libre. Alojamiento.<br>Sugerimos realizar opcional (con costo adicional) DIA COMPLETO POR LA ISLA PHI PHI: acceso r\u00e1pido a Phi Phi Don, la primera de dos islas de coral paradis\u00edacas cerca de Phuket, en nuestras lanchas r\u00e1pidas. La oportunidad de nadar y tomar el sol en la famosa isla de Bamb\u00fa, con su playa de arena adornada con palmeras y su mar limpio de color turquesa. La pr\u00f3xima parada es la mundialmente famosa laguna Phi Phi Ley. Luego visitamos la Cueva Vikinga y la Isla de los Monos. Almuerzo en la isla Phi Phi Don. Tiempo libre para nadar y bucear y descubrir peces del oc\u00e9ano. Regreso a nuestro hotel por la noche con nuestras lanchas r\u00e1pidas.<\/p>\n\n\n\n<p><strong>D\u00cdA 12&nbsp;PHUKET \u2013 DUB\u00c1I<\/strong><br>Desayuno. A la hora indicada traslado al aeropuerto para tomar vuelo con destino a Dubai.<\/p>\n\n\n\n<p><strong>D\u00cdA 13&nbsp;DUB\u00c1I \u2013 M\u00c9XICO<\/strong><br>Llegada a Dubai y tiempo de espera. Los pasajeros permanecer\u00e1n en tr\u00e1nsito mientras esperan para tomar el siguiente vuelo con destino a la Ciudad de M\u00e9xico.<\/p>\n\n\n\n<p><small><strong>\u2013 Este itinerario puede sufrir modificaciones por condiciones de carreteras, clima, otros aspectos no previsibles o disponibilidad al momento de reservar<br>\u2013 El orden de los servicios puede cambiar<\/strong><\/small><strong>&nbsp;&nbsp;&nbsp;&nbsp;&#8230;FIN DE NUESTROS SERVICIOS<\/strong><\/p>\n\n\n\n<p>Precios y Hoteles:<\/p>\n\n\n\n<figure class=\"wp-block-table\"><table><tbody><tr><td><strong>TRIPLE<\/strong><\/td><td><strong>DOBLE<\/strong><\/td><td><strong>SGL<\/strong><\/td><\/tr><tr><td>$ 1,599<\/td><td>$ 1,599<\/td><td>$ 1,999<\/td><\/tr><\/tbody><\/table><\/figure>\n\n\n\n<p><strong>IMPUESTOS Y SUPLEMENTOS<\/strong><\/p>\n\n\n\n<figure class=\"wp-block-table\"><table><tbody><tr><td colspan=\"2\"><strong>SALIDAS 2023<\/strong><\/td><\/tr><tr><td>Impuestos a\u00e9reos<\/td><td>$ 949<\/td><\/tr><tr><td>Noviembre: 26<\/td><td>$ 399<\/td><\/tr><tr><td colspan=\"2\"><strong>SALIDAS 2024<\/strong><\/td><\/tr><tr><td>Impuestos a\u00e9reos<\/td><td>$ 999<\/td><\/tr><tr><td>Mayo: 13<\/td><td>$ 299<\/td><\/tr><tr><td>Enero: 29<br>Febrero: 06<br>Marzo: 06<\/td><td>$ 349<\/td><\/tr><\/tbody><\/table><\/figure>\n\n\n\n<p>\u2013 Precios indicados en USD, pagaderos en Moneda Nacional al tipo de cambio del d\u00eda.<br>\u2013 Los precios indicados en este itinerario son de car\u00e1cter informativo y deben ser confirmados para realizar su reservaci\u00f3n ya que est\u00e1n sujetos a modificaciones sin previo aviso.<\/p>\n\n\n\n<figure class=\"wp-block-table\"><table><thead><tr><td colspan=\"4\">HOTELES PREVISTOS O SIMILARES<\/td><\/tr><tr><td>Hotel<\/td><td>Ciudad<\/td><td>Tipo<\/td><td>Pais<\/td><\/tr><\/thead><tbody><tr><td>Grand Howard Hotel<\/td><td>Bangkok<\/td><td>Primera<\/td><td>Tailandia<\/td><\/tr><tr><td>River Kwai Village Resort<\/td><td>Kanchanaburi<\/td><td>Primera<\/td><td>Tailandia<\/td><\/tr><tr><td>Wiang Inn Hotel<\/td><td>Chiang Rai<\/td><td>Primera<\/td><td>Tailandia<\/td><\/tr><tr><td>Furama Chiang Mai<\/td><td>Chiang Mai<\/td><td>Primera<\/td><td>Tailandia<\/td><\/tr><tr><td>Sleep With Me Design Hotel<\/td><td>Phuket<\/td><td>Primera<\/td><td>Tailandia<\/td><\/tr><tr><td colspan=\"4\">\u00c9sta es la relaci\u00f3n de los hoteles utilizados m\u00e1s frecuentemente en este circuito. Reflejada tan s\u00f3lo a efectos indicativos, pudiendo ser el pasajero alojado en establecimientos similares o alternativos<\/td><\/tr><tr><td colspan=\"4\">&nbsp;<\/td><\/tr><\/tbody><\/table><\/figure>\n\n\n\n<p>El paquete incluye<\/p>\n\n\n\n<ul class=\"wp-block-list\">\n<li>Boleto de avi\u00f3n en viaje redondo M\u00e9xico \u2013 Bangkok \/ Phuket \u2013 M\u00e9xico en clase turista.<\/li>\n\n\n\n<li>Boleto de avi\u00f3n Bangkok \u2013 Chiang Rai \/ Chiang Mai \u2013 Phuket en clase turista.<\/li>\n\n\n\n<li>02 noches de alojamiento en Bangkok.<\/li>\n\n\n\n<li>01 noche de alojamiento en Kanchanaburi.<\/li>\n\n\n\n<li>02 noche de alojamiento en Chiang Rai.<\/li>\n\n\n\n<li>02 noches de alojamiento en Chiang Mai.<\/li>\n\n\n\n<li>02 noches de alojamiento en Phuket.<\/li>\n\n\n\n<li>Traslados indicados<\/li>\n\n\n\n<li>Visitas indicadas<\/li>\n\n\n\n<li>Gu\u00edas de habla hispana<\/li>\n\n\n\n<li>Autocar con aire acondicionado.<\/li>\n<\/ul>\n\n\n\n<p>El paquete no incluye:<\/p>\n\n\n\n<ul class=\"wp-block-list\">\n<li>Gastos personales y extras en los hoteles.<\/li>\n\n\n\n<li>Propinas en Tailandia: 50 USD por persona (Se paga directo en destino)<\/li>\n\n\n\n<li>Ning\u00fan servicio no especificado como incluido o especificado como opcional.<\/li>\n\n\n\n<li>Visa de Tailandia<\/li>\n\n\n\n<li>Impuestos a\u00e9reos por persona<\/li>\n<\/ul>\n\n\n\n<p>Precios cotizados en d\u00f3lares americanos, pagaderos en Moneda Nacional al tipo de cambio del d\u00eda Los precios indicados son informativos y deben ser conformados antes de su compra ya que est\u00e1n sujetos a cambio sin previo aviso. Para obtener el costo exacto a pagar a tipo de cambio del d\u00eda, comun\u00edquese con nosotros. Consulte impuestos y suplementos.<\/p>\n","protected":false},"excerpt":{"rendered":"<p>MT-30013 Tailandia y Phuket Ciudades Visitadas:&nbsp;Tailandia Duraci\u00f3n:&nbsp;13 D\u00edas y 9 Noches Desde:1599 USD + 949 Imp Fecha(s) de salida: Noviembre: 26 Salidas para el a\u00f1o 2024 Enero: 29, 31Febrero: 06Marzo: 06Mayo: 13 Vigencia:&nbsp;Precios vigentes hasta el 13\/03\/2024 Aerolinea INCLUYE VUELO Leaflet Itinerario D\u00cdA 01 M\u00c9XICO \u2013 DUB\u00c1ICita en el aeropuerto de la Ciudad de M\u00e9xico [&hellip;]<\/p>\n","protected":false},"author":1,"featured_media":0,"parent":0,"menu_order":0,"comment_status":"closed","ping_status":"closed","template":"","meta":{"om_disable_all_campaigns":false,"_monsterinsights_skip_tracking":false,"_monsterinsights_sitenote_active":false,"_monsterinsights_sitenote_note":"","_monsterinsights_sitenote_category":0,"site-sidebar-layout":"default","site-content-layout":"","ast-site-content-layout":"default","site-content-style":"default","site-sidebar-style":"default","ast-global-header-display":"","ast-banner-title-visibility":"","ast-main-header-display":"","ast-hfb-above-header-display":"","ast-hfb-below-header-display":"","ast-hfb-mobile-header-display":"","site-post-title":"disabled","ast-breadcrumbs-content":"","ast-featured-img":"","footer-sml-layout":"","ast-disable-related-posts":"","theme-transparent-header-meta":"","adv-header-id-meta":"","stick-header-meta":"","header-above-stick-meta":"","header-main-stick-meta":"","header-below-stick-meta":"","astra-migrate-meta-layouts":"set","ast-page-background-enabled":"default","ast-page-background-meta":{"desktop":{"background-color":"","background-image":"","background-repeat":"repeat","background-position":"center center","background-size":"auto","background-attachment":"scroll","background-type":"","background-media":"","overlay-type":"","overlay-color":"","overlay-opacity":"","overlay-gradient":""},"tablet":{"background-color":"","background-image":"","background-repeat":"repeat","background-position":"center center","background-size":"auto","background-attachment":"scroll","background-type":"","background-media":"","overlay-type":"","overlay-color":"","overlay-opacity":"","overlay-gradient":""},"mobile":{"background-color":"","background-image":"","background-repeat":"repeat","background-position":"center center","background-size":"auto","background-attachment":"scroll","background-type":"","background-media":"","overlay-type":"","overlay-color":"","overlay-opacity":"","overlay-gradient":""}},"ast-content-background-meta":{"desktop":{"background-color":"var(--ast-global-color-5)","background-image":"","background-repeat":"repeat","background-position":"center center","background-size":"auto","background-attachment":"scroll","background-type":"","background-media":"","overlay-type":"","overlay-color":"","overlay-opacity":"","overlay-gradient":""},"tablet":{"background-color":"var(--ast-global-color-5)","background-image":"","background-repeat":"repeat","background-position":"center center","background-size":"auto","background-attachment":"scroll","background-type":"","background-media":"","overlay-type":"","overlay-color":"","overlay-opacity":"","overlay-gradient":""},"mobile":{"background-color":"var(--ast-global-color-5)","background-image":"","background-repeat":"repeat","background-position":"center center","background-size":"auto","background-attachment":"scroll","background-type":"","background-media":"","overlay-type":"","overlay-color":"","overlay-opacity":"","overlay-gradient":""}},"footnotes":""},"class_list":["post-506","page","type-page","status-publish","hentry"],"aioseo_notices":[],"_links":{"self":[{"href":"https:\/\/camaratravel.com\/index.php?rest_route=\/wp\/v2\/pages\/506","targetHints":{"allow":["GET"]}}],"collection":[{"href":"https:\/\/camaratravel.com\/index.php?rest_route=\/wp\/v2\/pages"}],"about":[{"href":"https:\/\/camaratravel.com\/index.php?rest_route=\/wp\/v2\/types\/page"}],"author":[{"embeddable":true,"href":"https:\/\/camaratravel.com\/index.php?rest_route=\/wp\/v2\/users\/1"}],"replies":[{"embeddable":true,"href":"https:\/\/camaratravel.com\/index.php?rest_route=%2Fwp%2Fv2%2Fcomments&post=506"}],"version-history":[{"count":3,"href":"https:\/\/camaratravel.com\/index.php?rest_route=\/wp\/v2\/pages\/506\/revisions"}],"predecessor-version":[{"id":1619,"href":"https:\/\/camaratravel.com\/index.php?rest_route=\/wp\/v2\/pages\/506\/revisions\/1619"}],"wp:attachment":[{"href":"https:\/\/camaratravel.com\/index.php?rest_route=%2Fwp%2Fv2%2Fmedia&parent=506"}],"curies":[{"name":"wp","href":"https:\/\/api.w.org\/{rel}","templated":true}]}}