{"id":500,"date":"2023-10-04T03:20:10","date_gmt":"2023-10-04T03:20:10","guid":{"rendered":"https:\/\/camaratravel.com\/?page_id=500"},"modified":"2023-11-10T05:14:53","modified_gmt":"2023-11-10T05:14:53","slug":"dubai-bali-y-ciudades-asiaticas","status":"publish","type":"page","link":"https:\/\/camaratravel.com\/?page_id=500","title":{"rendered":"Dub\u00e1i, Bali y Ciudades Asi\u00e1ticas"},"content":{"rendered":"\n<div class=\"wp-block-cover is-light\" style=\"padding-top:var(--wp--preset--spacing--80);padding-bottom:var(--wp--preset--spacing--80);min-height:50px;aspect-ratio:unset;\"><span aria-hidden=\"true\" class=\"wp-block-cover__background has-vivid-green-cyan-background-color has-background-dim-100 has-background-dim\"><\/span><div class=\"wp-block-cover__inner-container is-layout-flow wp-block-cover-is-layout-flow\">\n<p class=\"has-text-align-center has-large-font-size\"><\/p>\n<\/div><\/div>\n\n\n\n<p>MT-30181 Dub\u00e1i, Bali y Ciudades Asi\u00e1ticas<\/p>\n\n\n\n<p><strong>Ciudades Visitadas:<\/strong>&nbsp;Emiratos \u00c0rabes Unidos, Malasia, Indonesia, Singapur<\/p>\n\n\n\n<figure class=\"wp-block-image\"><img decoding=\"async\" src=\"https:\/\/one.cdnmega.com\/images\/viajes\/covers\/22-bali-y-ciudades-asiaticas-1024x575_64d296f0239d7.webp\" alt=\"\"\/><\/figure>\n\n\n\n<p><strong>Duraci\u00f3n:<\/strong>&nbsp;15 D\u00edas y 11 Noches<\/p>\n\n\n\n<p><strong>Desde:<\/strong>2199 USD + 999 Imp<\/p>\n\n\n\n<p><strong>Fecha(s) de salida:<\/strong><\/p>\n\n\n\n<h3 class=\"wp-block-heading\">Salidas para el a\u00f1o 2024<\/h3>\n\n\n\n<p>Enero: 31<br>Febrero: 14<br>Abril: 24<br>Mayo: 08<br>Junio: 12<\/p>\n\n\n\n<p><strong>Vigencia:<\/strong>&nbsp;Precios vigentes hasta el 12\/06\/2024<\/p>\n\n\n\n<p><strong>Aerolinea<\/strong><\/p>\n\n\n\n<h5 class=\"wp-block-heading\">INCLUYE VUELO<\/h5>\n\n\n\n<figure class=\"wp-block-image\"><img decoding=\"async\" src=\"https:\/\/one.cdnmega.com\/images\/aerolineas\/iata\/EK.png\" alt=\"Emirates\"\/><\/figure>\n\n\n\n<p>Itinerario<\/p>\n\n\n\n<p><strong>D\u00cdA 01&nbsp;M\u00c9XICO \u2708 DUB\u00c1I<\/strong><br>Cita en el aeropuerto de la Ciudad de M\u00e9xico para abordar vuelo con destino a Dub\u00e1i. Noche a bordo.<\/p>\n\n\n\n<p><strong>D\u00cdA 02&nbsp;BERCELONA \u2708<\/strong><br>Vuelo con escala t\u00e9cnica en Barcelona.<\/p>\n\n\n\n<p><strong>D\u00cdA 03&nbsp;DUB\u00c1I<\/strong><br>Llegada al Aeropuerto Internacional de Emiratos \u00c1rabes Unidos. Recepci\u00f3n y traslado al hotel. Alojamiento.<br>Desayuno. Sugerimos realizar la visita opcional (con costo adicional) \u201cDUB\u00c1I CL\u00c1SICO y MODERNO\u201d. Este recorrido le llevar\u00e1 hasta las magn\u00edficas vistas de la ensenada de Dub\u00e1i Creek, pasando por el \u00e1rea de patrimonio de Bastakiya y sus fascinantes casas antiguas con caracter\u00edsticas torres de viento construidas por ricos mercaderes. A continuaci\u00f3n, visitaremos la fortaleza de Al Fahidi de 225 a\u00f1os de antig\u00fcedad. Es aqu\u00ed donde el museo de Dub\u00e1i conserva valiosos archivos acerca del pasado de la ciudad, as\u00ed como cr\u00f3nicas de sus diferentes fases de desarrollo. Luego subir\u00e1n a bordo de un barco tradicional llamado \u201cabra\u201d para atravesar la ensenada y visitar el mercado de especias y el zoco del oro. Luego por la carretera de Jumeirah, vistas de la Mezquita de Jumeirah. Visita por la ciudad moderna a Marina donde podemos contemplar las viviendas m\u00e1s altas del mundo donde est\u00e1 el edificio espiral, luego continu\u00e1ramos a la palmera de Jumierah y parada enfrente del hotel Atlantis the Palm para sacar magnificas fotos, Luego Visita al Zoco de la cuidad de Jumierah que es un mercado con forma tradicional, Traslado y parada fotogr\u00e1fica enfrente del hotel Burj Al Arab el \u00fanico hotel 7 estrellas en el mundo, no se permite entrar sin reservaci\u00f3n, luego vivista a Emirates Mall donde est\u00e1 la pista del Ski (No incluye la entrada) Ski Emirates Mall es una espacio de aventura dentro del Mall y hay aparte de la pista de esqu\u00ed para los mayores, dispone de una zona especial para los m\u00e1s peque\u00f1os que es espectacular. Terminamos nuestro recorrido con entrada a Dubai Mall para ver y sacar fotos enfrente de Burj Khalifa el edificio m\u00e1s alto del mundo (NO incluye la entrada de Burj Khalifa), Regreso al Hotel. Por la noche visita opcional al (con costo adicional) BARCO DHOW CRUISE: salida para disfrutar de la experiencia de las vistas y sonidos de la cala de Dubai, navegando dos horas a bordo de un Dhow tradicional. Su viaje le llevara desde la desembocadura del arroyo, y a lo largo del mismo, hasta el iluminado Dub\u00e1i Creek Golf Club, que se asemeja a unas velas de barco. Cena buffet incluido. Regreso al hotel. &nbsp;Alojamiento.&nbsp;<\/p>\n\n\n\n<p><strong>D\u00cdA 04&nbsp;DUB\u00c1I<\/strong><br>Desayuno. Sugerimos la visita opcional (con costo adicional) SAFARI 4X4 SIN COMIDA: Los land los recoger\u00e1n para un excitante trayecto por las fant\u00e1sticas altas dunas, con posibilidad de realizar sandboard. Nos dirigiremos a nuestro campamento en el desierto donde tendremos la oportunidad de montar un camello. Por la noche traslado al aeropuerto para tomar vuelo con destino a Kuala Lumpur.<\/p>\n\n\n\n<p><strong>D\u00cdA 05&nbsp;DUB\u00c1I \u2708 KUALA LUMPUR&nbsp;<\/strong><br>Abordar vuelo con destino a Kuala Lumpur. Llegada al aeropuerto de Kuala Lumpur, asistencia y traslado al hotel. Alojamiento.<\/p>\n\n\n\n<p><strong>D\u00cdA 06&nbsp;KUALA LUMPUR&nbsp;<\/strong><br>Desayuno. D\u00eda libre. Alojamiento.<br>Sugerimos realizar la excursi\u00f3n opcional (con costo adicional) \u201cSUNWAY LAGOON\u201d es un divertido complejo familiar con atracciones y actividades aptas para todas las edades, sube a las monta\u00f1as rusas en el parque de atracciones.&nbsp;<\/p>\n\n\n\n<p><strong>D\u00cdA 07&nbsp;KUALA LUMPUR \ud83d\ude8c MALACCA \ud83d\ude8c KUALA LUMPUR<\/strong><br>Desayuno. Traslado a la ciudad hist\u00f3rica de Malacca. Visitas de la Porta de Santiago, las ruinas de la Iglesia de San Pablo, la Plaza Holandesa (Dutch Square), Stadthuys, la Iglesia de Cristo, la Torre del Reloj, la Fuente de la Reina Victoria y el Museo &#8220;Baba &amp; Nyonya&#8221;. Despu\u00e9s, paseo por la calle Jonker y almuerzo Peranakan. Se acaba el d\u00eda con un crucero por el r\u00edo Melaka para fotografiar el famoso pueblo Kampung Morten. Regreso a Kuala Lumpur. &nbsp;Alojamiento.&nbsp;<\/p>\n\n\n\n<p><strong>D\u00cdA 08&nbsp;KUALA LUMPUR \u2708 BALI<\/strong><br>Desayuno. Traslado al Aeropuerto Internacional de Kuala Lumpur, para tomar el vuelo con destino a Bali. Llegada al aeropuerto de Dempasar asistencia y traslado al hotel en Ubud. Alojamiento.&nbsp;<\/p>\n\n\n\n<p><strong>D\u00cdA 09 UBUD&nbsp;<\/strong><br>Desayuno. Excursi\u00f3n a los alrededores de Ubud. Visita del Palacio de Puri Saren Agung y el mercado. Paseo por el bosque de los monos sagrados y despu\u00e9s visita al museo ARMA para obtener una introducci\u00f3n al arte y la cultura balinesa. Por la tarde visita de la zona de Tegalalang y caminata por las terrazas de arroz. Alojamiento.<\/p>\n\n\n\n<p><strong>D\u00cdA 10 UBUD<\/strong><br>Desayuno. Excursi\u00f3n al centro de Bali. Visita del pueblo de Tampaksiring, el templo Gunung Kawi, una plantaci\u00f3n de caf\u00e9 y especias y el templo Tirta Empul, famoso por su agua sagrada. Contin\u00faa por el norte hasta llegar a Kintamani, una regi\u00f3n volc\u00e1nica en el Monte Batur con el lago Batur en forma de media luna. Por la tarde, visita de Penglipuran y el templo Kehen. Alojamiento.<\/p>\n\n\n\n<p><strong>D\u00cdA 11 UBUD \u2708 SINGAPUR<\/strong><br>Desayuno. Ma\u00f1ana libre para disfrutar de las instalaciones de su hotel y de la playa. Traslado al aeropuerto para abordar vuelo con destino a Singapur. Recepci\u00f3n y traslado al hotel. Alojamiento.<\/p>\n\n\n\n<p><strong>D\u00cdA&nbsp;12&nbsp;SINGAPUR<\/strong><br>Desayuno. Visita panor\u00e1mica de Singapur: el Centro Colonial, campo de cricket, el Parlamento, Tribunal Superior de Justicia, el Ayuntamiento y la estatua del Merlion, barrio chino, el templo budista Thian Hock Keng, mercado de artesan\u00eda local y al jard\u00edn de orqu\u00eddeas en el jard\u00edn Bot\u00e1nico de Singapur. Resto del d\u00eda libre. Alojamiento.&nbsp;<\/p>\n\n\n\n<p><strong>D\u00cdA 13&nbsp;SINGAPUR<\/strong><br>Desayuno. D\u00eda libre. Alojamiento.<\/p>\n\n\n\n<p><strong>D\u00cdA 14&nbsp;SINGAPUR \u2708 DUB\u00c1I&nbsp;<\/strong><br>Desayuno. A la hora indicada traslado al aeropuerto para tomar vuelo con destino a Dub\u00e1i&nbsp;<\/p>\n\n\n\n<p><strong>D\u00cdA 15&nbsp;DUB\u00c1I \u2708 M\u00c9XICO<\/strong><br>A la hora indicada abordar vuelo con destino a Ciudad de M\u00e9xico.<strong>&nbsp;&nbsp;&nbsp;&nbsp;&#8230;FIN DE NUESTROS SERVICIOS<\/strong><\/p>\n\n\n\n<p>Precios y Hoteles:<\/p>\n\n\n\n<figure class=\"wp-block-table\"><table><tbody><tr><td><strong>TRIPLE<\/strong><\/td><td><strong>DOBLE<\/strong><\/td><td><strong>SGL<\/strong><\/td><\/tr><tr><td>$ 2,199<\/td><td>$ 2,199<\/td><td>$ 2,999<\/td><\/tr><\/tbody><\/table><\/figure>\n\n\n\n<p><strong>IMPUESTOS Y SUPLEMENTOS<\/strong><\/p>\n\n\n\n<figure class=\"wp-block-table\"><table><tbody><tr><td>Impuestos a\u00e9reos<\/td><td>$ 999<\/td><\/tr><tr><td>Mayo: 08<br>Junio: 12<\/td><td>$ 399<\/td><\/tr><tr><td>Enero: 31<br>Febrero: 14<br>Abril: 24<\/td><td>$ 299<\/td><\/tr><\/tbody><\/table><\/figure>\n\n\n\n<p>\u2013 Precios indicados en USD, pagaderos en Moneda Nacional al tipo de cambio del d\u00eda.<br>\u2013 Los precios indicados en este itinerario son de car\u00e1cter informativo y deben ser confirmados para realizar su reservaci\u00f3n ya que est\u00e1n sujetos a modificaciones sin previo aviso.<\/p>\n\n\n\n<figure class=\"wp-block-table\"><table><tbody><tr><td colspan=\"4\"><strong>HOTELES PREVISTOS O SIMILARES<\/strong><\/td><\/tr><tr><td><strong>HOTEL<\/strong><\/td><td><strong>CIUDAD<\/strong><\/td><td><strong>TIPO<\/strong><\/td><td><strong>PA\u00cdS<\/strong><\/td><\/tr><tr><td>Donatello Hotel Al Barsha Dubai<\/td><td>Dub\u00e1i<\/td><td>Primera<\/td><td>Dub\u00e1i<\/td><\/tr><tr><td>Ibis kuala Lumpur City Center Hotel<\/td><td>Kuala Lumpur<\/td><td>Primera<\/td><td>Malasia<\/td><\/tr><tr><td>Ranada By Wyndham Bali Sunset \/ Ramana Encore by Wyndham Seminyak<\/td><td>Bali<\/td><td>Primera<\/td><td>Bali<\/td><\/tr><tr><td>Ibis Singapore Noveda<\/td><td>Singapur<\/td><td>Primera<\/td><td>Singapur<\/td><\/tr><tr><td colspan=\"4\">\u00c9sta es la relaci\u00f3n de los hoteles utilizados m\u00e1s frecuentemente en este circuito. Reflejada tan s\u00f3lo a efectos indicativos, pudiendo ser el pasajero alojado en establecimientos similares o alternativos<\/td><\/tr><\/tbody><\/table><\/figure>\n\n\n\n<p>El paquete incluye<\/p>\n\n\n\n<ul class=\"wp-block-list\">\n<li>Boleto de avi\u00f3n en viaje redondo M\u00e9xico \u2013 Dub\u00e1i \u2013 Kuala Lumpur- Sigapure \u2013 Dub\u00e1i &#8211; M\u00e9xico, en clase turista.<\/li>\n\n\n\n<li>Boletos de avi\u00f3n Kuala Lumpur \u2013 Bali \/ Bali \u2013 Singapure, en clase turista.<\/li>\n\n\n\n<li>2 noches de alojamiento en Dub\u00e1i.<\/li>\n\n\n\n<li>3 noches de alojamiento en Kuala.<\/li>\n\n\n\n<li>3 noches de alojamiento en Bali.<\/li>\n\n\n\n<li>3 noches de alojamiento en Singapur.<\/li>\n\n\n\n<li>R\u00e9gimen alimenticio indicado en el itinerario.<\/li>\n\n\n\n<li>Traslados indicados<\/li>\n\n\n\n<li>Visitas indicadas<\/li>\n\n\n\n<li>Gu\u00edas de habla hispana<\/li>\n\n\n\n<li>Autob\u00fas<\/li>\n<\/ul>\n\n\n\n<p>El paquete no incluye:<\/p>\n\n\n\n<ul class=\"wp-block-list\">\n<li>Gastos personales y extras en los hoteles.<\/li>\n\n\n\n<li>Ning\u00fan servicio no especificado como incluido o especificado como opcional.<\/li>\n\n\n\n<li>Propinas a gu\u00edas y choferes (Son obligatorias y se pagan directamente en destino):<\/li>\n\n\n\n<li>Propinas en Dub\u00e1i: 25 USD por persona. (Se paga directo en destino)<\/li>\n\n\n\n<li>Impuesto Turismo d\u00edrham en Dub\u00e1i: 5 USD por habitaci\u00f3n por noche. (Se paga directo en destino)<\/li>\n\n\n\n<li>Propinas en Malasia: 50 USD por persona<\/li>\n\n\n\n<li>Propinas en Bali: 50 USD por persona<\/li>\n\n\n\n<li>Propinas en Singapure: 50 USD por persona<\/li>\n\n\n\n<li>Ning\u00fan servicio no especificado como incluido o como opcional.<\/li>\n<\/ul>\n\n\n\n<p>Precios cotizados en d\u00f3lares americanos, pagaderos en Moneda Nacional al tipo de cambio del d\u00eda Los precios indicados son informativos y deben ser conformados antes de su compra ya que est\u00e1n sujetos a cambio sin previo aviso. Para obtener el costo exacto a pagar a tipo de cambio del d\u00eda, comun\u00edquese con nosotros. Consulte impuestos y suplementos<\/p>\n","protected":false},"excerpt":{"rendered":"<p>MT-30181 Dub\u00e1i, Bali y Ciudades Asi\u00e1ticas Ciudades Visitadas:&nbsp;Emiratos \u00c0rabes Unidos, Malasia, Indonesia, Singapur Duraci\u00f3n:&nbsp;15 D\u00edas y 11 Noches Desde:2199 USD + 999 Imp Fecha(s) de salida: Salidas para el a\u00f1o 2024 Enero: 31Febrero: 14Abril: 24Mayo: 08Junio: 12 Vigencia:&nbsp;Precios vigentes hasta el 12\/06\/2024 Aerolinea INCLUYE VUELO Itinerario D\u00cdA 01&nbsp;M\u00c9XICO \u2708 DUB\u00c1ICita en el aeropuerto de la [&hellip;]<\/p>\n","protected":false},"author":1,"featured_media":0,"parent":0,"menu_order":0,"comment_status":"closed","ping_status":"closed","template":"","meta":{"om_disable_all_campaigns":false,"_monsterinsights_skip_tracking":false,"_monsterinsights_sitenote_active":false,"_monsterinsights_sitenote_note":"","_monsterinsights_sitenote_category":0,"site-sidebar-layout":"default","site-content-layout":"","ast-site-content-layout":"default","site-content-style":"default","site-sidebar-style":"default","ast-global-header-display":"","ast-banner-title-visibility":"","ast-main-header-display":"","ast-hfb-above-header-display":"","ast-hfb-below-header-display":"","ast-hfb-mobile-header-display":"","site-post-title":"disabled","ast-breadcrumbs-content":"","ast-featured-img":"","footer-sml-layout":"","ast-disable-related-posts":"","theme-transparent-header-meta":"","adv-header-id-meta":"","stick-header-meta":"","header-above-stick-meta":"","header-main-stick-meta":"","header-below-stick-meta":"","astra-migrate-meta-layouts":"set","ast-page-background-enabled":"default","ast-page-background-meta":{"desktop":{"background-color":"","background-image":"","background-repeat":"repeat","background-position":"center center","background-size":"auto","background-attachment":"scroll","background-type":"","background-media":"","overlay-type":"","overlay-color":"","overlay-opacity":"","overlay-gradient":""},"tablet":{"background-color":"","background-image":"","background-repeat":"repeat","background-position":"center center","background-size":"auto","background-attachment":"scroll","background-type":"","background-media":"","overlay-type":"","overlay-color":"","overlay-opacity":"","overlay-gradient":""},"mobile":{"background-color":"","background-image":"","background-repeat":"repeat","background-position":"center center","background-size":"auto","background-attachment":"scroll","background-type":"","background-media":"","overlay-type":"","overlay-color":"","overlay-opacity":"","overlay-gradient":""}},"ast-content-background-meta":{"desktop":{"background-color":"var(--ast-global-color-5)","background-image":"","background-repeat":"repeat","background-position":"center center","background-size":"auto","background-attachment":"scroll","background-type":"","background-media":"","overlay-type":"","overlay-color":"","overlay-opacity":"","overlay-gradient":""},"tablet":{"background-color":"var(--ast-global-color-5)","background-image":"","background-repeat":"repeat","background-position":"center center","background-size":"auto","background-attachment":"scroll","background-type":"","background-media":"","overlay-type":"","overlay-color":"","overlay-opacity":"","overlay-gradient":""},"mobile":{"background-color":"var(--ast-global-color-5)","background-image":"","background-repeat":"repeat","background-position":"center center","background-size":"auto","background-attachment":"scroll","background-type":"","background-media":"","overlay-type":"","overlay-color":"","overlay-opacity":"","overlay-gradient":""}},"footnotes":""},"class_list":["post-500","page","type-page","status-publish","hentry"],"aioseo_notices":[],"_links":{"self":[{"href":"https:\/\/camaratravel.com\/index.php?rest_route=\/wp\/v2\/pages\/500","targetHints":{"allow":["GET"]}}],"collection":[{"href":"https:\/\/camaratravel.com\/index.php?rest_route=\/wp\/v2\/pages"}],"about":[{"href":"https:\/\/camaratravel.com\/index.php?rest_route=\/wp\/v2\/types\/page"}],"author":[{"embeddable":true,"href":"https:\/\/camaratravel.com\/index.php?rest_route=\/wp\/v2\/users\/1"}],"replies":[{"embeddable":true,"href":"https:\/\/camaratravel.com\/index.php?rest_route=%2Fwp%2Fv2%2Fcomments&post=500"}],"version-history":[{"count":3,"href":"https:\/\/camaratravel.com\/index.php?rest_route=\/wp\/v2\/pages\/500\/revisions"}],"predecessor-version":[{"id":1692,"href":"https:\/\/camaratravel.com\/index.php?rest_route=\/wp\/v2\/pages\/500\/revisions\/1692"}],"wp:attachment":[{"href":"https:\/\/camaratravel.com\/index.php?rest_route=%2Fwp%2Fv2%2Fmedia&parent=500"}],"curies":[{"name":"wp","href":"https:\/\/api.w.org\/{rel}","templated":true}]}}