{"id":492,"date":"2023-10-04T00:39:04","date_gmt":"2023-10-04T00:39:04","guid":{"rendered":"https:\/\/camaratravel.com\/?page_id=492"},"modified":"2023-11-02T21:39:50","modified_gmt":"2023-11-02T21:39:50","slug":"mega-japon","status":"publish","type":"page","link":"https:\/\/camaratravel.com\/?page_id=492","title":{"rendered":"Mega Jap\u00f3n"},"content":{"rendered":"\n<div class=\"wp-block-cover is-light\" style=\"padding-top:var(--wp--preset--spacing--80);padding-bottom:var(--wp--preset--spacing--80);min-height:50px;aspect-ratio:unset;\"><span aria-hidden=\"true\" class=\"wp-block-cover__background has-vivid-green-cyan-background-color has-background-dim-100 has-background-dim\"><\/span><div class=\"wp-block-cover__inner-container is-layout-flow wp-block-cover-is-layout-flow\">\n<p class=\"has-text-align-center has-large-font-size\"><\/p>\n<\/div><\/div>\n\n\n\n<figure class=\"wp-block-image\"><img decoding=\"async\" src=\"https:\/\/one.cdnmega.com\/images\/viajes\/covers\/34-mega-japon-nuevo-1024x575_64f217d2db737.webp\" alt=\"\"\/><\/figure>\n\n\n\n<p>MT-30025 Mega Jap\u00f3n<\/p>\n\n\n\n<p><strong>Ciudades Visitadas:<\/strong>&nbsp;Japon<\/p>\n\n\n\n<p><strong>Duraci\u00f3n:<\/strong>&nbsp;8 D\u00edas y 6 Noches<\/p>\n\n\n\n<p><strong>Desde:<\/strong>1699 USD + 949 Imp<\/p>\n\n\n\n<p><strong>Fecha(s) de salida:<\/strong><\/p>\n\n\n\n<p><br>Diciembre: 03, 06, 07, 10<\/p>\n\n\n\n<h3 class=\"wp-block-heading\">Salidas para el a\u00f1o 2024<\/h3>\n\n\n\n<p>Enero: 07, 09, 14, 16, 21, 28, 31<br>Febrero: 04, 05, 11, 13, 14, 17, 23, 29<br>Marzo: 04, 07, 11<br>Abril: 03, 08, 10, 11, 15, 17, 24, 27, 30<br>Mayo: 06, 08, 13, 15, 20, 27, 29<br>Junio: 03, 05, 10, 12, 17, 19, 24, 26<\/p>\n\n\n\n<p><strong>Vigencia:<\/strong>&nbsp;Precios vigentes hasta el 11\/12\/2023<\/p>\n\n\n\n<p><strong>Aerolinea<\/strong><\/p>\n\n\n\n<h5 class=\"wp-block-heading\">INCLUYE VUELO<\/h5>\n\n\n\n<figure class=\"wp-block-image\"><img decoding=\"async\" src=\"https:\/\/one.cdnmega.com\/images\/aerolineas\/iata\/AM.png\" alt=\"Aeromexico\"\/><\/figure>\n\n\n\n<p><a href=\"http:\/\/leafletjs.com\/\">Leaflet<\/a><\/p>\n\n\n\n<p>Itinerario<\/p>\n\n\n\n<p><strong>CONSULTE ITINERARIO DE ACUERDO A LA FECHA DE SALIDA<\/strong><\/p>\n\n\n\n<p><strong>D\u00cdA 01 M\u00c9XICO \u2708 NARITA<\/strong><br>Cita en el aeropuerto de la Ciudad de M\u00e9xico para abordar vuelo con destino a Narita.&nbsp;Noche a bordo.<\/p>\n\n\n\n<p><strong>D\u00cdA 02 NARITA \ud83d\ude8c TOKIO<\/strong><br>Llegada al aeropuerto internacional de Narita y despu\u00e9s de los tramites de inmigraci\u00f3n y aduana, se encontrar\u00e1 con nuestro gu\u00eda de habla espa\u00f1ola, quien le asistir\u00e1 para abordar autob\u00fas para visitar (aud\u00edfonos disponibles durante las visitas):<\/p>\n\n\n\n<ul class=\"wp-block-list\">\n<li><strong>Barrio de Asakusa:&nbsp;<\/strong>visitaremos el templo budista Sensoji, cuya historia se remonta al a\u00f1o 628 y es el templo m\u00e1s antiguo en Tokio. Desde la puerta de entrada al templo se extiende la arcada comercial de 250 metros, una de las calles comerciales m\u00e1s antiguas de todo Jap\u00f3n que se desarroll\u00f3 en el periodo de Edo y se encuentra una gran cantidad de tiendas de souvenirs tradicionales.<\/li>\n\n\n\n<li><strong>Barrio de Shibuya:&nbsp;<\/strong>es uno de los barrios de moda y entretenimiento m\u00e1s populares de Tokyo por sus grandes centros comerciales y las innumerables tiendas con carteles luminosos. El barrio se conoce por el cruce de Shibuya con 5 direcciones, el m\u00e1s popular del mundo. En la plaza frente a la estaci\u00f3n, se encuentra la estatua del famoso perro Hachiko que se convirti\u00f3 en un s\u00edmbolo de lealtad.<\/li>\n\n\n\n<li><strong>Santuario Meiji:&nbsp;<\/strong>&nbsp;El Santuario de Meiji termin\u00f3 de construirse a principios del siglo 20, dedicado al primer emperador de Jap\u00f3n moderno, el Emperador Meiji y su esposa, la Emperatriz Shoken. El santuario est\u00e1 rodeado de un bosque de m\u00e1s de 100 mil \u00e1rboles de diferentes especies.<\/li>\n\n\n\n<li><strong>Barrio Harajuku:<\/strong>&nbsp;Es el barrio de la moda juvenil m\u00e1s conocido en Jap\u00f3n. En la calle peatonal Takeshita Dori se encuentran muchas tiendas de ropa, productos cosm\u00e9ticos, idols (estrellas de m\u00fasica pop) etc. Los fines de semana se suelen ver a las j\u00f3venes vestidas al estilo Lolita.<\/li>\n\n\n\n<li><strong>Templo Sensoji:&nbsp;<\/strong>Es el templo m\u00e1s antiguo de Tokio y uno de los m\u00e1s importantes. Est\u00e1 asociado a la secta budista Tendai, de la que se independiz\u00f3 despu\u00e9s de la Segunda Guerra Mundial. Alojamiento<\/li>\n<\/ul>\n\n\n\n<p><strong>D\u00cdA 03 TOKIO<\/strong><br>Desayuno. Dia libre para actividades personales. Alojamiento.<br>Sugerimos realizar visita opcional (no incluida con costo adicional) \u201cKAMAKURA\u201d donde visitaremos:<\/p>\n\n\n\n<ul class=\"wp-block-list\">\n<li><strong>Templo Hase Kannon:<\/strong>&nbsp;Uno de los templos m\u00e1s importantes de Kamakura. La figura principal del templo es la deidad budista Kannon de 11 caras; con 9,18 metros de altura, la cual est\u00e1 considerada como la estatua budista realizada en madera de mayor tama\u00f1o de Jap\u00f3n. En la explanada donde se encuentra el pabell\u00f3n de Kannon, se eleva un mirador con vistas a la costa de Kamakura.<\/li>\n\n\n\n<li><strong>El Gran Buda del Bronce: &nbsp;<\/strong>El Gran Buda de Kamakura es una estatua de bronce de 13,35 metros de altura situada al aire libre en el templo budista Kotoku-In.<\/li>\n\n\n\n<li><strong>Santuario Tsuruoka Hachimangu:<\/strong>&nbsp;Es un santuario simb\u00f3lico en Kamakura y fue originalmente fundado a principios del siglo 11 para ser dedicado a Hachiman, la deidad guardiana del clan de los Genji (Minamoto).<\/li>\n\n\n\n<li><strong>Calle Komachi:&nbsp;<\/strong>Es una calle popular llena de atractivas tiendas, restaurantes y puestos de comida de la callejera.<\/li>\n<\/ul>\n\n\n\n<p><strong>D\u00cdA 04 TOKIO \ud83d\ude84 KIOTO<\/strong><br>Desayuno. Reuni\u00f3n en el Lobby con gu\u00eda de habla espa\u00f1ola para abordar autob\u00fas a la estaci\u00f3n de tren y abordar el tren bala Nozomi con destino a Kioto, llegada a la estaci\u00f3n y recepci\u00f3n por gu\u00eda de habla espa\u00f1ola para abordar autob\u00fas y realizar las siguientes visitas: (aud\u00edfonos disponibles durante las visitas):<\/p>\n\n\n\n<ul class=\"wp-block-list\">\n<li><strong>Templo Todaji:&nbsp;<\/strong>Se construy\u00f3 originalmente a principios del siglo 8 y es el templo de madera m\u00e1s grande del mundo, el cual alberga una estatua del gran buda que mide 15 metros de altura. Est\u00e1 ubicado en el Parque Nacional de Nara donde se encuentran m\u00e1s de mil ciervos en libertad, considerados como mensajeros de los dioses.<\/li>\n\n\n\n<li><strong>Santuario Fushimi Inari:<\/strong>&nbsp;Es uno de los santuarios sinto\u00edstas m\u00e1s antiguos, ya que existe desde el siglo 8. Al esp\u00edritu de Inari se le considera como protector de las cosechas, especialmente de arroz, y en consecuencia hist\u00f3ricamente se asocia con la riqueza. Por esta raz\u00f3n, las empresas y particulares han donado la puerta sagrada Torii de color rojo, deseando tener un buen futuro econ\u00f3mico. El santuario se convirti\u00f3 en un lugar m\u00e1s famoso por los miles de Torii que encontramos uno detr\u00e1s de otro, por sus 4 kil\u00f3metros de caminos. Traslado al hotel. Alojamiento<\/li>\n<\/ul>\n\n\n\n<p><small><strong>Nota: Los pasajeros dejan sus maletas grandes en el hotel de Tokyo y viajan a Kyoto con equipaje de mano para 3 noches.<\/strong><\/small><\/p>\n\n\n\n<p><strong>D\u00cdA 05 KIOTO<\/strong><br>Desayuno. Dia libre. Alojamiento.&nbsp;<br>Sugerimos realizar la siguiente visita opcional (no incluida \u2013 con costo adicional) \u201cMEDIO DIA DE KYOTO\u201d: Donde conoceremos<\/p>\n\n\n\n<ul class=\"wp-block-list\">\n<li><strong>Pabell\u00f3n Dorado (Kinkakuji):&nbsp;<\/strong>Es el templo budista m\u00e1s emblem\u00e1tico de Kyoto. Su particularidad es que tiene las paredes exteriores de las dos plantas superiores recubiertas con pan de oro. Los m\u00e1gicos reflejos de su dorado recubrimiento en un impresionante estanque y la belleza de su escenario natural son los elementos atractivos que le han dado fama mundial.<\/li>\n\n\n\n<li><strong>Templo Kiyomizu:<\/strong>&nbsp;Se ubica en lo alto de una peque\u00f1a monta\u00f1a del este de Kyoto y ofrece unas vistas espectaculares de la ciudad. El enorme balc\u00f3n de madera del templo es una de las im\u00e1genes m\u00e1s conocidas de Jap\u00f3n. Se puede disfrutar del paseo en la calle comercial que conduce al templo donde hay numerosas tiendas de souvenirs tradicionales, as\u00ed como puestos de comida y dulces.<\/li>\n\n\n\n<li><strong>Barrio Gion:<\/strong>&nbsp;Visitaremos el Barrio Gion en el coraz\u00f3n de la ciudad de Kyoto, la cual fue la capital imperial de Jap\u00f3n m\u00e1s de mil a\u00f1os y se conserva el ambiente tradicional. Gion es el barrio de geishas m\u00e1s conocido de todo Jap\u00f3n donde se encuentran muchas casas antiguas de madera en los callejones. Traslado al hotel. Alojamiento<\/li>\n<\/ul>\n\n\n\n<p>Por la tarde sugerimos visita opcional 2 (no incluida &#8211; con costo adicional) \u201cOSAKA\u201d: Visitaremos el castillo de Osaka, es el monumento m\u00e1s destacado de Osaka, cuya historia se remonta a finales del siglo 16. Hoy en d\u00eda, el museo del interior documenta su riqueza hist\u00f3rica, y el parque circundante y la zona verde son ideales para pasear y relajarse.; el Barrio Shinsekal: Literalmente &#8220;Nuevo Mundo&#8221;, es un distrito situado al sur de Osaka y actuaalmente es un barrio envuelto en una atmosfera retro y nostalgica. Las calles con neones y las fachadas de los restaurantes con decoraciones bizarras transportan a los visitantes a una epoca antigua y el barrio Dotonbori: El distrito de Dotonbori se encuentra junto a un canal que tiene 400 a\u00f1os y es el barrio m\u00e1s popular en Osaka por sus neones, decoraciones en las fachadas de sus mil restaurantes de todo tipo y puestos de comida local.<\/p>\n\n\n\n<p><strong>D\u00cdA 06 KIOTO<\/strong><br>Desayuno. D\u00eda libre. Alojamiento<br>Sugerimos realizar visita opcional 1 (no incluida con costo adicional) \u201cHIROSHIMA\u201d Visitaremos el Parque Conmemorativo de la Paz, construido en 1954, est\u00e1 dedicado al legado de Hiroshima como la primera ciudad en sufrir un ataque nuclear en 1945 durante la segunda guerra mundial y a la memoria de todas las v\u00edctimas de la bomba. El monumento m\u00e1s conocido es la C\u00fapula de la Bomba At\u00f3mica. La historia se cuenta detalladamente en el Museo de la Paz. A corta distancia en ferri desde el continente de Hiroshima, est\u00e1 ubicada la isla Miyajima. En la isla se encuentra el maravilloso Santuario Itsukushima con su enorme puerta sagrada Torii de madera rojo y se ve como si flotara en el agua cuando sube la marea.&nbsp;(Esta se encuentra en restauraci\u00f3n sin fecha prevista de su finalizaci\u00f3n).<\/p>\n\n\n\n<p><strong>D\u00cdA 07 KIOTO \ud83d\ude84 TOKIO<\/strong><br>Desayuno. Reuni\u00f3n en el Lobby y salida a la estaci\u00f3n de trenes en autob\u00fas acompa\u00f1ados de gu\u00eda de habla espa\u00f1ola para abordar tren bala Nozomi con destino a Tokio, a la llegada recepci\u00f3n por gu\u00eda de habla espa\u00f1ola y traslado al hotel. Alojamiento.<\/p>\n\n\n\n<p><small><strong>Nota: Maletas grandes\/pesadas ser\u00e1n transportadas aparte de Kioto al hotel en Tokio.<\/strong><\/small><\/p>\n\n\n\n<p><strong>D\u00cdA 08 TOKIO \ud83d\ude8c NARITA \u2708 M\u00c9XICO<\/strong><br>Desayuno. A la hora prevista traslado el aeropuerto de Narita para salida en vuelo con destino a la Ciudad de M\u00e9xico.<strong>&nbsp;&nbsp;&nbsp;&nbsp;&#8230;FIN DE NUESTROS SERVICIOS<\/strong><\/p>\n\n\n\n<p>Precios y Hoteles:<\/p>\n\n\n\n<figure class=\"wp-block-table\"><table><tbody><tr><td><strong>DOBLE<\/strong><\/td><td><strong>SGL<\/strong><\/td><\/tr><tr><td>$1,699<\/td><td>$ 2,199<\/td><\/tr><\/tbody><\/table><\/figure>\n\n\n\n<p><strong>IMPUESTOS Y SUPLEMENTOS<\/strong><\/p>\n\n\n\n<figure class=\"wp-block-table\"><table><tbody><tr><td colspan=\"2\"><strong>SALIDAS 2023<\/strong><\/td><\/tr><tr><td>Impuestos a\u00e9reos<\/td><td>$ 949<\/td><\/tr><tr><td>Diciembre: 03, 10<\/td><td>$ 249<\/td><\/tr><tr><td>Diciembre: 06, 07<\/td><td>$ 259<\/td><\/tr><tr><td colspan=\"2\"><strong>SALIDAS 2024<\/strong><\/td><\/tr><tr><td>Impuestos a\u00e9reos<\/td><td>$999<\/td><\/tr><tr><td>Enero:&nbsp;07, 09,&nbsp;14, 16,&nbsp;21, 28<\/td><td>$ 99<\/td><\/tr><tr><td>Enero: 31<br>Febrero: 04, 05,&nbsp;11,&nbsp;13,&nbsp;14,&nbsp;23<br>Marzo: 11<br>Abril: 15, 17<br>Mayo: 06, 08, 13, 15, 20<\/td><td>$ 199<\/td><\/tr><tr><td>Febrero: 05, 17, 29&nbsp;<br>Marzo: 04, 07, 11<br>Abril: 03, 08, 10, 11, 15, 24<br>Mayo: 27, 29<br>Junio: 03, 05, 10, 12, 17, 19, 24, 26<\/td><td>$ 299<\/td><\/tr><tr><td>Abril: 27, 30<\/td><td>$ 399<\/td><\/tr><\/tbody><\/table><\/figure>\n\n\n\n<p>\u2013 Precios indicados en USD, pagaderos en Moneda Nacional al tipo de cambio del d\u00eda.<br>\u2013 Los precios cambian constantemente, as\u00ed que te sugerimos la verificaci\u00f3n de estos, y no utilizar este documento como definitivo.<\/p>\n\n\n\n<figure class=\"wp-block-table\"><table><thead><tr><td colspan=\"4\"><strong>HOTELES PREVISTOS O SIMILARES<\/strong><\/td><\/tr><tr><td><strong>HOTEL<\/strong><\/td><td><strong>CIUDAD<\/strong><\/td><td><strong>TIPO<\/strong><\/td><td><strong>PA\u00cdS<\/strong><\/td><\/tr><\/thead><tbody><tr><td>Daiwa Roynet Tokyo Ariake<\/td><td>Tokio<\/td><td>Turista<\/td><td>Jap\u00f3n<\/td><\/tr><tr><td>Mercure Kyoto Station<\/td><td>Kioto<\/td><td>Turista<\/td><td>Jap\u00f3n<\/td><\/tr><tr><td colspan=\"4\">\u00c9sta es la relaci\u00f3n de los hoteles utilizados m\u00e1s frecuentemente en este circuito. Reflejada tan s\u00f3lo a efectos indicativos, pudiendo ser el pasajero alojado en establecimientos similares o alternativos<\/td><\/tr><\/tbody><\/table><\/figure>\n\n\n\n<p>El paquete incluye<\/p>\n\n\n\n<ul class=\"wp-block-list\">\n<li>Boleto de avi\u00f3n en viaje redondo M\u00e9xico \u2013 Tokio \u2013 M\u00e9xico, en clase turista.<\/li>\n\n\n\n<li>Boleto de tren bala Nozomi clase turista Tokio-Kioto \/ Kioto- Tokio<\/li>\n\n\n\n<li>03 noches de alojamiento en Tokio.<\/li>\n\n\n\n<li>03 noches de alojamiento en Kioto.<\/li>\n\n\n\n<li>Traslados indicados<\/li>\n\n\n\n<li>Visitas indicadas<\/li>\n\n\n\n<li>Gu\u00edas de habla hispana<\/li>\n\n\n\n<li>Autocar con aire acondicionado.<\/li>\n<\/ul>\n\n\n\n<p>El paquete no incluye:<\/p>\n\n\n\n<ul class=\"wp-block-list\">\n<li>Gastos personales y extras en los hoteles.<\/li>\n\n\n\n<li>Bebidas<\/li>\n\n\n\n<li>Propinas Jap\u00f3n: 50 USD por persona.<\/li>\n\n\n\n<li>Propinas para maleteros, camaristas, meseros, etc.<\/li>\n\n\n\n<li>Gastos extras en los hoteles como llamadas telef\u00f3nicas, lavander\u00eda, etc.<\/li>\n\n\n\n<li>Fee de c\u00e1maras en los monumentos<\/li>\n\n\n\n<li>Ning\u00fan servicio no especificado como incluido o especificado como opcional.<\/li>\n\n\n\n<li>Impuestos a\u00e9reos por persona<\/li>\n<\/ul>\n\n\n\n<p>Precios cotizados en d\u00f3lares americanos, pagaderos en Moneda Nacional al tipo de cambio del d\u00eda Los precios indicados son informativos y deben ser conformados antes de su compra ya que est\u00e1n sujetos a cambio sin previo aviso. Para obtener el costo exacto a pagar a tipo de cambio del d\u00eda, comun\u00edquese con nosotros. Consulte impuestos y suplementos<\/p>\n","protected":false},"excerpt":{"rendered":"<p>MT-30025 Mega Jap\u00f3n Ciudades Visitadas:&nbsp;Japon Duraci\u00f3n:&nbsp;8 D\u00edas y 6 Noches Desde:1699 USD + 949 Imp Fecha(s) de salida: Diciembre: 03, 06, 07, 10 Salidas para el a\u00f1o 2024 Enero: 07, 09, 14, 16, 21, 28, 31Febrero: 04, 05, 11, 13, 14, 17, 23, 29Marzo: 04, 07, 11Abril: 03, 08, 10, 11, 15, 17, 24, 27, [&hellip;]<\/p>\n","protected":false},"author":1,"featured_media":0,"parent":0,"menu_order":0,"comment_status":"closed","ping_status":"closed","template":"","meta":{"om_disable_all_campaigns":false,"_monsterinsights_skip_tracking":false,"_monsterinsights_sitenote_active":false,"_monsterinsights_sitenote_note":"","_monsterinsights_sitenote_category":0,"site-sidebar-layout":"default","site-content-layout":"","ast-site-content-layout":"default","site-content-style":"default","site-sidebar-style":"default","ast-global-header-display":"","ast-banner-title-visibility":"","ast-main-header-display":"","ast-hfb-above-header-display":"","ast-hfb-below-header-display":"","ast-hfb-mobile-header-display":"","site-post-title":"disabled","ast-breadcrumbs-content":"","ast-featured-img":"","footer-sml-layout":"","ast-disable-related-posts":"","theme-transparent-header-meta":"","adv-header-id-meta":"","stick-header-meta":"","header-above-stick-meta":"","header-main-stick-meta":"","header-below-stick-meta":"","astra-migrate-meta-layouts":"set","ast-page-background-enabled":"default","ast-page-background-meta":{"desktop":{"background-color":"","background-image":"","background-repeat":"repeat","background-position":"center center","background-size":"auto","background-attachment":"scroll","background-type":"","background-media":"","overlay-type":"","overlay-color":"","overlay-opacity":"","overlay-gradient":""},"tablet":{"background-color":"","background-image":"","background-repeat":"repeat","background-position":"center center","background-size":"auto","background-attachment":"scroll","background-type":"","background-media":"","overlay-type":"","overlay-color":"","overlay-opacity":"","overlay-gradient":""},"mobile":{"background-color":"","background-image":"","background-repeat":"repeat","background-position":"center center","background-size":"auto","background-attachment":"scroll","background-type":"","background-media":"","overlay-type":"","overlay-color":"","overlay-opacity":"","overlay-gradient":""}},"ast-content-background-meta":{"desktop":{"background-color":"var(--ast-global-color-5)","background-image":"","background-repeat":"repeat","background-position":"center center","background-size":"auto","background-attachment":"scroll","background-type":"","background-media":"","overlay-type":"","overlay-color":"","overlay-opacity":"","overlay-gradient":""},"tablet":{"background-color":"var(--ast-global-color-5)","background-image":"","background-repeat":"repeat","background-position":"center center","background-size":"auto","background-attachment":"scroll","background-type":"","background-media":"","overlay-type":"","overlay-color":"","overlay-opacity":"","overlay-gradient":""},"mobile":{"background-color":"var(--ast-global-color-5)","background-image":"","background-repeat":"repeat","background-position":"center center","background-size":"auto","background-attachment":"scroll","background-type":"","background-media":"","overlay-type":"","overlay-color":"","overlay-opacity":"","overlay-gradient":""}},"footnotes":""},"class_list":["post-492","page","type-page","status-publish","hentry"],"aioseo_notices":[],"_links":{"self":[{"href":"https:\/\/camaratravel.com\/index.php?rest_route=\/wp\/v2\/pages\/492","targetHints":{"allow":["GET"]}}],"collection":[{"href":"https:\/\/camaratravel.com\/index.php?rest_route=\/wp\/v2\/pages"}],"about":[{"href":"https:\/\/camaratravel.com\/index.php?rest_route=\/wp\/v2\/types\/page"}],"author":[{"embeddable":true,"href":"https:\/\/camaratravel.com\/index.php?rest_route=\/wp\/v2\/users\/1"}],"replies":[{"embeddable":true,"href":"https:\/\/camaratravel.com\/index.php?rest_route=%2Fwp%2Fv2%2Fcomments&post=492"}],"version-history":[{"count":3,"href":"https:\/\/camaratravel.com\/index.php?rest_route=\/wp\/v2\/pages\/492\/revisions"}],"predecessor-version":[{"id":1616,"href":"https:\/\/camaratravel.com\/index.php?rest_route=\/wp\/v2\/pages\/492\/revisions\/1616"}],"wp:attachment":[{"href":"https:\/\/camaratravel.com\/index.php?rest_route=%2Fwp%2Fv2%2Fmedia&parent=492"}],"curies":[{"name":"wp","href":"https:\/\/api.w.org\/{rel}","templated":true}]}}