{"id":488,"date":"2023-10-04T00:26:51","date_gmt":"2023-10-04T00:26:51","guid":{"rendered":"https:\/\/camaratravel.com\/?page_id=488"},"modified":"2023-11-02T20:09:03","modified_gmt":"2023-11-02T20:09:03","slug":"descubriendo-kenia-tanzania","status":"publish","type":"page","link":"https:\/\/camaratravel.com\/?page_id=488","title":{"rendered":"Descubriendo Kenia + Tanzania"},"content":{"rendered":"\n<div class=\"wp-block-cover is-light\" style=\"padding-top:var(--wp--preset--spacing--80);padding-bottom:var(--wp--preset--spacing--80);min-height:50px;aspect-ratio:unset;\"><span aria-hidden=\"true\" class=\"wp-block-cover__background has-vivid-green-cyan-background-color has-background-dim-100 has-background-dim\"><\/span><div class=\"wp-block-cover__inner-container is-layout-flow wp-block-cover-is-layout-flow\">\n<p class=\"has-text-align-center has-large-font-size\"><\/p>\n<\/div><\/div>\n\n\n\n<figure class=\"wp-block-image\"><img decoding=\"async\" src=\"https:\/\/one.cdnmega.com\/images\/viajes\/covers\/descubriendo-kenia-tanzania-1024x575_646f877b685bd.webp\" alt=\"\"\/><\/figure>\n\n\n\n<p>MT-32059 Descubriendo Kenia + Tanzania<\/p>\n\n\n\n<p><strong>Ciudades Visitadas:<\/strong>&nbsp;Kenia, Tanzania<\/p>\n\n\n\n<p><strong>Duraci\u00f3n:<\/strong>&nbsp;16 D\u00edas y 12 Noches<\/p>\n\n\n\n<p><strong>Desde:<\/strong>7899 USD + 999 Imp<\/p>\n\n\n\n<p><strong>Fecha(s) de salida:<\/strong><\/p>\n\n\n\n<p><br>S\u00e1bados (Salida garantizada a partir de 2 pasajeros)<\/p>\n\n\n\n<p><strong>Vigencia:<\/strong>&nbsp;Precios vigentes hasta el 31\/12\/2023<\/p>\n\n\n\n<p><strong>Aerolinea<\/strong><\/p>\n\n\n\n<h5 class=\"wp-block-heading\">INCLUYE VUELO<\/h5>\n\n\n\n<figure class=\"wp-block-image\"><img decoding=\"async\" src=\"https:\/\/one.cdnmega.com\/images\/aerolineas\/iata\/TK.png\" alt=\"Turkish Airlines\"\/><\/figure>\n\n\n\n<p><a href=\"https:\/\/www.megatravel.com.mx\/tools\/circuito.php?domi=&amp;domiviaja=&amp;viaje=32059&amp;txtColor=&amp;thBG=666666&amp;thTxColor=CCCCCC&amp;ff=1#\">+<\/a><a href=\"https:\/\/www.megatravel.com.mx\/tools\/circuito.php?domi=&amp;domiviaja=&amp;viaje=32059&amp;txtColor=&amp;thBG=666666&amp;thTxColor=CCCCCC&amp;ff=1#\">\u2212<\/a><\/p>\n\n\n\n<p><a href=\"http:\/\/leafletjs.com\/\">Leaflet<\/a><\/p>\n\n\n\n<p>Itinerario<\/p>\n\n\n\n<p><strong>D\u00cdA 01 M\u00c9XICO \u2708 ESTAMBUL&nbsp;<\/strong><br>Cita en el aeropuerto de la Ciudad de M\u00e9xico para abordar vuelo con destino a Nairobi. V\u00eda Canc\u00fan. Noche a bordo.<\/p>\n\n\n\n<p><strong>D\u00cdA&nbsp;02&nbsp; ESTAMBUL\u2708 NAIROBI<\/strong><br>Llegada a Estambul y tiempo de espera. Los pasajeros permanecer\u00e1n en tr\u00e1nsito mientras esperan para tomar el siguiente vuelo con destino a Nairobi.&nbsp;<\/p>\n\n\n\n<p><strong>D\u00cdA&nbsp;03 NAIROBI&nbsp;<\/strong><br>Llegada al aeropuerto internacional y traslado al hotel respectivo. El uso de la habitaci\u00f3n no esta garantizado antes de mediod\u00eda. Resto del d\u00eda libre. Salida a las 19.00 hrs. para cena en el restaurante Carnivore. Alojamiento.<\/p>\n\n\n\n<p><strong>D\u00cdA 04&nbsp; NAIROBI \u2013 SAMBURU \/ SHABA &nbsp;&nbsp;<\/strong><br>Desayuno. Salida temprano hacia la Reserva Nacional de Samburu \/ Shaba v\u00eda Karatina y cruzando el ecuador en Nanyuki. Almuerzo en el lodge. Por la tarde, salida de safari por el parque. Cena y alojamiento. &nbsp;<\/p>\n\n\n\n<p><strong>D\u00cdA&nbsp;05&nbsp;SAMBURU \/ SHABA &#8211; &nbsp;MONTES ABERDARE&nbsp;<\/strong><br>Safari al amanecer. &nbsp;Salida hacia Nyeri. Almuerzo en el Aberdare country club. Por la tarde subida en los veh\u00edculos del hotel al Parque Nacional de Aberdare al Ark. Cena y Alojamiento<\/p>\n\n\n\n<p><strong>D\u00cdA&nbsp;06 &nbsp;MONTES ABERDARE \u2013 LAGO NAKURU &nbsp;&nbsp;<\/strong><br>Desayuno y salida hacia el Parque Nacional del Lago Nakuru para almuerzo en el Lodge. Safari por la tarde. Cena y Alojamiento.&nbsp;<\/p>\n\n\n\n<p><strong>D\u00cdA&nbsp;07&nbsp;LAGO NAKURU \u2013 MAASAI MARA&nbsp;<\/strong><br>Desayuno. &nbsp;Salida a la Reserva Nacional de Maasai Mara, v\u00eda Narok, para llegar a almorzar. Safari por la tarde. Cena y Alojamiento.&nbsp;<\/p>\n\n\n\n<p><strong>D\u00cdA&nbsp;08 MAASAI MARA<\/strong>&nbsp;<br>Salida de safari, una por la ma\u00f1ana y otra por la tarde, por la reserva. &nbsp;Pensi\u00f3n completa<\/p>\n\n\n\n<p><strong>D\u00cdA&nbsp;09 MAASAI MARA \u2013 NAIROBI &nbsp;<\/strong><br>Despu\u00e9s del desayuno salida hacia Nairobi. Llegada alrededor de mediod\u00eda (almuerzo NO incluido). Resto del d\u00eda libre para realizar actividades (pago directo). &nbsp;Almuerzo y cena no incluidos y Alojamiento.&nbsp;<\/p>\n\n\n\n<p><strong>D\u00cdA&nbsp;10&nbsp;NAIROBI \u2013 AMBOSELI &nbsp;<\/strong><br>Desayuno en el hotel con salida temprano al Parque Nacional de Amboseli v\u00eda Namanga\/Emali. Almuerzo en el lodge. Safari por la tarde. Cena y Alojamiento.&nbsp;<\/p>\n\n\n\n<p><strong>D\u00cdA&nbsp;11 AMBOSELI &nbsp;<\/strong><br>Salida de safari, una por la ma\u00f1ana y otra por la tarde, por el parque. &nbsp;Pensi\u00f3n completa&nbsp;<\/p>\n\n\n\n<p><strong>D\u00cdA&nbsp;12 AMBOSELI &nbsp;&#8211; NAMANGA \u2013 ARUSHA \u2013 CRATER DEL NGORONGORO<\/strong><br>Desayuno y salida hacia Namanga situada en la frontera de Kenya \/ Tanzania. Tramites de frontera, cambio de veh\u00edculos y continuaci\u00f3n hasta Arusha. A las 12.00hrs salida hacia el \u00c1rea de Conservaci\u00f3n del Ngorongoro, v\u00eda Lago Manyara y Karatu. Cena y Alojamiento.&nbsp;<\/p>\n\n\n\n<p><strong>D\u00cdA&nbsp;13 &nbsp;CRATER DE NGORONGORO &nbsp;<\/strong><br>Desayuno y hoy se disfruta de una salida de safari en el cr\u00e1ter de Ngorongoro. &nbsp;El resto del d\u00eda se puede disfrutar de actividades opcionales en la zona (pago directo). Almuerzo, Cena y Alojamiento.&nbsp;<\/p>\n\n\n\n<p><strong>D\u00cdA&nbsp;14&nbsp;CRATER DE NGORONGORO &nbsp;&#8211; LAGO MANYARA O TARANGIRE<\/strong><br>Despu\u00e9s del desayuno, salida hacia Lago Manyara o el Parque Nacional de Tarangire.&nbsp;<br>Opci\u00f3n 1: Salida por la tarde de safari en el Parque Nacional de Lago Manyara. &nbsp;Almuerzo, cena y alojamiento en LAKE MANYARA SERENA LODGE.<br>Opci\u00f3n 2: Salida por la tarde de safari en el Parque Nacional de Tarangire. &nbsp;Almuerzo, cena y alojamiento en TARANGIRE SIMBA LODGE<\/p>\n\n\n\n<p><strong>D\u00cdA 15&nbsp; LAKE MANYARA O TARANGIRE \u2013 ARUSHA &#8211; NAIROBI<\/strong>&nbsp;<br>Opci\u00f3n 1: (si en Lago Manyara) Despu\u00e9s del desayuno, regreso a Arusha.<br>Opci\u00f3n 2: (si en Tarangire) Despu\u00e9s del desayuno, salida temprano hacia Arusha haciendo safari por el parque en camino.<br>Ambas opciones: Almuerzo en un restaurante en Arusha. Despu\u00e9s de almuerzo, por la noche traslado al aeropuerto internacional de Nairobi.&nbsp;<\/p>\n\n\n\n<p><strong>D\u00cdA 16&nbsp;NAIROBI \u2708 ESTAMBUL \u2708 M\u00c9XICO<\/strong><br>A la hora indicada abordar vuelo internacional con destino a Estambul. Llegada y tiempo de espera tomar el siguiente vuelo a la Ciudad de M\u00e9xico.<\/p>\n\n\n\n<p><small><strong>-Este itinerario puede sufrir modificaciones por condiciones de carreteras, clima, otros aspectos no previsibles o disponibilidad al momento de reservar<br>-El orden de los servicios puede cambiar&nbsp;<\/strong><\/small><strong>&nbsp;&nbsp;&nbsp;&nbsp;&#8230;FIN DE NUESTROS SERVICIOS<\/strong><\/p>\n\n\n\n<p>Precios y Hoteles:<\/p>\n\n\n\n<figure class=\"wp-block-table\"><table><tbody><tr><td><strong>CATEGORIA<\/strong><\/td><td><strong>TRIPLE<\/strong><\/td><td><strong>DOBLE<\/strong><\/td><td><strong>SGL<\/strong><\/td><\/tr><tr><td>4* Estrellas<\/td><td>$7,899<\/td><td>$7,899<\/td><td>$8,599<\/td><\/tr><\/tbody><\/table><\/figure>\n\n\n\n<p><strong>IMPUESTOS Y SUPLEMENTOS<\/strong><\/p>\n\n\n\n<figure class=\"wp-block-table\"><table><tbody><tr><td>Impuestos a\u00e9reos<\/td><td>$ 999<\/td><\/tr><\/tbody><\/table><\/figure>\n\n\n\n<p>\u2013 Precios indicados en USD, pagaderos en Moneda Nacional al tipo de cambio del d\u00eda.<br>\u2013 Los precios indicados en este itinerario son de car\u00e1cter informativo y deben ser confirmados para realizar su reservaci\u00f3n ya que est\u00e1n sujetos a modificaciones sin previo aviso.<br>\u2013 Sujeto a disponibilidad de servicios terrestres para la fecha solicitada.<\/p>\n\n\n\n<figure class=\"wp-block-table\"><table><tbody><tr><td colspan=\"4\"><strong>HOTELES PREVISTOS O SIMILARES<\/strong><\/td><\/tr><tr><td><strong>HOTEL<\/strong><\/td><td><strong>CIUDAD<\/strong><\/td><td><strong>TIPO<\/strong><\/td><td><strong>PA\u00cdS<\/strong><\/td><\/tr><tr><td>Park Inn By Radission \/Eka Hotel \/ Pride Inn Azure<\/td><td>Nairobi<\/td><td>Primera<\/td><td>Kenya<\/td><\/tr><tr><td>Samburu Sopa \/ Samburu Simba Lodge<\/td><td>Samburu<\/td><td>Primera<\/td><td>Kenya<\/td><\/tr><tr><td>Ark<\/td><td>Aberdare<\/td><td>Primera<\/td><td>Kenya<\/td><\/tr><tr><td>Lake Nakuru Lodge \/ Lake Nakuru Sopa \/ Lake Naivasha Simba<\/td><td>Nakuru<\/td><td>Primera<\/td><td>Kenya<\/td><\/tr><tr><td>Mara Simba Lodge \/ Mara Leisure Camp \/ Mara Sopa Lodge \/ Pride Inn Mara<\/td><td>Maasai Mara<\/td><td>Primera<\/td><td>Kenya<\/td><\/tr><tr><td>Amboseli Sopa<\/td><td>Amboseli<\/td><td>Primera<\/td><td>Kenya<\/td><\/tr><tr><td>Karatu Simba<\/td><td>Ngorongoro<\/td><td>Primera<\/td><td>Tanzania<\/td><\/tr><tr><td>Tarangire Simba Lodge<\/td><td>Tarangire<\/td><td>Primera<\/td><td>Tanzania<\/td><\/tr><tr><td colspan=\"4\">\u00c9sta es la relaci\u00f3n de los hoteles utilizados m\u00e1s frecuentemente en este circuito. Reflejada tan s\u00f3lo a efectos indicativos, pudiendo ser el pasajero alojado en establecimientos similares o alternativos<\/td><\/tr><\/tbody><\/table><\/figure>\n\n\n\n<p>El paquete incluye<\/p>\n\n\n\n<ul class=\"wp-block-list\">\n<li>Boleto de avi\u00f3n en clase turista<\/li>\n\n\n\n<li>Traslados de aeropuerto tanto de llegada como de salida (en minibus o autobus de 22 pla-zas) en el itinerario.<\/li>\n\n\n\n<li>Los otros traslados dentro de las ciudades (en minib\u00fas o autob\u00fas de 22 plazas) seg\u00fan el iti-nerario<\/li>\n\n\n\n<li>2 noches en el hotel de Nairobi en r\u00e9gimen de alojamiento y desayuno<\/li>\n\n\n\n<li>Pensi\u00f3n completa en los Hoteles \/ Lodges especificados durante el safari<\/li>\n\n\n\n<li>Cena en el Restaurante Carnivore<\/li>\n\n\n\n<li>01 almuerzo en Arusha<\/li>\n\n\n\n<li>Entradas a los Parques<\/li>\n\n\n\n<li>Transporte en LAND CRUISERS 4X4 de 07 plazas durante el safari, (uso no-exclusivo; ventana garantizada).<\/li>\n\n\n\n<li>Safari en 4 x 4 (uso no-exclusivo) en el Cr\u00e1ter de Ngorongoro<\/li>\n\n\n\n<li>CONDUCTOR &#8211; GU\u00cdA DE HABLA CASTELLANO (si la salida se compone de m\u00e1s de un veh\u00edculo, el gu\u00eda se ir\u00e1 cambiando de coche durante el recorrido, entre 2 en Kenya y entre 3 en Tanzania)<\/li>\n\n\n\n<li>Un gu\u00eda para los briefings en Arusha y en Nairobi<\/li>\n\n\n\n<li>Flying Doctors<\/li>\n\n\n\n<li>Sombreros de safari y etiquetas de equipaje<\/li>\n\n\n\n<li>Agua mineral en veh\u00edculos, durante el safari + botella de aluminio<\/li>\n<\/ul>\n\n\n\n<p>El paquete no incluye:<\/p>\n\n\n\n<ul class=\"wp-block-list\">\n<li>Gastos personales<\/li>\n\n\n\n<li>Ning\u00fan servicio no especificado como incluido<\/li>\n\n\n\n<li>Propinas a gu\u00edas y choferes (se paga directamente en el destino).<\/li>\n\n\n\n<li>Propinas para maleteros, camaristas, meseros, etc.<\/li>\n\n\n\n<li>Gastos extras en los hoteles como llamadas telef\u00f3nicas, lavander\u00eda, etc.<\/li>\n\n\n\n<li>Fee de c\u00e1maras en los monumentos<\/li>\n\n\n\n<li>Visa de Kenia se tramita directamente en el siguiente enlace: https:\/\/www.kenyavisagov.com\/<\/li>\n\n\n\n<li>Visa de Tanzania<\/li>\n\n\n\n<li>Impuestos a\u00e9reos por persona.<\/li>\n\n\n\n<li>Suplementos por eventos, ferias o cenas de navidad y a\u00f1o nuevo en los destinos (por favor consultar)<\/li>\n\n\n\n<li>Vacuna contra la fiebre amarilla<\/li>\n\n\n\n<li>Seguro de viajero<\/li>\n<\/ul>\n\n\n\n<p>Precios cotizados en d\u00f3lares americanos, pagaderos en Moneda Nacional al tipo de cambio del d\u00eda Los precios indicados son informativos y deben ser conformados antes de su compra ya que est\u00e1n sujetos a cambio sin previo aviso. Para obtener el costo exacto a pagar a tipo de cambio del d\u00eda, comun\u00edquese con nosotros. Consulte impuestos y suplementos.<\/p>\n","protected":false},"excerpt":{"rendered":"<p>MT-32059 Descubriendo Kenia + Tanzania Ciudades Visitadas:&nbsp;Kenia, Tanzania Duraci\u00f3n:&nbsp;16 D\u00edas y 12 Noches Desde:7899 USD + 999 Imp Fecha(s) de salida: S\u00e1bados (Salida garantizada a partir de 2 pasajeros) Vigencia:&nbsp;Precios vigentes hasta el 31\/12\/2023 Aerolinea INCLUYE VUELO +\u2212 Leaflet Itinerario D\u00cdA 01 M\u00c9XICO \u2708 ESTAMBUL&nbsp;Cita en el aeropuerto de la Ciudad de M\u00e9xico para abordar [&hellip;]<\/p>\n","protected":false},"author":1,"featured_media":0,"parent":0,"menu_order":0,"comment_status":"closed","ping_status":"closed","template":"","meta":{"om_disable_all_campaigns":false,"_monsterinsights_skip_tracking":false,"_monsterinsights_sitenote_active":false,"_monsterinsights_sitenote_note":"","_monsterinsights_sitenote_category":0,"site-sidebar-layout":"default","site-content-layout":"","ast-site-content-layout":"default","site-content-style":"default","site-sidebar-style":"default","ast-global-header-display":"","ast-banner-title-visibility":"","ast-main-header-display":"","ast-hfb-above-header-display":"","ast-hfb-below-header-display":"","ast-hfb-mobile-header-display":"","site-post-title":"disabled","ast-breadcrumbs-content":"","ast-featured-img":"","footer-sml-layout":"","ast-disable-related-posts":"","theme-transparent-header-meta":"","adv-header-id-meta":"","stick-header-meta":"","header-above-stick-meta":"","header-main-stick-meta":"","header-below-stick-meta":"","astra-migrate-meta-layouts":"set","ast-page-background-enabled":"default","ast-page-background-meta":{"desktop":{"background-color":"","background-image":"","background-repeat":"repeat","background-position":"center center","background-size":"auto","background-attachment":"scroll","background-type":"","background-media":"","overlay-type":"","overlay-color":"","overlay-opacity":"","overlay-gradient":""},"tablet":{"background-color":"","background-image":"","background-repeat":"repeat","background-position":"center center","background-size":"auto","background-attachment":"scroll","background-type":"","background-media":"","overlay-type":"","overlay-color":"","overlay-opacity":"","overlay-gradient":""},"mobile":{"background-color":"","background-image":"","background-repeat":"repeat","background-position":"center center","background-size":"auto","background-attachment":"scroll","background-type":"","background-media":"","overlay-type":"","overlay-color":"","overlay-opacity":"","overlay-gradient":""}},"ast-content-background-meta":{"desktop":{"background-color":"var(--ast-global-color-5)","background-image":"","background-repeat":"repeat","background-position":"center center","background-size":"auto","background-attachment":"scroll","background-type":"","background-media":"","overlay-type":"","overlay-color":"","overlay-opacity":"","overlay-gradient":""},"tablet":{"background-color":"var(--ast-global-color-5)","background-image":"","background-repeat":"repeat","background-position":"center center","background-size":"auto","background-attachment":"scroll","background-type":"","background-media":"","overlay-type":"","overlay-color":"","overlay-opacity":"","overlay-gradient":""},"mobile":{"background-color":"var(--ast-global-color-5)","background-image":"","background-repeat":"repeat","background-position":"center center","background-size":"auto","background-attachment":"scroll","background-type":"","background-media":"","overlay-type":"","overlay-color":"","overlay-opacity":"","overlay-gradient":""}},"footnotes":""},"class_list":["post-488","page","type-page","status-publish","hentry"],"aioseo_notices":[],"_links":{"self":[{"href":"https:\/\/camaratravel.com\/index.php?rest_route=\/wp\/v2\/pages\/488","targetHints":{"allow":["GET"]}}],"collection":[{"href":"https:\/\/camaratravel.com\/index.php?rest_route=\/wp\/v2\/pages"}],"about":[{"href":"https:\/\/camaratravel.com\/index.php?rest_route=\/wp\/v2\/types\/page"}],"author":[{"embeddable":true,"href":"https:\/\/camaratravel.com\/index.php?rest_route=\/wp\/v2\/users\/1"}],"replies":[{"embeddable":true,"href":"https:\/\/camaratravel.com\/index.php?rest_route=%2Fwp%2Fv2%2Fcomments&post=488"}],"version-history":[{"count":3,"href":"https:\/\/camaratravel.com\/index.php?rest_route=\/wp\/v2\/pages\/488\/revisions"}],"predecessor-version":[{"id":1611,"href":"https:\/\/camaratravel.com\/index.php?rest_route=\/wp\/v2\/pages\/488\/revisions\/1611"}],"wp:attachment":[{"href":"https:\/\/camaratravel.com\/index.php?rest_route=%2Fwp%2Fv2%2Fmedia&parent=488"}],"curies":[{"name":"wp","href":"https:\/\/api.w.org\/{rel}","templated":true}]}}