{"id":486,"date":"2023-10-04T00:26:06","date_gmt":"2023-10-04T00:26:06","guid":{"rendered":"https:\/\/camaratravel.com\/?page_id=486"},"modified":"2023-11-02T20:07:39","modified_gmt":"2023-11-02T20:07:39","slug":"32054-zanzibar","status":"publish","type":"page","link":"https:\/\/camaratravel.com\/?page_id=486","title":{"rendered":"32054 Zanzibar"},"content":{"rendered":"\n<div class=\"wp-block-cover is-light\" style=\"padding-top:var(--wp--preset--spacing--80);padding-bottom:var(--wp--preset--spacing--80);min-height:50px;aspect-ratio:unset;\"><span aria-hidden=\"true\" class=\"wp-block-cover__background has-vivid-green-cyan-background-color has-background-dim-100 has-background-dim\"><\/span><div class=\"wp-block-cover__inner-container is-layout-flow wp-block-cover-is-layout-flow\">\n<p class=\"has-text-align-center has-large-font-size\"><\/p>\n<\/div><\/div>\n\n\n\n<figure class=\"wp-block-image\"><img decoding=\"async\" src=\"https:\/\/one.cdnmega.com\/images\/viajes\/covers\/zan-zibar-1024x575_646f8740ef631.webp\" alt=\"\"\/><\/figure>\n\n\n\n<p>MT-32054 Zanzibar<\/p>\n\n\n\n<p><strong>Ciudades Visitadas:<\/strong>&nbsp;Tanzania<\/p>\n\n\n\n<p><strong>Duraci\u00f3n:<\/strong>&nbsp;11 D\u00edas y 7 Noches<\/p>\n\n\n\n<p><strong>Desde:<\/strong>3399 USD + 999 Imp<\/p>\n\n\n\n<p><strong>Fecha(s) de salida:<\/strong><\/p>\n\n\n\n<p><br>Diarias (Salida garantizada a partir de 2 pasajeros)<\/p>\n\n\n\n<p><strong>Vigencia:<\/strong>&nbsp;Precios vigentes hasta el 31\/12\/2023<\/p>\n\n\n\n<p><strong>Aerolinea<\/strong><\/p>\n\n\n\n<h5 class=\"wp-block-heading\">INCLUYE VUELO<\/h5>\n\n\n\n<figure class=\"wp-block-image\"><img decoding=\"async\" src=\"https:\/\/one.cdnmega.com\/images\/aerolineas\/iata\/TK.png\" alt=\"Turkish Airlines\"\/><\/figure>\n\n\n\n<p>Itinerario<\/p>\n\n\n\n<p><strong>D\u00cdA 01 M\u00c9XICO \u2708 ESTAMBUL&nbsp;<\/strong><br>Cita en el aeropuerto de la Ciudad de M\u00e9xico para abordar vuelo con destino a Nairobi. V\u00eda Canc\u00fan. Noche a bordo.<\/p>\n\n\n\n<p><strong>D\u00cdA&nbsp;02&nbsp;ESTAMBUL\u2708 ZANZIBAR<\/strong><br>Llegada a Estambul y tiempo de espera. Los pasajeros permanecer\u00e1n en tr\u00e1nsito mientras esperan para tomar el siguiente vuelo con destino a Zanzibar.&nbsp;<\/p>\n\n\n\n<p><strong>D\u00cdA&nbsp;03 ZANZIBAR \u2013 STONE TOWN<\/strong><br>Llegada al aeropuerto Internacional de Zanzibar. Recepci\u00f3n por el personal de Kobo Safaris de habla castellana y traslado al Hotel. Resto del d\u00eda libre. Alojamiento.<\/p>\n\n\n\n<p><strong>D\u00cdA&nbsp;04 STONE TOWN &nbsp;&nbsp;<\/strong><br>Desayuno. Dia Libre. Alojamiento. &nbsp;<br>Posibilidad de tomar la excursi\u00f3n opcional (no incluida \u2013 con costo adicional) STONE TOWN CITY TOUR. \u00danase a nuestros experimentados gu\u00edas mientras les muestran la magia hist\u00f3rica de Stone Town. No dude en explicar sus intereses al gu\u00eda antes de partir para que le prepare una visita personalizada que se adapte a sus intereses y gustos. Nuestros tours son flexibles e incluyen visitas al Mercado de la Ciudad, el Mercado de Esclavos, el Museo Nacional, la Corte Principal, C\u00e1maras de esclavos, el antiguo Consulado Alem\u00e1n, el tambi\u00e9n antiguo Club de Caballeros ingl\u00e9s, la Casa Tip- Tip, el Viejo Fuerte, el Palacio del Sult\u00e1n, la Casa de Livingstone, y mucho m\u00e1s. &nbsp;<\/p>\n\n\n\n<p><strong>D\u00cdA&nbsp;05 STONE TOWN&nbsp;<\/strong><br>Desayuno. D\u00eda Libre. Alojamiento.<br>Posibilidad de tomar la excursi\u00f3n opcional (no incluida \u2013 con costo adicional) SPICES TOUR. Tambi\u00e9n recomendamos a\u00f1adir una visita a una granja de especias, con una ruta en el coraz\u00f3n de la Isla de las Especias por excelencia. Vean el clavo, la vainilla, la nuez moscada, pimienta y muchas m\u00e1s en su estado m\u00e1s vivo y natural. Tambi\u00e9n se incluye la degustaci\u00f3n de las frutas tropicales m\u00e1s sabrosas, algunas de ellas desconocidas fuera de la isla.<\/p>\n\n\n\n<p><strong>D\u00cdA&nbsp;06 STONE TOWN \u2013 COSTA ESTE.<\/strong>&nbsp;<br>Desayuno y salida hacia la costa este. Llegada, resto de la tarde libre. Alojamiento.&nbsp;<\/p>\n\n\n\n<p><strong>D\u00cdA&nbsp;07 COSTA ESTE&nbsp;<\/strong><br>Desayuno. Dia Libre. Alojamiento.&nbsp;<br>Posibilidad de tomar la excursi\u00f3n opcional (no incluida \u2013 con costo adicional) PRISION ISLAND. &nbsp;Un relajante d\u00eda en el Oc\u00e9ano Indico, en una peque\u00f1a isla, en la costa oeste, Changu es una encantadora y peque\u00f1a isla con una gran historia. Era un lugar privado de reclusi\u00f3n para los esclavos que se revelaban. En 1883, se construy\u00f3 una c\u00e1rcel y por eso su nombre de \u201cPrison Islan\u201d. A pesar de todo la c\u00e1rcel nunca recibi\u00f3 mucho uso pero las ruinas pueden ser visitadas. La isla se ha convertido un peque\u00f1o resort donde relajarse, pasear y observar a las tortugas gigantes de Aldabra o los bonitos pavos reales, nadar o bucear los arrecifes de coral.<\/p>\n\n\n\n<p><strong>D\u00cdA&nbsp;08 &nbsp;COSTA ESTE&nbsp;<\/strong><br>Desayuno. Dia Libre. Alojamiento.&nbsp;<br>Posibilidad de tomar la excursi\u00f3n opcional (no incluida \u2013 con costo adicional) SAFARI BLUE. Experimente la mejor excursi\u00f3n en barco de Zanz\u00edbar. Salimos del pueblo de Fumba en el Sur Oeste de la isla, y les llevaremos a ver delfines, bancos de arena, islas y las barreras de coral de la Bah\u00eda de Menai, una preciosa \u00e1rea de conservaci\u00f3n. Safari Blue es una excursi\u00f3n de un d\u00eda e incluye snorkel de m\u00e1xima calidad, equipamiento, gu\u00edas e instructores profesionales, cerveza y soda fr\u00eda, una deliciosa comida de Zanz\u00edbar, con pescado a la plancha y langosta, degustaci\u00f3n de fruta, caf\u00e9 y licor de Amarula. &nbsp;Para redondear el d\u00eda, volvemos a Fumba a vela tradicional.<\/p>\n\n\n\n<p><strong>D\u00cdA 09 COSTA ESTE&nbsp;<\/strong><br>Desayuno. D\u00eda Libre. Alojamiento.&nbsp;<br>Posibilidad de tomar la excursi\u00f3n opcional (no incluida \u2013 con costo adicional) FAUNA Y FLORA EN LAS ROCAS. La primera parada es el centro de mariposas donde unos exuberantes jardines protegidos por redes nos permiten conocer el apasionante mundo de las mariposas que revolotean al alcance de nuestra mano y en el que podemos descubrir los ciclos de vida de estos coloridos lepid\u00f3pteros. La segunda parada es el Bosque de Jozani donde descubrir\u00e1s la raz\u00f3n que la hace \u00fanico. El h\u00e1bitat de varias especies de primates algunos de ellos sin pulgar! Una visita a los manglares cercanos te permitir\u00e1 con un poco de suerte escucharlos hablar. Para redondear la experiencia te dirigiras al famoso restaurante \u201cThe Rock\u201d en medio del oc\u00e9ano. Para acabar, se visita una granja de especias donde se muestra como se cultiva y colectan muchos condimentos entre ellos la canela, la pimienta, la vainilla o la nuez moscada. Una experiencia para los sentidos<\/p>\n\n\n\n<p><strong>D\u00cdA&nbsp;10&nbsp;COSTA ESTE \u2013 STONE TOWN \/ ZANZIBAR \u2708 ESTAMBUL&nbsp;<\/strong><br>Desayuno, a la hora indicada traslado al aeropuerto para tomar el vuelo con destino a Estambul.&nbsp;<\/p>\n\n\n\n<p><strong>D\u00cdA&nbsp;11 &nbsp;ESTAMBUL \u2708 M\u00c9XICO<\/strong><br>Llegada a Estambul y tiempo de espera. Los pasajeros permanecer\u00e1n en tr\u00e1nsito mientras esperan para tomar el siguiente vuelo con destino a la Ciudad de M\u00e9xico.&nbsp;<\/p>\n\n\n\n<p><small><strong>* Este itinerario puede sufrir modificaciones por condiciones de carreteras, clima, otros aspectos no previsibles o disponibilidad al momento de reservar.&nbsp; El orden de los servicios puede cambiar *<\/strong><\/small><strong>&nbsp;&nbsp;&nbsp;&nbsp;&#8230;FIN DE NUESTROS SERVICIOS<\/strong><\/p>\n\n\n\n<p>Precios y Hoteles:<\/p>\n\n\n\n<figure class=\"wp-block-table\"><table><tbody><tr><td><strong>CATEGORIA<\/strong><\/td><td><strong>DOBLE<\/strong><\/td><td><strong>SGL<\/strong><\/td><\/tr><tr><td>4* Estrellas<\/td><td>$3,399<\/td><td>$3,899<\/td><\/tr><\/tbody><\/table><\/figure>\n\n\n\n<p><strong>IMPUESTOS Y SUPLEMENTOS<\/strong><\/p>\n\n\n\n<figure class=\"wp-block-table\"><table><tbody><tr><td>Impuestos a\u00e9reos<\/td><td>$ 999<\/td><\/tr><\/tbody><\/table><\/figure>\n\n\n\n<p>&#8211; Precios indicados en usd, pagaderos en moneda nacional al tipo de cambio del d\u00eda.<br>&#8211; Sujeto a disponibilidad de servicios terrestres para la fecha solicitada.<br>&#8211; Precios sujetos a cambios sin previo aviso y a confirmacion.<br>&#8211; Pueden aplicar suplementos seg\u00fan fecha de salida y disponibilidad a\u00e9rea consultar tarifas y suplementos para navidad, a\u00f1o nuevo y pascua.<\/p>\n\n\n\n<figure class=\"wp-block-table\"><table><tbody><tr><td colspan=\"4\"><strong>HOTELES PREVISTOS O SIMILARES<\/strong><\/td><\/tr><tr><td><strong>HOTEL<\/strong><\/td><td><strong>CIUDAD<\/strong><\/td><td><strong>TIPO<\/strong><\/td><td><strong>PA\u00cdS<\/strong><\/td><\/tr><tr><td>Zanzibar Serena Hotel<\/td><td>Stone Town<\/td><td>Primera<\/td><td>Tanzania<\/td><\/tr><tr><td>Indigo Beach Zanzibar Hotel<\/td><td>Costa Este<\/td><td>Primera<\/td><td>Tanzania<\/td><\/tr><tr><td colspan=\"4\">\u00c9sta es la relaci\u00f3n de los hoteles utilizados m\u00e1s frecuentemente en este circuito. Reflejada tan s\u00f3lo a efectos indicativos, pudiendo ser el pasajero alojado en establecimientos similares o alternativos<\/td><\/tr><\/tbody><\/table><\/figure>\n\n\n\n<p>El paquete incluye<\/p>\n\n\n\n<ul class=\"wp-block-list\">\n<li>Boleto de avi\u00f3n en clase turista<\/li>\n\n\n\n<li>Traslados indicados.<\/li>\n\n\n\n<li>Todos los dem\u00e1s traslados indicados en el itinerario<\/li>\n\n\n\n<li>Alojamiento y desayuno.<\/li>\n\n\n\n<li>03 noches de alojamiento en Stone Town con desayunos.<\/li>\n\n\n\n<li>04 noches de alojamiento en Costa Este con desayunos.<\/li>\n\n\n\n<li>Gu\u00edas de habla hispana.<\/li>\n<\/ul>\n\n\n\n<p>El paquete no incluye:<\/p>\n\n\n\n<ul class=\"wp-block-list\">\n<li>Gastos personales<\/li>\n\n\n\n<li>Ning\u00fan servicio no especificado como incluido<\/li>\n\n\n\n<li>Propinas a gu\u00edas y choferes (se paga directamente en el destino).<\/li>\n\n\n\n<li>Propinas para maleteros, camaristas, meseros, etc.<\/li>\n\n\n\n<li>Gastos extras en los hoteles como llamadas telef\u00f3nicas, lavander\u00eda, etc.<\/li>\n\n\n\n<li>Fee de c\u00e1maras en los monumentos<\/li>\n\n\n\n<li>Impuestos a\u00e9reos por persona.<\/li>\n\n\n\n<li>Suplementos por eventos, ferias o cenas de navidad y a\u00f1o nuevo en los destinos (por favor consultar)<\/li>\n\n\n\n<li>Visa de Tanzania<\/li>\n\n\n\n<li>Vacuna contra la fiebre amarilla<\/li>\n\n\n\n<li>Seguro de viajero<\/li>\n<\/ul>\n\n\n\n<p>Precios cotizados en d\u00f3lares americanos, pagaderos en Moneda Nacional al tipo de cambio del d\u00eda Los precios indicados son informativos y deben ser conformados antes de su compra ya que est\u00e1n sujetos a cambio sin previo aviso. Para obtener el costo exacto a pagar a tipo de cambio del d\u00eda, comun\u00edquese con nosotros. Consulte impuestos y suplementos.<\/p>\n","protected":false},"excerpt":{"rendered":"<p>MT-32054 Zanzibar Ciudades Visitadas:&nbsp;Tanzania Duraci\u00f3n:&nbsp;11 D\u00edas y 7 Noches Desde:3399 USD + 999 Imp Fecha(s) de salida: Diarias (Salida garantizada a partir de 2 pasajeros) Vigencia:&nbsp;Precios vigentes hasta el 31\/12\/2023 Aerolinea INCLUYE VUELO Itinerario D\u00cdA 01 M\u00c9XICO \u2708 ESTAMBUL&nbsp;Cita en el aeropuerto de la Ciudad de M\u00e9xico para abordar vuelo con destino a Nairobi. V\u00eda [&hellip;]<\/p>\n","protected":false},"author":1,"featured_media":0,"parent":0,"menu_order":0,"comment_status":"closed","ping_status":"closed","template":"","meta":{"om_disable_all_campaigns":false,"_monsterinsights_skip_tracking":false,"_monsterinsights_sitenote_active":false,"_monsterinsights_sitenote_note":"","_monsterinsights_sitenote_category":0,"site-sidebar-layout":"default","site-content-layout":"","ast-site-content-layout":"default","site-content-style":"default","site-sidebar-style":"default","ast-global-header-display":"","ast-banner-title-visibility":"","ast-main-header-display":"","ast-hfb-above-header-display":"","ast-hfb-below-header-display":"","ast-hfb-mobile-header-display":"","site-post-title":"disabled","ast-breadcrumbs-content":"","ast-featured-img":"","footer-sml-layout":"","ast-disable-related-posts":"","theme-transparent-header-meta":"","adv-header-id-meta":"","stick-header-meta":"","header-above-stick-meta":"","header-main-stick-meta":"","header-below-stick-meta":"","astra-migrate-meta-layouts":"set","ast-page-background-enabled":"default","ast-page-background-meta":{"desktop":{"background-color":"","background-image":"","background-repeat":"repeat","background-position":"center center","background-size":"auto","background-attachment":"scroll","background-type":"","background-media":"","overlay-type":"","overlay-color":"","overlay-opacity":"","overlay-gradient":""},"tablet":{"background-color":"","background-image":"","background-repeat":"repeat","background-position":"center center","background-size":"auto","background-attachment":"scroll","background-type":"","background-media":"","overlay-type":"","overlay-color":"","overlay-opacity":"","overlay-gradient":""},"mobile":{"background-color":"","background-image":"","background-repeat":"repeat","background-position":"center center","background-size":"auto","background-attachment":"scroll","background-type":"","background-media":"","overlay-type":"","overlay-color":"","overlay-opacity":"","overlay-gradient":""}},"ast-content-background-meta":{"desktop":{"background-color":"var(--ast-global-color-5)","background-image":"","background-repeat":"repeat","background-position":"center center","background-size":"auto","background-attachment":"scroll","background-type":"","background-media":"","overlay-type":"","overlay-color":"","overlay-opacity":"","overlay-gradient":""},"tablet":{"background-color":"var(--ast-global-color-5)","background-image":"","background-repeat":"repeat","background-position":"center center","background-size":"auto","background-attachment":"scroll","background-type":"","background-media":"","overlay-type":"","overlay-color":"","overlay-opacity":"","overlay-gradient":""},"mobile":{"background-color":"var(--ast-global-color-5)","background-image":"","background-repeat":"repeat","background-position":"center center","background-size":"auto","background-attachment":"scroll","background-type":"","background-media":"","overlay-type":"","overlay-color":"","overlay-opacity":"","overlay-gradient":""}},"footnotes":""},"class_list":["post-486","page","type-page","status-publish","hentry"],"aioseo_notices":[],"_links":{"self":[{"href":"https:\/\/camaratravel.com\/index.php?rest_route=\/wp\/v2\/pages\/486","targetHints":{"allow":["GET"]}}],"collection":[{"href":"https:\/\/camaratravel.com\/index.php?rest_route=\/wp\/v2\/pages"}],"about":[{"href":"https:\/\/camaratravel.com\/index.php?rest_route=\/wp\/v2\/types\/page"}],"author":[{"embeddable":true,"href":"https:\/\/camaratravel.com\/index.php?rest_route=\/wp\/v2\/users\/1"}],"replies":[{"embeddable":true,"href":"https:\/\/camaratravel.com\/index.php?rest_route=%2Fwp%2Fv2%2Fcomments&post=486"}],"version-history":[{"count":3,"href":"https:\/\/camaratravel.com\/index.php?rest_route=\/wp\/v2\/pages\/486\/revisions"}],"predecessor-version":[{"id":1610,"href":"https:\/\/camaratravel.com\/index.php?rest_route=\/wp\/v2\/pages\/486\/revisions\/1610"}],"wp:attachment":[{"href":"https:\/\/camaratravel.com\/index.php?rest_route=%2Fwp%2Fv2%2Fmedia&parent=486"}],"curies":[{"name":"wp","href":"https:\/\/api.w.org\/{rel}","templated":true}]}}