{"id":484,"date":"2023-10-04T00:24:48","date_gmt":"2023-10-04T00:24:48","guid":{"rendered":"https:\/\/camaratravel.com\/?page_id=484"},"modified":"2023-11-02T20:03:56","modified_gmt":"2023-11-02T20:03:56","slug":"volando-kenya","status":"publish","type":"page","link":"https:\/\/camaratravel.com\/?page_id=484","title":{"rendered":"Volando Kenya"},"content":{"rendered":"\n<div class=\"wp-block-cover is-light\" style=\"padding-top:var(--wp--preset--spacing--80);padding-bottom:var(--wp--preset--spacing--80);min-height:50px;aspect-ratio:unset;\"><span aria-hidden=\"true\" class=\"wp-block-cover__background has-luminous-vivid-orange-background-color has-background-dim-100 has-background-dim\"><\/span><div class=\"wp-block-cover__inner-container is-layout-flow wp-block-cover-is-layout-flow\">\n<p class=\"has-text-align-center has-large-font-size\"><\/p>\n<\/div><\/div>\n\n\n\n<figure class=\"wp-block-image\"><img decoding=\"async\" src=\"https:\/\/one.cdnmega.com\/images\/viajes\/covers\/volando-kenia-1024x575_646f86f391ec9.webp\" alt=\"\"\/><\/figure>\n\n\n\n<p><strong>Ciudades Visitadas:<\/strong>\u00a0Kenia<\/p>\n\n\n\n<p>MT-32053 Volando Kenya<\/p>\n\n\n\n<p><strong>Duraci\u00f3n:<\/strong>&nbsp;10 D\u00edas y 6 Noches<\/p>\n\n\n\n<p><strong>Desde:<\/strong>3399 USD + 999 Imp<\/p>\n\n\n\n<p><strong>Fecha(s) de salida:<\/strong><\/p>\n\n\n\n<p><br>Lunes, Martes, S\u00e1bado (Salida garantizada a partir de 2 pasajeros)<\/p>\n\n\n\n<p><strong>Vigencia:<\/strong>&nbsp;Precios vigentes hasta el 31\/12\/2023<\/p>\n\n\n\n<p><strong>Aerolinea<\/strong><\/p>\n\n\n\n<h5 class=\"wp-block-heading\">INCLUYE VUELO<\/h5>\n\n\n\n<figure class=\"wp-block-image\"><img decoding=\"async\" src=\"https:\/\/one.cdnmega.com\/images\/aerolineas\/iata\/TK.png\" alt=\"Turkish Airlines\"\/><\/figure>\n\n\n\n<p><a href=\"http:\/\/leafletjs.com\/\">Leaflet<\/a><\/p>\n\n\n\n<p>Itinerario<\/p>\n\n\n\n<p><strong>D\u00cdA 01&nbsp;&nbsp;M\u00c9XICO \u2708 ESTAMBUL&nbsp;<\/strong><br>Cita en el aeropuerto de la Ciudad de M\u00e9xico para abordar vuelo con destino a Nairobi. V\u00eda Canc\u00fan. Noche a bordo.&nbsp;<\/p>\n\n\n\n<p><strong>D\u00cdA&nbsp;02&nbsp;ESTAMBUL\u2708 NAIROBI<\/strong>&nbsp;<br>Llegada a Estambul y tiempo de espera. Los pasajeros permanecer\u00e1n en tr\u00e1nsito mientras esperan para tomar el siguiente vuelo con destino a Nairobi. &nbsp;<\/p>\n\n\n\n<p><strong>D\u00cdA&nbsp;03 NAIROBI<\/strong><br>Llegada al aeropuerto internacional y traslado al hotel respectivo. El uso de la habitaci\u00f3n no est\u00e1 garantizado antes de mediod\u00eda. Resto del d\u00eda libre. Cena en restaurante y Alojamiento.&nbsp;<\/p>\n\n\n\n<p><strong>D\u00cdA&nbsp;04 NAIROBI \u2013 SAMBURU<\/strong><br>Desayuno. Salida hacia la Reserva Nacional &nbsp;de Samburu v\u00eda Karatina y cruzando el Ecuador, llegando a tiempo para el almuerzo en el &nbsp;Lodge. Por la tarde salida de Safari por el parque. Cena y Alojamiento<\/p>\n\n\n\n<p><strong>D\u00cdA&nbsp;05&nbsp;SAMBURU \u2013 ABERDARES &nbsp;&nbsp;<\/strong><br>Safari al amanecer. Salida hacia la zona de Nyeri, llegando a tiempo para el almuerzo en el &nbsp;Aberdare Country Club, Por la tarde subida en los vehiculos del hotel al Parque Nacional de Abedare al Ank. Cena y Alojamiento<\/p>\n\n\n\n<p><strong>D\u00cdA&nbsp;06&nbsp;MONTES ABERDARES \u2013 LAGO NAKURU&nbsp;<\/strong><br>Desayuno y traslado al hotel Aberdare Country Club. Salida hacia el Parque Nacional del Lago Nak uru, llegando a tiempo para almuerzo en el Lodge. Cena y Alojamiento.&nbsp;<\/p>\n\n\n\n<p><strong>D\u00cdA&nbsp;07 LAGO NAKURU \u2013 MAASAI MARA &nbsp;<\/strong>&nbsp;&nbsp;<br>Desayuno. Salida hacia la Reserva Nacional de Masai Mara, via Narok, llegando a tiempo para el almuerzo. Por la tarde disfrutaremos de un safari en la zona. Cena y Alojamiento.<\/p>\n\n\n\n<p><strong>D\u00cdA&nbsp;08 MAASAI MARA &nbsp;<\/strong><br>Por la ma\u00f1ana salida para un safari y mas tarde hacia la reserva. Pensi\u00f3n completa.Cena y Alojamiento.&nbsp;<\/p>\n\n\n\n<p><strong>D\u00cdA 09&nbsp;MAASAI MARA \u2013 NAIROBI \u2708 ESTAMBUL&nbsp;<\/strong><br>Desayuno. Salida de regreso a Nairobi. Llegada al hotel (uso de habitaci\u00f3n no incluido). Por la noche, traslado al aeropuerto para tomar el vuelo con destino a Estambul.&nbsp;<\/p>\n\n\n\n<p><strong>D\u00cdA&nbsp;10&nbsp;ESTAMBUL \u2708 M\u00c9XICO<\/strong>&nbsp;<br>Llegada a Estambul y tiempo de espera. Los pasajeros permanecer\u00e1n en tr\u00e1nsito mientras esperan para tomar el siguiente vuelo con destino a la Ciudad de M\u00e9xico.&nbsp;<\/p>\n\n\n\n<p><small><strong>* Este itinerario puede sufrir modificaciones por condiciones de carreteras, clima, otros aspectos no previsibles o disponibilidad al momento de reservar.&nbsp; El orden de los servicios puede cambiar *<\/strong><\/small><strong>&nbsp;&nbsp;&nbsp;&nbsp;&#8230;FIN DE NUESTROS SERVICIOS<\/strong><\/p>\n\n\n\n<p>Precios y Hoteles:<\/p>\n\n\n\n<figure class=\"wp-block-table\"><table><tbody><tr><td><strong>CATEGORIA<\/strong><\/td><td><strong>TRIPLE<\/strong><\/td><td><strong>DOBLE<\/strong><\/td><td><strong>SGL<\/strong><\/td><\/tr><tr><td>4* Estrellas<\/td><td>$3,399<\/td><td>$3,399<\/td><td>$3,999<\/td><\/tr><\/tbody><\/table><\/figure>\n\n\n\n<p><strong>IMPUESTOS Y SUPLEMENTOS<\/strong><\/p>\n\n\n\n<figure class=\"wp-block-table\"><table><tbody><tr><td>Impuestos a\u00e9reos<\/td><td>$ 999<\/td><\/tr><\/tbody><\/table><\/figure>\n\n\n\n<p>&#8211; Precios indicados en usd, pagaderos en moneda nacional al tipo de cambio del d\u00eda.<br>&#8211;&nbsp;Sujeto a disponibilidad de servicios terrestres para la fecha solicitada.<br>&#8211;&nbsp;Precios sujetos a cambios sin previo aviso y a confirmacion.<br>&#8211; Pueden aplicar suplementos seg\u00fan fecha de salida y disponibilidad a\u00e9rea<br>&#8211; Consultar tarifas y suplementos para navidad, a\u00f1o nuevo y pascua.<\/p>\n\n\n\n<figure class=\"wp-block-table\"><table><tbody><tr><td colspan=\"4\"><strong>HOTELES PREVISTOS O SIMILARES<\/strong><\/td><\/tr><tr><td><strong>HOTEL<\/strong><\/td><td><strong>CIUDAD<\/strong><\/td><td><strong>TIPO<\/strong><\/td><td><strong>PA\u00cdS<\/strong><\/td><\/tr><tr><td>Park Inn By Radisson \/ Eka Hotel\/ Pride Inn Azure<\/td><td>Nairobi<\/td><td>Primera<\/td><td>Kenya<\/td><\/tr><tr><td>Samburu Simba Lodge \/ Samburu Sopa Lodge<\/td><td>Samburu<\/td><td>Primera<\/td><td>Kenya<\/td><\/tr><tr><td>The Ark<\/td><td>Aberdares<\/td><td>Primera<\/td><td>Kenya<\/td><\/tr><tr><td>Lake Nakuru Lodge \/ Lake Nakuru Sopa \/ Lake Naivasha Simba<\/td><td>Lago Nakuru \/ Naivasha<\/td><td>Primera<\/td><td>Kenya<\/td><\/tr><tr><td>Mara Simba Lodge \/ Mara Leisure Camp \/Mara Sopa Lodge \/ Pride Inn Mara<\/td><td>Maasai Mara<\/td><td>Primera<\/td><td>Kenya<\/td><\/tr><tr><td colspan=\"4\">\u00c9sta es la relaci\u00f3n de los hoteles utilizados m\u00e1s frecuentemente en este circuito. Reflejada tan s\u00f3lo a efectos indicativos, pudiendo ser el pasajero alojado en establecimientos similares o alternativos<\/td><\/tr><\/tbody><\/table><\/figure>\n\n\n\n<p>El paquete incluye<\/p>\n\n\n\n<ul class=\"wp-block-list\">\n<li>Boleto de avi\u00f3n en clase turista<\/li>\n\n\n\n<li>Traslados de aeropuerto tanto de llegada como de salida (en minib\u00fas o autob\u00fas de 22 plazas) seg\u00fan el itinerario<\/li>\n\n\n\n<li>Los otros traslados dentro de las ciudades (en minib\u00fas o autob\u00fas de 22 plazas) seg\u00fan el itinerario<\/li>\n\n\n\n<li>1 noche en el hotel de Nairobi en r\u00e9gimen de alojamiento y desayuno<\/li>\n\n\n\n<li>Pensi\u00f3n completa en los Hoteles \/ Lodges especificados durante el safari<\/li>\n\n\n\n<li>Cena en el restaurante Carnivore<\/li>\n\n\n\n<li>Transporte en LAND CRUISERS 4X4 durante el safari con VENTANA GARANTIZADA (ocupaci\u00f3n m\u00e1xima de 7 pax por vehiculo, uso no exclusivo)<\/li>\n\n\n\n<li>Entradas a los Parques<\/li>\n\n\n\n<li>CONDUCTOR &#8211; GU\u00cdA DE HABLA CASTELLANO GARANTIZADO a partir de 2 pasajeros en un safari REGULAR (si hay dos veh\u00edculos, el gu\u00eda se compartir\u00e1 entre esos veh\u00edculos, movi\u00e9ndose entre ellos durante el safari)<\/li>\n\n\n\n<li>Flying Doctors.<\/li>\n\n\n\n<li>Sombreros de safari + etiquetas para el equipaje.<\/li>\n\n\n\n<li>Agua mineral en veh\u00edculos, durante el safari + botellas de aluminio.<\/li>\n<\/ul>\n\n\n\n<p>El paquete no incluye:<\/p>\n\n\n\n<ul class=\"wp-block-list\">\n<li>Gastos personales<\/li>\n\n\n\n<li>Ning\u00fan servicio no especificado como incluido<\/li>\n\n\n\n<li>Propinas a gu\u00edas y choferes (se paga directamente en el destino).<\/li>\n\n\n\n<li>Propinas para maleteros, camaristas, meseros, etc.<\/li>\n\n\n\n<li>Gastos extras en los hoteles como llamadas telef\u00f3nicas, lavander\u00eda, etc.<\/li>\n\n\n\n<li>Fee de c\u00e1maras en los monumentos<\/li>\n\n\n\n<li>Visa de Kenia<\/li>\n\n\n\n<li>Impuestos a\u00e9reos por persona.<\/li>\n\n\n\n<li>Suplementos por eventos, ferias o cenas de navidad y a\u00f1o nuevo en los destinos (por favor consultar)<\/li>\n\n\n\n<li>Vacuna contra la fiebre amarilla<\/li>\n\n\n\n<li>Seguro de viajero<\/li>\n<\/ul>\n\n\n\n<p>Precios cotizados en d\u00f3lares americanos, pagaderos en Moneda Nacional al tipo de cambio del d\u00eda Los precios indicados son informativos y deben ser conformados antes de su compra ya que est\u00e1n sujetos a cambio sin previo aviso. Para obtener el costo exacto a pagar a tipo de cambio del d\u00eda, comun\u00edquese con nosotros. Consulte impuestos y suplementos.<\/p>\n","protected":false},"excerpt":{"rendered":"<p>Ciudades Visitadas:\u00a0Kenia MT-32053 Volando Kenya Duraci\u00f3n:&nbsp;10 D\u00edas y 6 Noches Desde:3399 USD + 999 Imp Fecha(s) de salida: Lunes, Martes, S\u00e1bado (Salida garantizada a partir de 2 pasajeros) Vigencia:&nbsp;Precios vigentes hasta el 31\/12\/2023 Aerolinea INCLUYE VUELO Leaflet Itinerario D\u00cdA 01&nbsp;&nbsp;M\u00c9XICO \u2708 ESTAMBUL&nbsp;Cita en el aeropuerto de la Ciudad de M\u00e9xico para abordar vuelo con destino [&hellip;]<\/p>\n","protected":false},"author":1,"featured_media":0,"parent":0,"menu_order":0,"comment_status":"closed","ping_status":"closed","template":"","meta":{"om_disable_all_campaigns":false,"_monsterinsights_skip_tracking":false,"_monsterinsights_sitenote_active":false,"_monsterinsights_sitenote_note":"","_monsterinsights_sitenote_category":0,"site-sidebar-layout":"default","site-content-layout":"","ast-site-content-layout":"default","site-content-style":"default","site-sidebar-style":"default","ast-global-header-display":"","ast-banner-title-visibility":"","ast-main-header-display":"","ast-hfb-above-header-display":"","ast-hfb-below-header-display":"","ast-hfb-mobile-header-display":"","site-post-title":"disabled","ast-breadcrumbs-content":"","ast-featured-img":"","footer-sml-layout":"","ast-disable-related-posts":"","theme-transparent-header-meta":"","adv-header-id-meta":"","stick-header-meta":"","header-above-stick-meta":"","header-main-stick-meta":"","header-below-stick-meta":"","astra-migrate-meta-layouts":"set","ast-page-background-enabled":"default","ast-page-background-meta":{"desktop":{"background-color":"","background-image":"","background-repeat":"repeat","background-position":"center center","background-size":"auto","background-attachment":"scroll","background-type":"","background-media":"","overlay-type":"","overlay-color":"","overlay-opacity":"","overlay-gradient":""},"tablet":{"background-color":"","background-image":"","background-repeat":"repeat","background-position":"center center","background-size":"auto","background-attachment":"scroll","background-type":"","background-media":"","overlay-type":"","overlay-color":"","overlay-opacity":"","overlay-gradient":""},"mobile":{"background-color":"","background-image":"","background-repeat":"repeat","background-position":"center center","background-size":"auto","background-attachment":"scroll","background-type":"","background-media":"","overlay-type":"","overlay-color":"","overlay-opacity":"","overlay-gradient":""}},"ast-content-background-meta":{"desktop":{"background-color":"var(--ast-global-color-5)","background-image":"","background-repeat":"repeat","background-position":"center center","background-size":"auto","background-attachment":"scroll","background-type":"","background-media":"","overlay-type":"","overlay-color":"","overlay-opacity":"","overlay-gradient":""},"tablet":{"background-color":"var(--ast-global-color-5)","background-image":"","background-repeat":"repeat","background-position":"center center","background-size":"auto","background-attachment":"scroll","background-type":"","background-media":"","overlay-type":"","overlay-color":"","overlay-opacity":"","overlay-gradient":""},"mobile":{"background-color":"var(--ast-global-color-5)","background-image":"","background-repeat":"repeat","background-position":"center center","background-size":"auto","background-attachment":"scroll","background-type":"","background-media":"","overlay-type":"","overlay-color":"","overlay-opacity":"","overlay-gradient":""}},"footnotes":""},"class_list":["post-484","page","type-page","status-publish","hentry"],"aioseo_notices":[],"_links":{"self":[{"href":"https:\/\/camaratravel.com\/index.php?rest_route=\/wp\/v2\/pages\/484","targetHints":{"allow":["GET"]}}],"collection":[{"href":"https:\/\/camaratravel.com\/index.php?rest_route=\/wp\/v2\/pages"}],"about":[{"href":"https:\/\/camaratravel.com\/index.php?rest_route=\/wp\/v2\/types\/page"}],"author":[{"embeddable":true,"href":"https:\/\/camaratravel.com\/index.php?rest_route=\/wp\/v2\/users\/1"}],"replies":[{"embeddable":true,"href":"https:\/\/camaratravel.com\/index.php?rest_route=%2Fwp%2Fv2%2Fcomments&post=484"}],"version-history":[{"count":3,"href":"https:\/\/camaratravel.com\/index.php?rest_route=\/wp\/v2\/pages\/484\/revisions"}],"predecessor-version":[{"id":1607,"href":"https:\/\/camaratravel.com\/index.php?rest_route=\/wp\/v2\/pages\/484\/revisions\/1607"}],"wp:attachment":[{"href":"https:\/\/camaratravel.com\/index.php?rest_route=%2Fwp%2Fv2%2Fmedia&parent=484"}],"curies":[{"name":"wp","href":"https:\/\/api.w.org\/{rel}","templated":true}]}}