{"id":482,"date":"2023-10-04T00:22:17","date_gmt":"2023-10-04T00:22:17","guid":{"rendered":"https:\/\/camaratravel.com\/?page_id=482"},"modified":"2023-11-02T20:06:20","modified_gmt":"2023-11-02T20:06:20","slug":"viviendo-con-gorilas-en-uganda","status":"publish","type":"page","link":"https:\/\/camaratravel.com\/?page_id=482","title":{"rendered":"Viviendo con Gorilas en Uganda"},"content":{"rendered":"\n<div class=\"wp-block-cover is-light\" style=\"padding-top:var(--wp--preset--spacing--80);padding-bottom:var(--wp--preset--spacing--80);min-height:50px;aspect-ratio:unset;\"><span aria-hidden=\"true\" class=\"wp-block-cover__background has-luminous-vivid-orange-background-color has-background-dim-100 has-background-dim\"><\/span><div class=\"wp-block-cover__inner-container is-layout-flow wp-block-cover-is-layout-flow\">\n<p class=\"has-text-align-center has-large-font-size\"><\/p>\n<\/div><\/div>\n\n\n\n<figure class=\"wp-block-image\"><img decoding=\"async\" src=\"https:\/\/one.cdnmega.com\/images\/viajes\/covers\/viviendo-con-gorilas-en-uganda-1024x575_646f86b296c33.webp\" alt=\"\"\/><\/figure>\n\n\n\n<p>MT-32052 Viviendo con Gorilas en Uganda<\/p>\n\n\n\n<p><strong>Ciudades Visitadas:<\/strong>&nbsp;Uganda<\/p>\n\n\n\n<p><strong>Duraci\u00f3n:<\/strong>&nbsp;10 D\u00edas y 6 Noches<\/p>\n\n\n\n<p><strong>Desde:<\/strong>5599 USD + 999 Imp<\/p>\n\n\n\n<p><strong>Fecha(s) de salida:<\/strong><\/p>\n\n\n\n<p><br>Lunes (Salida garantizada a partir de 2 pasajeros)<\/p>\n\n\n\n<p><strong>Vigencia:<\/strong>&nbsp;Precios vigentes hasta el 31\/12\/2023<\/p>\n\n\n\n<p><strong>Aerolinea<\/strong><\/p>\n\n\n\n<h5 class=\"wp-block-heading\">INCLUYE VUELO<\/h5>\n\n\n\n<figure class=\"wp-block-image\"><img decoding=\"async\" src=\"https:\/\/one.cdnmega.com\/images\/aerolineas\/iata\/TK.png\" alt=\"Turkish Airlines\"\/><\/figure>\n\n\n\n<p><a href=\"http:\/\/leafletjs.com\/\">Leaflet<\/a><\/p>\n\n\n\n<p>Itinerario<\/p>\n\n\n\n<p><strong>D\u00cdA 01 M\u00c9XICO \u2708 ESTAMBUL&nbsp;<\/strong><br>Cita en el aeropuerto de la Ciudad de M\u00e9xico para abordar vuelo con destino a Entebbe. V\u00eda Canc\u00fan. Noche a bordo.&nbsp;<\/p>\n\n\n\n<p><strong>D\u00cdA&nbsp;02 ESTAMBUL\u2708 ENTEBBE&nbsp;<\/strong><br>Llegada a Barcelona y tiempo de espera. Los pasajeros permanecer\u00e1n en tr\u00e1nsito mientras esperan para tomar el siguiente vuelo con destino a Entebbe.<\/p>\n\n\n\n<p><strong>D\u00cdA&nbsp;03 ENTEBBE&nbsp;<\/strong><br>Llegada al Aeropuerto Internacional de Entebbe. Recepci\u00f3n por el personal de Kobo Safaris y traslado a su hotel en Kigo, en las afueras de Kampala, con vistas sobre el Lago Victoria. Comidas no incluidas. Alojamiento&nbsp;<\/p>\n\n\n\n<p><strong>D\u00cdA 04&nbsp;ENTEBBE \u2013 FORT PORTAL \/ KIBALE&nbsp;<\/strong><br>Desayuno y salida hacia Fort Portal\/Parque Nacional de Kibale (el viaje durar\u00e1 unas 5 horas aprox.), ser\u00e1 la primera toma de contacto con el bello paisaje de Uganda. Almuerzo incluido. Por la tarde nos trasladaremos a las afueras de Fort Portal para realizar una caminata guiada en el cintur\u00f3n de los lagos y cr\u00e1teres volc\u00e1nicos, rodeados de un paisaje espectacular nuestro gu\u00eda explicar\u00e1 diferentes aspectos de la cultura tradicionales del reino de Tooro (uno de los reinos tradicionales de Uganda). Tendremos tambi\u00e9n la oportunidad de visitar alguna casa en los poblados\/aldeas de la zona.Cena y Alojamiento.&nbsp;<\/p>\n\n\n\n<p><strong>D\u00cdA&nbsp;05&nbsp; KIBALE FOREST \u2013 QUEEN ELIZABETH NATIONAL PARK&nbsp;<\/strong><br>Desayuno temprano y corto traslado hasta el punto de encuentro del Parque Nacional del Bosque de Kibale. Kibale tiene la mayor concentraci\u00f3n de primates del mundo, hasta 13 especies diferentes. M\u00e1s de 1.400 chimpanc\u00e9s residen en este bosque, que es el m\u00e1s extenso de su tipo en el \u00c1frica sub-Sahariana. Dedicaremos la ma\u00f1ana a realizar una caminata por el parque en busca de chimpanc\u00e9s y otros primates como: el mono de I\u2019hoestes, el colobo rojo, el cercopiteco azul, el cercopiteco de cola roja and el mangabey de mejillas grises. Comida incluida, y continuaremos nuestro viaje, de unas 3 \u00bd horas aprox., hacia la zona del Parque Nacional de Queen Elizabeth. Llegada al atardecer y tiempo libre hasta la cena. Cena y Alojamiento. &nbsp;<\/p>\n\n\n\n<p><strong>D\u00cdA&nbsp;06 QUEEN ELIZABETH NATIONAL PARK &nbsp;(SAFARI Y CRUCERO SAFARI)&nbsp;<\/strong><br>Por la ma\u00f1ana temprano, desayunaremos en el lodge o tomaremos un caf\u00e9\/t\u00e9 y llevaremos un desayuno tipo picnic, haremos un safari en la zona de Kasenyi, dentro del PN de Queen Elisabeth, buscaremos leones, b\u00fafalos, elefantes, ant\u00edlopes como el cobo de Uganda (representado en el escudo nacional de Uganda) y otros, e incluso el leopardo, las hienas y el raro hil\u00f3quero (\u201cGiant forest hog\u201d). Nos trasladaremos para almorzar a Mweya Safari Lodge, situado junto al embarcadero del Canal de Kazinga. Tras el almuerzo haremos un crucero-safari de unas 2 horas aprox. por el Canal de Kazinga, canal natural de 32Km de largo que conecta los lagos Edward y George. Tendremos la oportunidad de observar una de las mayores concentraciones del mundo de hipop\u00f3tamos, b\u00fafalos, y aves acu\u00e1ticas (en el PN de Queen Elisabeth se han avistado m\u00e1s de 600 especies de aves), as\u00ed como cocodrilos del Nilo. Despu\u00e9s haremos un safari al atardecer en ruta hacia el lodge. Cena y Alojamiento.&nbsp;<\/p>\n\n\n\n<p><strong>D\u00cdA&nbsp;07 QUEEN ELIZABETH NATIONAL PARK (ISHASHA SECTOR) \u2013 BWINDI IMPENETRABLE NATIONAL PARK &nbsp;&nbsp;<\/strong><br>Por la ma\u00f1ana temprano, despu\u00e9s del desayuno, saldremos hacia lshasha en el sector sur de Queen Elizabeth National Park en busca de los famosos leones trepadores de esta zona adem\u00e1s de b\u00fafalos, elefantes, cobos de Uganda, topis, y otros. Almuerzo en ruta y continuamos en direcci\u00f3n al Parque Nacional de Bwindi, uno de los \u00faltimos reductos de una de las especies m\u00e1s amenazadas del planeta: el gorila de monta\u00f1a. Check in en el lodge y tiempo libre para relajarse antes de la cena. Cena y Alojamiento.<\/p>\n\n\n\n<p><strong>D\u00cdA&nbsp;08 BWINDI IMPENETRABLE &nbsp;NATIONAL PARK&nbsp;<\/strong><br>Desayuno muy temprano y nos desplazaremos al centro de visitantes del Parque Nacional Bwindi. En primer lugar recibiremos una charla informativa por parte del gu\u00eda, del parque nacional, que nos acompa\u00f1ar\u00e1 en nuestra caminata. Los gu\u00edas y pisteros del parque son extremadamente profesionales, y nos informar\u00e1n detalladamente sobre las reglas y comportamiento que debemos seguir tanto durante la caminata como durante el tiempo que permanezcamos observando a los gorillas. A continuaci\u00f3n nos trasladaremos hasta el punto desde donde comenzaremos la caminata, llevaremos comida\/picnic debido a la imprevisible duraci\u00f3n de la caminata. Vuelta al lodge y tarde libre para descansar, disfrutar y compartir el recuerdo de una de las experiencias m\u00e1s impactantes del mundo animal. En Bwindi, sectores de Buhoma y Ruhija, hay un total de 7 grupos de gorilas habituados a la presencia humana y que pueden ser visitados por turistas (tres grupos en Buhoma y cuatro en Ruhija). Cada grupo puede ser visitado por un m\u00e1ximo de 8 personas al d\u00eda y el encuentro con los gorilas est\u00e1 escrupulosamente limitado a 1 hora. La caminata puede durar entre 1 y 8 horas y se pueden alcanzar altitudes superiores a los 2,500 metros. &nbsp;El terreno es escarpado y a veces hay bastante barro. Aunque la caminata requiere esfuerzo f\u00edsico, la belleza del bosque y el paisaje lo hacen muy entretenido. Una vez encontrados los gorilas toda la fatiga se olvida, y la experiencia es con much\u00edsima frecuencia descrita como la m\u00e1s profunda e inolvidable del mundo animal. Puede llover en cualquier momento por lo que es muy recomendable llevar impermeable, y por supuesto botas de trekking, as\u00ed como pantalones largos, camisa\/camiseta de manga larga, calcetines altos, sombrero y protecci\u00f3n solar. Un forro polar o prenda ligera de abrigo es recomendable ya que a primera hora de la ma\u00f1ana, debido a la altitud y ambiente h\u00famedo, puede hacer fr\u00edo. Su gu\u00eda\/conductor les proporcionar\u00e1 suficiente agua para la caminata.Cena y Alojamiento.&nbsp;<\/p>\n\n\n\n<p><strong>D\u00cdA&nbsp;09 BWINDI NATIONAL PARK \u2013 ENTEBBE \u2708 ESTAMBUL&nbsp;&nbsp;&nbsp;<\/strong>&nbsp;<br>Desayuno,y salimos en direcci\u00f3n a Entebbe cruzando distintas regiones y distritos de esta bell\u00edsima zona del pa\u00eds. Disfrutaremos de los espectaculares paisajes de los montes Kigezi, de los cambios en la vegetaci\u00f3n y los r\u00edos, seg\u00fan dejamos atr\u00e1s el habitat del gorilla de monta\u00f1a en direcci\u00f3n a Mbarara, la capital de la region de Ankole region. Almuerzo incluido en ruta, cruzamos de nuevo el Ecuador esta vez en direcci\u00f3n sur-norte y continuamos hacia Entebbe donde terminar\u00e1 nuestro viaje. Por la noche, traslado al aeropuerto para tomar el vuelo con destino a Estambul.&nbsp;<\/p>\n\n\n\n<p><strong>D\u00cdA&nbsp;10&nbsp; ESTAMBUL \u2708 M\u00c9XICO&nbsp;<\/strong><br>Llegada a Estambul y tiempo de espera. Los pasajeros permanecer\u00e1n en tr\u00e1nsito mientras esperan para tomar el siguiente vuelo con destino a la Ciudad de M\u00e9xico.&nbsp;<\/p>\n\n\n\n<p><strong>\u2013<\/strong>&nbsp;<small><strong>Este itinerario puede sufrir modificaciones por condiciones de carreteras, clima, otros aspectos no previsibles o disponibilidad al momento de reservar.&nbsp;<\/strong><\/small><br><strong>\u2013<\/strong>&nbsp;<small><strong>El orden de los servicios puede cambiar<\/strong><\/small><strong>&nbsp;&nbsp;&nbsp;&nbsp;&#8230;FIN DE NUESTROS SERVICIOS<\/strong><\/p>\n\n\n\n<p>Precios y Hoteles:<\/p>\n\n\n\n<figure class=\"wp-block-table\"><table><tbody><tr><td><strong>CATEGORIA<\/strong><\/td><td><strong>TRIPLE<\/strong><\/td><td><strong>DOBLE<\/strong><\/td><td><strong>SGL<\/strong><\/td><\/tr><tr><td>4* Estrellas<\/td><td>$5,599<\/td><td>$5,599<\/td><td>$6,099<\/td><\/tr><\/tbody><\/table><\/figure>\n\n\n\n<p><strong>IMPUESTOS Y SUPLEMENTOS<\/strong><\/p>\n\n\n\n<figure class=\"wp-block-table\"><table><tbody><tr><td>Impuestos a\u00e9reos<\/td><td>$ 999<\/td><\/tr><\/tbody><\/table><\/figure>\n\n\n\n<p>\u2013 Precios indicados en usd, pagaderos en moneda nacional al tipo de cambio del d\u00eda.<br>\u2013&nbsp;Sujeto a disponibilidad de servicios terrestres para la fecha solicitada.<br>\u2013&nbsp;Precios sujetos a cambios sin previo aviso y a confirmacion.<br>\u2013 Pueden aplicar suplementos seg\u00fan fecha de salida y disponibilidad a\u00e9rea.<br>\u2013 Consultar tarifas y suplementos para navidad, a\u00f1o nuevo y pascua.<\/p>\n\n\n\n<figure class=\"wp-block-table\"><table><tbody><tr><td colspan=\"4\"><strong>HOTELES PREVISTOS O SIMILARES<\/strong><\/td><\/tr><tr><td><strong>HOTEL<\/strong><\/td><td><strong>CIUDAD<\/strong><\/td><td><strong>TIPO<\/strong><\/td><td><strong>PA\u00cdS<\/strong><\/td><\/tr><tr><td>Lake Victoria Serena Resort<\/td><td>Kigo<\/td><td>Primera<\/td><td>Uganda<\/td><\/tr><tr><td>Crater Safari Lodge<\/td><td>Fort Portal\/ Kibale<\/td><td>Primera<\/td><td>Uganda<\/td><\/tr><tr><td>Mweya Safari Lodge<\/td><td>Queen Elizabet National Park<\/td><td>Primera<\/td><td>Uganda<\/td><\/tr><tr><td>Engagi Lodge<\/td><td>Bwindi<\/td><td>Primera<\/td><td>Uganda<\/td><\/tr><tr><td colspan=\"4\">\u00c9sta es la relaci\u00f3n de los hoteles utilizados m\u00e1s frecuentemente en este circuito. Reflejada tan s\u00f3lo a efectos indicativos, pudiendo ser el pasajero alojado en establecimientos similares o alternativos<\/td><\/tr><\/tbody><\/table><\/figure>\n\n\n\n<p>El paquete incluye<\/p>\n\n\n\n<ul class=\"wp-block-list\">\n<li>Boleto de avi\u00f3n en clase turista<\/li>\n\n\n\n<li>Traslados de aeropuerto tanto de llegada como de salida seg\u00fan el itinerario<\/li>\n\n\n\n<li>Alojamiento seg\u00fan el itinerario<\/li>\n\n\n\n<li>Pensi\u00f3n completa durante todo el viaje excepto en Kampala\/Kigo, que ser\u00e1 \u00fanicamente alojamiento y desayuno.<\/li>\n\n\n\n<li>Caminata guiada en la zona de Fort Portal<\/li>\n\n\n\n<li>Trekking de Chimpac\u00e9s en el parque nacional de Kibale.<\/li>\n\n\n\n<li>2 Safaris de ma\u00f1ana y un safari en ruta por la tarde en el Parque Nacional de Queen Elizabeth.<\/li>\n\n\n\n<li>Safari en Barco en el Canal de Kazinga<\/li>\n\n\n\n<li>Trekking de gorilas de monta\u00f1a<\/li>\n\n\n\n<li>Transporte en 4X4 Toyota Land Crusier (uso NO exclusivo del veh\u00edculo) gu\u00eda\/conductor de habla inglesa y traductor \/ interprete de habla hispana EXCEPTO DURANTE CAMINATAS DE LOS GORILAS Y LOS CHIMPANC\u00c9S<\/li>\n\n\n\n<li>Entradas a los parques y actividades seg\u00fan el itinerario<\/li>\n\n\n\n<li>Agua mineral en ruta (excepto con las comidas)<\/li>\n\n\n\n<li>Seguro m\u00e9dico de evacuaci\u00f3n Flying Doctors<\/li>\n<\/ul>\n\n\n\n<p>El paquete no incluye:<\/p>\n\n\n\n<ul class=\"wp-block-list\">\n<li>Gastos personales<\/li>\n\n\n\n<li>Ning\u00fan servicio no especificado como incluido<\/li>\n\n\n\n<li>Propinas a gu\u00edas y choferes (se paga directamente en el destino).<\/li>\n\n\n\n<li>Propinas para maleteros, camaristas, meseros, etc.<\/li>\n\n\n\n<li>Gastos extras en los hoteles como llamadas telef\u00f3nicas, lavander\u00eda, etc.<\/li>\n\n\n\n<li>Fee de c\u00e1maras en los monumentos<\/li>\n\n\n\n<li>Visado para Uganda: el visado de entrada sencillo tiene un coste de $50 por perso-na. El visado se debe obtener online con anterioridad al viaje en el siguiente enlace https:\/\/visas.immigration.go.ug\/<\/li>\n\n\n\n<li>Impuestos a\u00e9reos por persona.<\/li>\n\n\n\n<li>Suplementos por eventos, ferias o cenas de navidad y a\u00f1o nuevo en los destinos (por favor consultar)<\/li>\n\n\n\n<li>Vacuna contra la fiebre amarilla<\/li>\n\n\n\n<li>Seguro de viajero<\/li>\n\n\n\n<li>Los permisos de gorilas NO son reembolsables<\/li>\n\n\n\n<li>Los permisos de Chimpanc\u00e9s NO son reembolsables<\/li>\n<\/ul>\n\n\n\n<p>Precios cotizados en d\u00f3lares americanos, pagaderos en Moneda Nacional al tipo de cambio del d\u00eda Los precios indicados son informativos y deben ser conformados antes de su compra ya que est\u00e1n sujetos a cambio sin previo aviso. Para obtener el costo exacto a pagar a tipo de cambio del d\u00eda, comun\u00edquese con nosotros. Consulte impuestos y suplementos.<\/p>\n","protected":false},"excerpt":{"rendered":"<p>MT-32052 Viviendo con Gorilas en Uganda Ciudades Visitadas:&nbsp;Uganda Duraci\u00f3n:&nbsp;10 D\u00edas y 6 Noches Desde:5599 USD + 999 Imp Fecha(s) de salida: Lunes (Salida garantizada a partir de 2 pasajeros) Vigencia:&nbsp;Precios vigentes hasta el 31\/12\/2023 Aerolinea INCLUYE VUELO Leaflet Itinerario D\u00cdA 01 M\u00c9XICO \u2708 ESTAMBUL&nbsp;Cita en el aeropuerto de la Ciudad de M\u00e9xico para abordar vuelo [&hellip;]<\/p>\n","protected":false},"author":1,"featured_media":0,"parent":0,"menu_order":0,"comment_status":"closed","ping_status":"closed","template":"","meta":{"om_disable_all_campaigns":false,"_monsterinsights_skip_tracking":false,"_monsterinsights_sitenote_active":false,"_monsterinsights_sitenote_note":"","_monsterinsights_sitenote_category":0,"site-sidebar-layout":"default","site-content-layout":"","ast-site-content-layout":"default","site-content-style":"default","site-sidebar-style":"default","ast-global-header-display":"","ast-banner-title-visibility":"","ast-main-header-display":"","ast-hfb-above-header-display":"","ast-hfb-below-header-display":"","ast-hfb-mobile-header-display":"","site-post-title":"disabled","ast-breadcrumbs-content":"","ast-featured-img":"","footer-sml-layout":"","ast-disable-related-posts":"","theme-transparent-header-meta":"","adv-header-id-meta":"","stick-header-meta":"","header-above-stick-meta":"","header-main-stick-meta":"","header-below-stick-meta":"","astra-migrate-meta-layouts":"set","ast-page-background-enabled":"default","ast-page-background-meta":{"desktop":{"background-color":"","background-image":"","background-repeat":"repeat","background-position":"center center","background-size":"auto","background-attachment":"scroll","background-type":"","background-media":"","overlay-type":"","overlay-color":"","overlay-opacity":"","overlay-gradient":""},"tablet":{"background-color":"","background-image":"","background-repeat":"repeat","background-position":"center center","background-size":"auto","background-attachment":"scroll","background-type":"","background-media":"","overlay-type":"","overlay-color":"","overlay-opacity":"","overlay-gradient":""},"mobile":{"background-color":"","background-image":"","background-repeat":"repeat","background-position":"center center","background-size":"auto","background-attachment":"scroll","background-type":"","background-media":"","overlay-type":"","overlay-color":"","overlay-opacity":"","overlay-gradient":""}},"ast-content-background-meta":{"desktop":{"background-color":"var(--ast-global-color-5)","background-image":"","background-repeat":"repeat","background-position":"center center","background-size":"auto","background-attachment":"scroll","background-type":"","background-media":"","overlay-type":"","overlay-color":"","overlay-opacity":"","overlay-gradient":""},"tablet":{"background-color":"var(--ast-global-color-5)","background-image":"","background-repeat":"repeat","background-position":"center center","background-size":"auto","background-attachment":"scroll","background-type":"","background-media":"","overlay-type":"","overlay-color":"","overlay-opacity":"","overlay-gradient":""},"mobile":{"background-color":"var(--ast-global-color-5)","background-image":"","background-repeat":"repeat","background-position":"center center","background-size":"auto","background-attachment":"scroll","background-type":"","background-media":"","overlay-type":"","overlay-color":"","overlay-opacity":"","overlay-gradient":""}},"footnotes":""},"class_list":["post-482","page","type-page","status-publish","hentry"],"aioseo_notices":[],"_links":{"self":[{"href":"https:\/\/camaratravel.com\/index.php?rest_route=\/wp\/v2\/pages\/482","targetHints":{"allow":["GET"]}}],"collection":[{"href":"https:\/\/camaratravel.com\/index.php?rest_route=\/wp\/v2\/pages"}],"about":[{"href":"https:\/\/camaratravel.com\/index.php?rest_route=\/wp\/v2\/types\/page"}],"author":[{"embeddable":true,"href":"https:\/\/camaratravel.com\/index.php?rest_route=\/wp\/v2\/users\/1"}],"replies":[{"embeddable":true,"href":"https:\/\/camaratravel.com\/index.php?rest_route=%2Fwp%2Fv2%2Fcomments&post=482"}],"version-history":[{"count":3,"href":"https:\/\/camaratravel.com\/index.php?rest_route=\/wp\/v2\/pages\/482\/revisions"}],"predecessor-version":[{"id":1609,"href":"https:\/\/camaratravel.com\/index.php?rest_route=\/wp\/v2\/pages\/482\/revisions\/1609"}],"wp:attachment":[{"href":"https:\/\/camaratravel.com\/index.php?rest_route=%2Fwp%2Fv2%2Fmedia&parent=482"}],"curies":[{"name":"wp","href":"https:\/\/api.w.org\/{rel}","templated":true}]}}