{"id":480,"date":"2023-10-04T00:17:39","date_gmt":"2023-10-04T00:17:39","guid":{"rendered":"https:\/\/camaratravel.com\/?page_id=480"},"modified":"2023-11-02T20:05:06","modified_gmt":"2023-11-02T20:05:06","slug":"sudafrica-clasica","status":"publish","type":"page","link":"https:\/\/camaratravel.com\/?page_id=480","title":{"rendered":"Sud\u00e1frica Cl\u00e1sica"},"content":{"rendered":"\n<div class=\"wp-block-cover is-light\" style=\"padding-top:var(--wp--preset--spacing--80);padding-bottom:var(--wp--preset--spacing--80);min-height:50px;aspect-ratio:unset;\"><span aria-hidden=\"true\" class=\"wp-block-cover__background has-vivid-green-cyan-background-color has-background-dim-100 has-background-dim\"><\/span><div class=\"wp-block-cover__inner-container is-layout-flow wp-block-cover-is-layout-flow\">\n<p class=\"has-text-align-center has-large-font-size\"><\/p>\n<\/div><\/div>\n\n\n\n<figure class=\"wp-block-image\"><img decoding=\"async\" src=\"https:\/\/one.cdnmega.com\/images\/viajes\/covers\/45-sudafrica-clasica-1024x575_65132d1a46494.webp\" alt=\"\"\/><\/figure>\n\n\n\n<p>MT-32061 Sud\u00e1frica Cl\u00e1sica<\/p>\n\n\n\n<p><strong>Ciudades Visitadas:<\/strong>&nbsp;Turqu\u00eda, Sud\u00e1frica<\/p>\n\n\n\n<p><strong>Duraci\u00f3n:<\/strong>&nbsp;14 D\u00edas y 10 Noches<\/p>\n\n\n\n<p><strong>Desde:<\/strong>2199 USD + 999 Imp<\/p>\n\n\n\n<p><strong>Fecha(s) de salida:<\/strong><\/p>\n\n\n\n<h3 class=\"wp-block-heading\">Salidas para el a\u00f1o 2024<\/h3>\n\n\n\n<p>Mayo: 04<\/p>\n\n\n\n<p><strong>Vigencia:<\/strong>&nbsp;Precios vigentes hasta el 04\/05\/2024<\/p>\n\n\n\n<p><strong>Aerolinea<\/strong><\/p>\n\n\n\n<h5 class=\"wp-block-heading\">INCLUYE VUELO<\/h5>\n\n\n\n<figure class=\"wp-block-image\"><img decoding=\"async\" src=\"https:\/\/one.cdnmega.com\/images\/aerolineas\/iata\/TK.png\" alt=\"Turkish Airlines\"\/><\/figure>\n\n\n\n<p><a href=\"http:\/\/leafletjs.com\/\">Leaflet<\/a><\/p>\n\n\n\n<p>Itinerario<\/p>\n\n\n\n<p><strong>D\u00cdA 01&nbsp;M\u00c9XICO \u2708 ESTAMBUL<\/strong><br>Cita en el aeropuerto Internacional de la Ciudad de M\u00e9xico para abordar vuelo con destino a Estambul. Noche a bordo.&nbsp;<\/p>\n\n\n\n<p><strong>D\u00cdA 02&nbsp;ESTAMBUL<\/strong><br>Llegada al aeropuerto internacional de Estambul. Recepci\u00f3n y Traslado al hotel. Alojamiento.<\/p>\n\n\n\n<p><strong>D\u00cdA 03 ESTAMBUL&nbsp;<\/strong><br>Desayuno. D\u00eda libre. Alojamiento. Posibilidad de tomar la excursi\u00f3n opcional guiada (no incluida \u2013 con costo adicional) con almuerzo en un restaurante de comida t\u00edpica \u201cTOUR POR EL B\u00d3SFORO\u201d. Salida para contemplar el espectacular panorama del Cuerno de Oro desde la colina de Pierre Loti; visita de la Catedral de San Jorge, principal patriarcado de la Iglesia Ortodoxa Griega y sede del Patriarcado Ecum\u00e9nico de Constantinopla, reconocido como el l\u00edder espiritual de los cristianos ortodoxos del mundo; continuamos a la Mezquita de Solim\u00e1n El Magn\u00edfico, dise\u00f1ada por el arquitecto otomano Mimar Sinan y que cuenta con la c\u00fapula m\u00e1s grande de todas las mezquitas en Estambul; nos dirigimos al Bazar de las Especias, un lugar con encanto especial por su colorido y aromas, el sitio por excelencia para adquirir t\u00e9s, hierbas, frutos secos, dulces t\u00edpicos y por supuesto especias; culminamos con un recorrido a trav\u00e9s del B\u00f3sforo, el estrecho que divide la ciudad entre Europa y Asia, apreciaremos las maravillosas vistas de las fortalezas otomanas, palacios, villas y los puentes que conectan ambos lados de esta urbe.&nbsp;<\/p>\n\n\n\n<p><strong>D\u00cdA 04&nbsp;ESTAMBUL&nbsp;<\/strong><br>Desayuno. D\u00eda libre. Alojamiento. Posibilidad de tomar la excursi\u00f3n opcional (no incluida \u2013 con costo adicional) guiada con almuerzo en un restaurante de comida t\u00edpica \u201cJOYAS DE CONSTANTINOPLA\u201d: Ad\u00e9ntrese en el casco hist\u00f3rico de la ciudad, donde podr\u00e1 observar la variedad de vestigios de los diferentes imperios que dieron forma al actual Estambul: el imponente Palacio de Topkapi, residencia de los sultanes y principal centro administrativo del Imperio Otomano; Santa Sof\u00eda con su majestuosa arquitectura bizantina y mezcla de elementos religiosos cristianos e isl\u00e1micos; el Hip\u00f3dromo Romano, centro de la vida social de Constantinopla durante miles de a\u00f1os; la Mezquita Azul con sus m\u00e1s de 20,000 azulejos de cer\u00e1mica hechos a mano y tra\u00eddos desde Iznik; el Gran Bazar, uno de los mercados cubiertos m\u00e1s grandes y antiguos del mundo y en el que el regateo es una tradici\u00f3n.&nbsp;<\/p>\n\n\n\n<p><strong>D\u00cdA 05 ESTAMBUL&nbsp;<\/strong><br>Desayuno. D\u00eda libre. Alojamiento.<\/p>\n\n\n\n<p><strong>D\u00cdA 06 ESTAMBUL&nbsp;<\/strong><br>Desayuno. Check out a las 12:00hrs. A la hora indicada traslado al aeropuerto para tomar vuelo con destino a Johannesburg.&nbsp;<\/p>\n\n\n\n<p><strong>D\u00cdA 07 ESTAMBUL \u2708 JOHANNESBURGO<\/strong><br>A la hora indicada abordar vuelo con destino a Johannesburgo. Llegada y Recepci\u00f3n. Bienvenido a Johannesburgo, la ciudad de oro. En el recorrido panor\u00e1mico por la ciudad despu\u00e9s de la llegada veremos el centro de la ciudad de Houghton, Mandela House, Rosebank, Sandton, mas tarde traslado al hotel. Alojamiento.<\/p>\n\n\n\n<p><strong>D\u00cdA 08&nbsp;JOHANNESBURGO<\/strong><br>Desayuno. D\u00eda libre. Sugerimos realizar la excursi\u00f3n opcional (con costo adicional)&nbsp;GOLD REEF TOUR A LA MINA DE ORO, SOWETO Y EL MUSEO DEL APARTHEID, Despu\u00e9s del desayuno, partimos hacia Soweto, el barrio marginal m\u00e1s grande de Sud\u00e1frica y donde comenzaron los primeros levantamientos contra la administraci\u00f3n del Afartheid. Soweto es el barrio marginal m\u00e1s famoso de Sud\u00e1frica y se extiende sobre una gran superficie. Tambi\u00e9n es el centro de los levantamientos contra el r\u00e9gimen racista. En 1955, se ley\u00f3 la Proclamaci\u00f3n de la Libertad en la Plaza de la Libertad. Aqu\u00ed es posible ver personas de todos los ingresos y culturas. Est\u00e1 la casa de Soweto, donde vivi\u00f3 durante muchos a\u00f1os el premio Nobel Nelson Mandela, las casas donde vivi\u00f3 el arzobispo Tutu, la catedral cat\u00f3lica Regina Mundi y el monumento construido para los levantamientos estudiantiles de 1976.<br>Despu\u00e9s de este recorrido, donde presenciamos la verdadera Johannesburgo, nos trasladamos a Gold Reef City. Golf Reef es la mina con m\u00e1s oro de Johannesburgo. Toda la ciudad fue construida y ampliada alrededor de esta mina. Hasta ahora se han extra\u00eddo de aqu\u00ed un total de 1,4 millones de toneladas de oro. Aunque hay oro a profundidades mucho m\u00e1s profundas, esta mina se cerr\u00f3 porque era costoso descender por debajo de los 4.000 metros. Si bien hab\u00eda tres granjas en la Johannesburgo anterior a la llegada del oro, ahora Johannesburgo se ha convertido en la ciudad cosmopolita y rica m\u00e1s grande de Sud\u00e1frica. Comenzamos el recorrido por Gold Reef City explicando el pasado dorado de Johannesburgo. Continuamos nuestro recorrido con visitas a las casas de antiguos mineros, estas casas fueron utilizadas desde el siglo XIX hasta mediados del XX. Bajamos a la mina de 226 metros, aprendemos c\u00f3mo se extrae el oro y luego pasamos a la sala donde se vierte el oro. Luego de esta maravillosa experiencia, tiempo libre para el almuerzo.<br>Luego, nos trasladamos al Museo del Apartheid y somos testigos de las pr\u00e1cticas inhumanas llevadas a cabo durante el per\u00edodo en que estaban vigentes las pol\u00edticas de discriminaci\u00f3n racial. Regreso al hotel despu\u00e9s del recorrido. Alojamiento.<\/p>\n\n\n\n<p>\u2022 Gold Reef City est\u00e1 cerrado los lunes.<\/p>\n\n\n\n<p>\u2022 El Museo del Apartheid est\u00e1 cerrado los lunes y martes.&nbsp;<\/p>\n\n\n\n<p><strong>D\u00cdA 09&nbsp;JOHANNESBURGO<\/strong><br>Desayuno. D\u00eda libre. Sugerimos realizar la excursi\u00f3n opcional (con costo adicional) TOUR CERRO CONSTITUCIONAL Y PRETORIA, Despu\u00e9s del desayuno, nos trasladaremos a Constitution Hill, donde seremos testigos de la historia reciente, pero su historia es casi tan antigua como la de Johannesburgo y en realidad fue construida sobre las ruinas del antiguo castillo. Recorremos este complejo, que fue utilizado como prisi\u00f3n segregada y reconvertido en museo. Nelson y Mimi Mandela, Albertina Sisulu y Oliver Tambo son s\u00f3lo algunos de los miles de prisioneros que sirven aqu\u00ed.<br>Luego continuamos hacia la capital Pretoria. Entre los lugares para ver en nuestro Tour por Pretoria se encuentran el monumento Voortrekker, una obra maestra arquitect\u00f3nica construida en memoria de las migraciones y victorias de los holandeses en el siglo XIX, la plaza de la Iglesia, Union Buildings, la casa de Paul Kruger y otras calles y monumentos importantes. de la ciudad. Almorzaremos en Pretoria. Al finalizar el recorrido, regresamos a nuestro hotel. Alojamiento.<\/p>\n\n\n\n<p><strong>D\u00cdA 10&nbsp;JOHANNESBURGO \u2013&nbsp;PILANESBERG<\/strong><br>Desayuno. Enseguida partiremos hacia el Parque Nacional Pilanesberg. Nuestro viaje tomar\u00e1 3 horas en total. Haremos el Lion Park Tour en el camino. En Aslan Park, podremos ver de cerca animales como leones, leones blancos, guepardos, leopardos, jirafas, merkats y hienas, podremos entrar en las jaulas de los leones, acariciar a los cachorros de le\u00f3n y alimentar a las jirafas. Posteriormente, podremos entrar en las jaulas de los leones con veh\u00edculos safari y fotografiarlos de cerca. Luego continuaremos nuestro viaje hacia nuestro albergue en Pilanesberg. Traslado al hotel para el Check-in. Mas tarde nos dirigiremos al safari para disfrutar del atardecer. Regreso al hotel, Cena y Alojamiento.<\/p>\n\n\n\n<p><strong>D\u00cdA 11 PILANESBERG<\/strong><br>A la hora indicada reuni\u00f3n en el lobby para salir rumbo al safari, en nuestro tour de safari fotogr\u00e1fico, lo invitamos a la vida salvaje con sus misteriosas y fascinantes bellezas. Seremos invitados a la vida cotidiana de varios animales salvajes que viven en un entorno natural con formaci\u00f3n volc\u00e1nica entre las monta\u00f1as del Parque Nacional Pilansberg, donde tendremos la oportunidad de pasar horas \u00fanicas llenas de recuerdos inolvidables en plena naturaleza durante nuestro viaje, con veh\u00edculos de safari descapotables. Durante nuestro viaje tendremos la oportunidad de ver leones, leopardos, elefantes, b\u00fafalos y rinocerontes, que se definen como los Cinco Grandes, as\u00ed como 350 especies de aves, 65 reptiles y cientos de especies animales diferentes. Regreso al hotel para desayunar y descansar.<br>Mas tarde nos dirigimos a Sun City. Exploraremos The Lost City en Sun City y podremos nadar en olas artificiales en Water World, ir al centro comercial y de entretenimiento y probar suerte en el Casino. Despu\u00e9s de almorzar aqu\u00ed, regresaremos a nuestro hotel. Por la noche nos dirigimos al otro safari para contemplar el atardecer. Cena y Alojamiento.<\/p>\n\n\n\n<p><strong>D\u00cdA 12 PILANESBERG \u2013&nbsp;JOHANNESBURG \u2013&nbsp;ESTAMBUL<\/strong><br>Desayuno. Check Out. Saldremos de nuestro hotel rumbo a Johannesburgo. Lesedi es un pueblo cultural donde puedes ver de cerca los estilos de vida, bailes, costumbres y tradiciones de las tribus negras que viven en Sud\u00e1frica. Al comienzo del recorrido, se explica la historia de las culturas negras con una presentaci\u00f3n de video, luego se divide en peque\u00f1os grupos y se ingresa a las \u00e1reas que exhiben la vida hogare\u00f1a de las tribus Zulu-Xhosa-Basotho y Pedi. Despu\u00e9s podremos disfrutar de los bailes culturales africanos. Tomaremos nuestro almuerzo con comida tradicional africana en Lesedi Cultural Village. A la hora indicada traslado al aeropuerto de Johannesburgo para abordar vuelo con destino a Estambul. Noche a bordo.<\/p>\n\n\n\n<p><strong>D\u00cdA 13&nbsp;ESTAMBUL&nbsp;<\/strong><br>Llegada y tiempo de espera hasta la hora del Check In. Traslado al hotel. Alojamiento.&nbsp;<\/p>\n\n\n\n<p><strong>D\u00cdA 14 ESTAMBUL \u2708 M\u00c9XICO<\/strong><br>Desayuno. Check Out 12:00HRS. A la hora indicada traslado al aeropuerto para abordar vuelo con destino a Ciudad de M\u00e9xico.<\/p>\n\n\n\n<p><small><strong>\u2013ESTE ITINERARIO PUEDE SUFRIR MODIFICACIONES POR CONDICIONES DE CARRETERAS, CLIMA, OTROS ASPECTOS NO PREVISIBLES O DISPONIBILIDAD AL MOMENTO DE RESERVAR.<br>\u2013EL ORDEN DE LOS SERVICIOS PUEDE CAMBIAR.<\/strong><\/small><strong>&nbsp;&nbsp;&nbsp;&nbsp;&#8230;FIN DE NUESTROS SERVICIOS<\/strong><\/p>\n\n\n\n<p>Precios y Hoteles:<\/p>\n\n\n\n<figure class=\"wp-block-table\"><table><tbody><tr><td><strong>TRIPLE*<\/strong><\/td><td><strong>DOBLE<\/strong><\/td><td><strong>SGL<\/strong><\/td><\/tr><tr><td>$ 2,199<\/td><td>$ 2,199<\/td><td>$ 2,799<\/td><\/tr><\/tbody><\/table><\/figure>\n\n\n\n<p><strong>MPUESTOS Y SUPLEMENTOS<\/strong><\/p>\n\n\n\n<figure class=\"wp-block-table\"><table><tbody><tr><td>Impuestos a\u00e9reos<\/td><td>$ 999<\/td><\/tr><tr><td colspan=\"2\"><strong>SUPLEMENTOS 2024<\/strong><\/td><\/tr><tr><td>Mayo: 04<\/td><td>Sin suplemento<\/td><\/tr><\/tbody><\/table><\/figure>\n\n\n\n<p>\u2013Precios indicados en USD, pagaderos en Moneda Nacional al tipo de cambio del d\u00eda.<br>\u2013Los precios indicados en este itinerario son de car\u00e1cter informativo y deben ser confirmados para realizar su reservaci\u00f3n ya que est\u00e1n sujetos a modificaciones sin previo aviso.<\/p>\n\n\n\n<figure class=\"wp-block-table\"><table><tbody><tr><td colspan=\"4\"><strong>HOTELES PREVISTOS O SIMILARES<\/strong><\/td><\/tr><tr><td><strong>HOTEL<\/strong><\/td><td><strong>CIUDAD<\/strong><\/td><td><strong>TIPO<\/strong><\/td><td><strong>PA\u00cdS<\/strong><\/td><\/tr><tr><td>Clarion Hotel<\/td><td>Estambul<\/td><td>Primera<\/td><td>Turqu\u00eda<\/td><\/tr><tr><td>Holiday Inn Rosebank<\/td><td>Johannesburgo<\/td><td>Primera<\/td><td>Sud\u00e1frica<\/td><\/tr><tr><td>Bakubung Bush Lodge\/KWA Maritane<\/td><td>Pilanesberg<\/td><td>Primera<\/td><td>Sud\u00e1frica<\/td><\/tr><tr><td colspan=\"4\">\u00c9sta es la relaci\u00f3n de los hoteles utilizados m\u00e1s frecuentemente en este circuito. Reflejada tan s\u00f3lo a efectos indicativos, pudiendo ser el pasajero alojado en establecimientos similares o alternativos<\/td><\/tr><\/tbody><\/table><\/figure>\n\n\n\n<p>El paquete incluye<\/p>\n\n\n\n<ul class=\"wp-block-list\">\n<li>Boleto de avi\u00f3n Ciudad de M\u00e9xico \u2013 Estambul \u2013 Johannesburgo \u2013 Estambul \u2013 Ciudad de M\u00e9xico en clase turista.<\/li>\n\n\n\n<li>5 noches de alojamiento en Estambul.<\/li>\n\n\n\n<li>3 noches de alojamiento en Johannesburgo.<\/li>\n\n\n\n<li>2 noches de alojamiento en Pilanesberg.<\/li>\n\n\n\n<li>R\u00e9gimen alimenticio seg\u00fan itinerario.<\/li>\n\n\n\n<li>Traslados y visitas indicados.<\/li>\n\n\n\n<li>Gu\u00edas de habla hispana.<\/li>\n\n\n\n<li>Autocar con aire acondicionado.<\/li>\n<\/ul>\n\n\n\n<p>El paquete no incluye:<\/p>\n\n\n\n<ul class=\"wp-block-list\">\n<li>Gastos personales y extras en los hoteles.<\/li>\n\n\n\n<li>Gastos personales<\/li>\n\n\n\n<li>Visitas adicionales<\/li>\n\n\n\n<li>Consejos de gu\u00eda\/conductor\/safari (lea la informaci\u00f3n pr\u00e1ctica)<\/li>\n\n\n\n<li>Seguro de viaje, salud, equipaje y bienes perdidos\/da\u00f1ados, seguro de cancelaci\u00f3n<\/li>\n\n\n\n<li>Propinas en Estambul: 05 USD por persona en caso de realizar alguna visita opcional. (Se paga directo en destino)<\/li>\n\n\n\n<li>Propinas en Sudafrica: 70 USD por persona. (Se paga directo en destino)<\/li>\n\n\n\n<li>Impuestos a\u00e9reos por persona<\/li>\n\n\n\n<li>Ning\u00fan servicio no especificado como incluido o como opcional.<\/li>\n<\/ul>\n\n\n\n<p>Precios cotizados en d\u00f3lares americanos, pagaderos en Moneda Nacional al tipo de cambio del d\u00eda Los precios indicados son informativos y deben ser conformados antes de su compra ya que est\u00e1n sujetos a cambio sin previo aviso. Para obtener el costo exacto a pagar a tipo de cambio del d\u00eda, comun\u00edquese con nosotros. Consulte impuestos y suplementos.<\/p>\n","protected":false},"excerpt":{"rendered":"<p>MT-32061 Sud\u00e1frica Cl\u00e1sica Ciudades Visitadas:&nbsp;Turqu\u00eda, Sud\u00e1frica Duraci\u00f3n:&nbsp;14 D\u00edas y 10 Noches Desde:2199 USD + 999 Imp Fecha(s) de salida: Salidas para el a\u00f1o 2024 Mayo: 04 Vigencia:&nbsp;Precios vigentes hasta el 04\/05\/2024 Aerolinea INCLUYE VUELO Leaflet Itinerario D\u00cdA 01&nbsp;M\u00c9XICO \u2708 ESTAMBULCita en el aeropuerto Internacional de la Ciudad de M\u00e9xico para abordar vuelo con destino a [&hellip;]<\/p>\n","protected":false},"author":1,"featured_media":0,"parent":0,"menu_order":0,"comment_status":"closed","ping_status":"closed","template":"","meta":{"om_disable_all_campaigns":false,"_monsterinsights_skip_tracking":false,"_monsterinsights_sitenote_active":false,"_monsterinsights_sitenote_note":"","_monsterinsights_sitenote_category":0,"site-sidebar-layout":"default","site-content-layout":"","ast-site-content-layout":"default","site-content-style":"default","site-sidebar-style":"default","ast-global-header-display":"","ast-banner-title-visibility":"","ast-main-header-display":"","ast-hfb-above-header-display":"","ast-hfb-below-header-display":"","ast-hfb-mobile-header-display":"","site-post-title":"disabled","ast-breadcrumbs-content":"","ast-featured-img":"","footer-sml-layout":"","ast-disable-related-posts":"","theme-transparent-header-meta":"","adv-header-id-meta":"","stick-header-meta":"","header-above-stick-meta":"","header-main-stick-meta":"","header-below-stick-meta":"","astra-migrate-meta-layouts":"set","ast-page-background-enabled":"default","ast-page-background-meta":{"desktop":{"background-color":"","background-image":"","background-repeat":"repeat","background-position":"center center","background-size":"auto","background-attachment":"scroll","background-type":"","background-media":"","overlay-type":"","overlay-color":"","overlay-opacity":"","overlay-gradient":""},"tablet":{"background-color":"","background-image":"","background-repeat":"repeat","background-position":"center center","background-size":"auto","background-attachment":"scroll","background-type":"","background-media":"","overlay-type":"","overlay-color":"","overlay-opacity":"","overlay-gradient":""},"mobile":{"background-color":"","background-image":"","background-repeat":"repeat","background-position":"center center","background-size":"auto","background-attachment":"scroll","background-type":"","background-media":"","overlay-type":"","overlay-color":"","overlay-opacity":"","overlay-gradient":""}},"ast-content-background-meta":{"desktop":{"background-color":"var(--ast-global-color-5)","background-image":"","background-repeat":"repeat","background-position":"center center","background-size":"auto","background-attachment":"scroll","background-type":"","background-media":"","overlay-type":"","overlay-color":"","overlay-opacity":"","overlay-gradient":""},"tablet":{"background-color":"var(--ast-global-color-5)","background-image":"","background-repeat":"repeat","background-position":"center center","background-size":"auto","background-attachment":"scroll","background-type":"","background-media":"","overlay-type":"","overlay-color":"","overlay-opacity":"","overlay-gradient":""},"mobile":{"background-color":"var(--ast-global-color-5)","background-image":"","background-repeat":"repeat","background-position":"center center","background-size":"auto","background-attachment":"scroll","background-type":"","background-media":"","overlay-type":"","overlay-color":"","overlay-opacity":"","overlay-gradient":""}},"footnotes":""},"class_list":["post-480","page","type-page","status-publish","hentry"],"aioseo_notices":[],"_links":{"self":[{"href":"https:\/\/camaratravel.com\/index.php?rest_route=\/wp\/v2\/pages\/480","targetHints":{"allow":["GET"]}}],"collection":[{"href":"https:\/\/camaratravel.com\/index.php?rest_route=\/wp\/v2\/pages"}],"about":[{"href":"https:\/\/camaratravel.com\/index.php?rest_route=\/wp\/v2\/types\/page"}],"author":[{"embeddable":true,"href":"https:\/\/camaratravel.com\/index.php?rest_route=\/wp\/v2\/users\/1"}],"replies":[{"embeddable":true,"href":"https:\/\/camaratravel.com\/index.php?rest_route=%2Fwp%2Fv2%2Fcomments&post=480"}],"version-history":[{"count":4,"href":"https:\/\/camaratravel.com\/index.php?rest_route=\/wp\/v2\/pages\/480\/revisions"}],"predecessor-version":[{"id":1608,"href":"https:\/\/camaratravel.com\/index.php?rest_route=\/wp\/v2\/pages\/480\/revisions\/1608"}],"wp:attachment":[{"href":"https:\/\/camaratravel.com\/index.php?rest_route=%2Fwp%2Fv2%2Fmedia&parent=480"}],"curies":[{"name":"wp","href":"https:\/\/api.w.org\/{rel}","templated":true}]}}