{"id":204,"date":"2023-09-08T05:03:40","date_gmt":"2023-09-08T05:03:40","guid":{"rendered":"https:\/\/camaratravel.com\/?page_id=204"},"modified":"2023-11-02T20:10:00","modified_gmt":"2023-11-02T20:10:00","slug":"africa","status":"publish","type":"page","link":"https:\/\/camaratravel.com\/?page_id=204","title":{"rendered":"Africa"},"content":{"rendered":"\n<div class=\"wp-block-cover alignfull is-light has-parallax\" style=\"min-height:750px;aspect-ratio:unset;\"><span aria-hidden=\"true\" class=\"wp-block-cover__background has-ast-global-color-5-background-color has-background-dim\"><\/span><div role=\"img\" class=\"wp-block-cover__image-background wp-image-231 has-parallax\" style=\"background-position:50% 50%;background-image:url(http:\/\/camaratravel.com\/wp-content\/uploads\/2023\/09\/Africa.png)\"><\/div><div class=\"wp-block-cover__inner-container is-layout-flow wp-block-cover-is-layout-flow\">\n<h3 class=\"wp-block-heading has-text-align-center has-white-color has-text-color\">Enfoque perfecto, viaje perfecto<\/h3>\n\n\n\n<hr class=\"wp-block-separator has-css-opacity aligncenter\"\/>\n\n\n\n<h1 class=\"wp-block-heading has-text-align-center has-white-color has-text-color\">Africa<\/h1>\n<\/div><\/div>\n\n\n\n<div class=\"inherit-container-width wp-block-group alignfull has-ast-global-color-6-background-color has-background is-layout-constrained wp-block-group-is-layout-constrained\"><div class=\"wp-block-group__inner-container\">\n<p class=\"has-text-align-center\">C\u00e1mara Travel: Capturando Momentos, Creando Aventuras<\/p>\n<\/div><\/div>\n\n\n\n<div class=\"inherit-container-width wp-block-group alignfull has-white-background-color has-background is-layout-constrained wp-block-group-is-layout-constrained\"><div class=\"wp-block-group__inner-container\">\n<div class=\"wp-block-columns alignwide is-layout-flex wp-container-core-columns-is-layout-28f84493 wp-block-columns-is-layout-flex\">\n<div class=\"wp-block-column is-layout-flow wp-block-column-is-layout-flow\">\n<div class=\"inherit-container-width wp-block-group is-layout-constrained wp-block-group-is-layout-constrained\"><div class=\"wp-block-group__inner-container\">\n<div class=\"wp-block-cover aligncenter is-light\"><span aria-hidden=\"true\" class=\"wp-block-cover__background has-background-dim\"><\/span><img loading=\"lazy\" decoding=\"async\" width=\"1280\" height=\"720\" class=\"wp-block-cover__image-background wp-image-880\" alt=\"\" src=\"https:\/\/camaratravel.com\/wp-content\/uploads\/2023\/10\/Diseno-sin-titulo-14-1.jpg\" data-object-fit=\"cover\" srcset=\"https:\/\/camaratravel.com\/wp-content\/uploads\/2023\/10\/Diseno-sin-titulo-14-1.jpg 1280w, https:\/\/camaratravel.com\/wp-content\/uploads\/2023\/10\/Diseno-sin-titulo-14-1-300x169.jpg 300w, https:\/\/camaratravel.com\/wp-content\/uploads\/2023\/10\/Diseno-sin-titulo-14-1-1024x576.jpg 1024w, https:\/\/camaratravel.com\/wp-content\/uploads\/2023\/10\/Diseno-sin-titulo-14-1-768x432.jpg 768w\" sizes=\"auto, (max-width: 1280px) 100vw, 1280px\" \/><div class=\"wp-block-cover__inner-container is-layout-flow wp-block-cover-is-layout-flow\">\n<p class=\"has-text-align-center has-ast-global-color-4-color has-text-color has-large-font-size\">Kenya<\/p>\n<\/div><\/div>\n\n\n\n<div class=\"wp-block-buttons is-horizontal is-content-justification-center is-layout-flex wp-container-core-buttons-is-layout-03627597 wp-block-buttons-is-layout-flex\">\n<div class=\"wp-block-button\"><a class=\"wp-block-button__link wp-element-button\" href=\"https:\/\/camaratravel.com\/?page_id=484\">Reserva<\/a><\/div>\n<\/div>\n<\/div><\/div>\n<\/div>\n\n\n\n<div class=\"wp-block-column is-layout-flow wp-block-column-is-layout-flow\">\n<div class=\"inherit-container-width wp-block-group is-layout-constrained wp-block-group-is-layout-constrained\"><div class=\"wp-block-group__inner-container\">\n<div class=\"wp-block-cover aligncenter is-light\"><span aria-hidden=\"true\" class=\"wp-block-cover__background has-background-dim\"><\/span><img loading=\"lazy\" decoding=\"async\" width=\"1280\" height=\"720\" class=\"wp-block-cover__image-background wp-image-883\" alt=\"\" src=\"https:\/\/camaratravel.com\/wp-content\/uploads\/2023\/10\/Diseno-sin-titulo-15-1.jpg\" data-object-fit=\"cover\" srcset=\"https:\/\/camaratravel.com\/wp-content\/uploads\/2023\/10\/Diseno-sin-titulo-15-1.jpg 1280w, https:\/\/camaratravel.com\/wp-content\/uploads\/2023\/10\/Diseno-sin-titulo-15-1-300x169.jpg 300w, https:\/\/camaratravel.com\/wp-content\/uploads\/2023\/10\/Diseno-sin-titulo-15-1-1024x576.jpg 1024w, https:\/\/camaratravel.com\/wp-content\/uploads\/2023\/10\/Diseno-sin-titulo-15-1-768x432.jpg 768w\" sizes=\"auto, (max-width: 1280px) 100vw, 1280px\" \/><div class=\"wp-block-cover__inner-container is-layout-flow wp-block-cover-is-layout-flow\">\n<p class=\"has-text-align-center has-ast-global-color-4-color has-text-color has-large-font-size\">Sudafrica Cl\u00e1sica<\/p>\n<\/div><\/div>\n\n\n\n<div class=\"wp-block-buttons is-horizontal is-content-justification-center is-layout-flex wp-container-core-buttons-is-layout-03627597 wp-block-buttons-is-layout-flex\">\n<div class=\"wp-block-button\"><a class=\"wp-block-button__link wp-element-button\" href=\"https:\/\/camaratravel.com\/?page_id=480\">reserva<\/a><\/div>\n<\/div>\n<\/div><\/div>\n<\/div>\n<\/div>\n<\/div><\/div>\n\n\n\n<div class=\"wp-block-cover alignfull has-parallax\" style=\"min-height:600px;aspect-ratio:unset;\"><span aria-hidden=\"true\" class=\"wp-block-cover__background has-ast-global-color-5-background-color has-background-dim\"><\/span><div role=\"img\" class=\"wp-block-cover__image-background wp-image-884 has-parallax\" style=\"background-position:50% 50%;background-image:url(https:\/\/camaratravel.com\/wp-content\/uploads\/2023\/10\/Diseno-sin-titulo-16.jpg)\"><\/div><div class=\"wp-block-cover__inner-container is-layout-flow wp-block-cover-is-layout-flow\">\n<div class=\"wp-block-columns alignwide are-vertically-aligned-center is-layout-flex wp-container-core-columns-is-layout-28f84493 wp-block-columns-is-layout-flex\">\n<div class=\"wp-block-column is-vertically-aligned-center is-layout-flow wp-block-column-is-layout-flow\"><\/div>\n\n\n\n<div class=\"wp-block-column is-vertically-aligned-center is-layout-flow wp-block-column-is-layout-flow\">\n<h2 class=\"wp-block-heading has-text-align-center has-white-color has-text-color\">Uganda + Gorilas<\/h2>\n\n\n\n<hr class=\"wp-block-separator has-css-opacity is-style-wide\"\/>\n\n\n\n<p class=\"has-white-color has-text-color\">Este rinc\u00f3n de \u00c1frica oriental te espera con una incre\u00edble diversidad de paisajes, vida salvaje impresionante y experiencias culturales enriquecedoras. Desde los emocionantes safaris en el Parque Nacional de la Reina Isabel hasta el encuentro con gorilas de monta\u00f1a en el Bosque Impenetrable de Bwindi, Uganda ofrece oportunidades incomparables para conectarte con la naturaleza y la cultura.<\/p>\n\n\n\n<div class=\"wp-block-buttons is-layout-flex wp-block-buttons-is-layout-flex\">\n<div class=\"wp-block-button\"><a class=\"wp-block-button__link wp-element-button\" href=\"https:\/\/camaratravel.com\/?page_id=482\">Reserva<\/a><\/div>\n<\/div>\n<\/div>\n<\/div>\n<\/div><\/div>\n\n\n\n<div class=\"inherit-container-width wp-block-group alignfull has-white-background-color has-background is-layout-constrained wp-block-group-is-layout-constrained\"><div class=\"wp-block-group__inner-container\">\n<div class=\"wp-block-columns alignwide are-vertically-aligned-center is-layout-flex wp-container-core-columns-is-layout-28f84493 wp-block-columns-is-layout-flex\">\n<div class=\"wp-block-column is-vertically-aligned-center is-layout-flow wp-block-column-is-layout-flow\" style=\"flex-basis:33.33%\">\n<h2 class=\"wp-block-heading\">Zanzibar <\/h2>\n\n\n\n<p>Desde las playas de Nungwi y Kendwa hasta la hist\u00f3rica ciudad de Stone Town, Zanz\u00edbar te ofrece un mundo de maravillas naturales y experiencias aut\u00e9nticas. Disfruta de d\u00edas de relajaci\u00f3n bajo el sol, buceo en arrecifes de coral vibrantes y exploraci\u00f3n de mercados locales llenos de colores y sabores.<\/p>\n\n\n\n<div class=\"wp-block-buttons is-layout-flex wp-block-buttons-is-layout-flex\">\n<div class=\"wp-block-button\"><a class=\"wp-block-button__link wp-element-button\" href=\"https:\/\/camaratravel.com\/?page_id=486\">Reserva<\/a><\/div>\n<\/div>\n<\/div>\n\n\n\n<div class=\"wp-block-column is-vertically-aligned-center is-layout-flow wp-block-column-is-layout-flow\" style=\"flex-basis:66.66%\">\n<div class=\"wp-block-cover is-light\"><span aria-hidden=\"true\" class=\"wp-block-cover__background has-background-dim\"><\/span><img loading=\"lazy\" decoding=\"async\" width=\"1024\" height=\"576\" class=\"wp-block-cover__image-background wp-image-885\" alt=\"\" src=\"https:\/\/camaratravel.com\/wp-content\/uploads\/2023\/10\/Diseno-sin-titulo-17-1024x576.jpg\" data-object-fit=\"cover\" srcset=\"https:\/\/camaratravel.com\/wp-content\/uploads\/2023\/10\/Diseno-sin-titulo-17-1024x576.jpg 1024w, https:\/\/camaratravel.com\/wp-content\/uploads\/2023\/10\/Diseno-sin-titulo-17-300x169.jpg 300w, https:\/\/camaratravel.com\/wp-content\/uploads\/2023\/10\/Diseno-sin-titulo-17-768x432.jpg 768w, https:\/\/camaratravel.com\/wp-content\/uploads\/2023\/10\/Diseno-sin-titulo-17.jpg 1280w\" sizes=\"auto, (max-width: 1024px) 100vw, 1024px\" \/><div class=\"wp-block-cover__inner-container is-layout-flow wp-block-cover-is-layout-flow\">\n<p class=\"has-text-align-center has-ast-global-color-4-color has-text-color has-large-font-size\">Zanzibar <\/p>\n<\/div><\/div>\n<\/div>\n<\/div>\n<\/div><\/div>\n\n\n\n<div class=\"wp-block-cover alignfull is-light has-parallax\" style=\"min-height:600px;aspect-ratio:unset;\"><span aria-hidden=\"true\" class=\"wp-block-cover__background has-ast-global-color-5-background-color has-background-dim\"><\/span><div role=\"img\" class=\"wp-block-cover__image-background wp-image-887 has-parallax\" style=\"background-position:50% 50%;background-image:url(https:\/\/camaratravel.com\/wp-content\/uploads\/2023\/10\/Diseno-sin-titulo-18.jpg)\"><\/div><div class=\"wp-block-cover__inner-container is-layout-flow wp-block-cover-is-layout-flow\">\n<div class=\"wp-block-columns alignwide are-vertically-aligned-center is-layout-flex wp-container-core-columns-is-layout-28f84493 wp-block-columns-is-layout-flex\">\n<div class=\"wp-block-column is-vertically-aligned-center is-layout-flow wp-block-column-is-layout-flow\"><\/div>\n\n\n\n<div class=\"wp-block-column is-vertically-aligned-center is-layout-flow wp-block-column-is-layout-flow\">\n<h2 class=\"wp-block-heading has-text-align-center has-white-color has-text-color\">&nbsp;Kenia + Tanzania<\/h2>\n\n\n\n<hr class=\"wp-block-separator has-css-opacity is-style-wide\"\/>\n\n\n\n<p class=\"has-white-color has-text-color\">Esta regi\u00f3n de \u00c1frica Oriental te llevar\u00e1 a un mundo de safaris inolvidables, paisajes impresionantes y culturas ricas. Desde el ic\u00f3nico Parque Nacional del Serengueti hasta las majestuosas llanuras del Mas\u00e1i Mara, un viaje a Kenia y Tanzania es una aventura sin igual.<\/p>\n\n\n\n<div class=\"wp-block-buttons is-layout-flex wp-block-buttons-is-layout-flex\">\n<div class=\"wp-block-button\"><a class=\"wp-block-button__link wp-element-button\" href=\"https:\/\/camaratravel.com\/?page_id=488\">Reserva<\/a><\/div>\n<\/div>\n<\/div>\n<\/div>\n<\/div><\/div>\n\n\n\n<hr class=\"wp-block-separator has-alpha-channel-opacity\"\/>\n\n\n\n<div class=\"wp-block-columns is-not-stacked-on-mobile is-layout-flex wp-container-core-columns-is-layout-cad298ab wp-block-columns-is-layout-flex\" style=\"padding-right:var(--wp--preset--spacing--60);padding-left:var(--wp--preset--spacing--60)\">\n<div class=\"wp-block-column is-layout-flow wp-block-column-is-layout-flow\" style=\"flex-basis:100%\">\n<iframe loading=\"lazy\" src=\"https:\/\/www.megatravel.com.mx\/tools\/vi.php?Dest=5\" width=\"800\" height=\"1200\" border=\"0\"align=\"left\" allowtransparency=\"true\" frameborder=\"0\"> <\/iframe>\n<\/div>\n<\/div>\n","protected":false},"excerpt":{"rendered":"<p>C\u00e1mara Travel: Capturando Momentos, Creando Aventuras Zanzibar Desde las playas de Nungwi y Kendwa hasta la hist\u00f3rica ciudad de Stone Town, Zanz\u00edbar te ofrece un mundo de maravillas naturales y experiencias aut\u00e9nticas. Disfruta de d\u00edas de relajaci\u00f3n bajo el sol, buceo en arrecifes de coral vibrantes y exploraci\u00f3n de mercados locales llenos de colores y [&hellip;]<\/p>\n","protected":false},"author":1,"featured_media":0,"parent":0,"menu_order":0,"comment_status":"closed","ping_status":"closed","template":"","meta":{"om_disable_all_campaigns":false,"_monsterinsights_skip_tracking":false,"_monsterinsights_sitenote_active":false,"_monsterinsights_sitenote_note":"","_monsterinsights_sitenote_category":0,"site-sidebar-layout":"default","site-content-layout":"","ast-site-content-layout":"default","site-content-style":"default","site-sidebar-style":"default","ast-global-header-display":"","ast-banner-title-visibility":"","ast-main-header-display":"","ast-hfb-above-header-display":"","ast-hfb-below-header-display":"","ast-hfb-mobile-header-display":"","site-post-title":"disabled","ast-breadcrumbs-content":"","ast-featured-img":"","footer-sml-layout":"","ast-disable-related-posts":"","theme-transparent-header-meta":"","adv-header-id-meta":"","stick-header-meta":"","header-above-stick-meta":"","header-main-stick-meta":"","header-below-stick-meta":"","astra-migrate-meta-layouts":"set","ast-page-background-enabled":"default","ast-page-background-meta":{"desktop":{"background-color":"","background-image":"","background-repeat":"repeat","background-position":"center center","background-size":"auto","background-attachment":"scroll","background-type":"","background-media":"","overlay-type":"","overlay-color":"","overlay-opacity":"","overlay-gradient":""},"tablet":{"background-color":"","background-image":"","background-repeat":"repeat","background-position":"center center","background-size":"auto","background-attachment":"scroll","background-type":"","background-media":"","overlay-type":"","overlay-color":"","overlay-opacity":"","overlay-gradient":""},"mobile":{"background-color":"","background-image":"","background-repeat":"repeat","background-position":"center center","background-size":"auto","background-attachment":"scroll","background-type":"","background-media":"","overlay-type":"","overlay-color":"","overlay-opacity":"","overlay-gradient":""}},"ast-content-background-meta":{"desktop":{"background-color":"var(--ast-global-color-5)","background-image":"","background-repeat":"repeat","background-position":"center center","background-size":"auto","background-attachment":"scroll","background-type":"","background-media":"","overlay-type":"","overlay-color":"","overlay-opacity":"","overlay-gradient":""},"tablet":{"background-color":"var(--ast-global-color-5)","background-image":"","background-repeat":"repeat","background-position":"center center","background-size":"auto","background-attachment":"scroll","background-type":"","background-media":"","overlay-type":"","overlay-color":"","overlay-opacity":"","overlay-gradient":""},"mobile":{"background-color":"var(--ast-global-color-5)","background-image":"","background-repeat":"repeat","background-position":"center center","background-size":"auto","background-attachment":"scroll","background-type":"","background-media":"","overlay-type":"","overlay-color":"","overlay-opacity":"","overlay-gradient":""}},"footnotes":""},"class_list":["post-204","page","type-page","status-publish","hentry"],"aioseo_notices":[],"_links":{"self":[{"href":"https:\/\/camaratravel.com\/index.php?rest_route=\/wp\/v2\/pages\/204","targetHints":{"allow":["GET"]}}],"collection":[{"href":"https:\/\/camaratravel.com\/index.php?rest_route=\/wp\/v2\/pages"}],"about":[{"href":"https:\/\/camaratravel.com\/index.php?rest_route=\/wp\/v2\/types\/page"}],"author":[{"embeddable":true,"href":"https:\/\/camaratravel.com\/index.php?rest_route=\/wp\/v2\/users\/1"}],"replies":[{"embeddable":true,"href":"https:\/\/camaratravel.com\/index.php?rest_route=%2Fwp%2Fv2%2Fcomments&post=204"}],"version-history":[{"count":21,"href":"https:\/\/camaratravel.com\/index.php?rest_route=\/wp\/v2\/pages\/204\/revisions"}],"predecessor-version":[{"id":1612,"href":"https:\/\/camaratravel.com\/index.php?rest_route=\/wp\/v2\/pages\/204\/revisions\/1612"}],"wp:attachment":[{"href":"https:\/\/camaratravel.com\/index.php?rest_route=%2Fwp%2Fv2%2Fmedia&parent=204"}],"curies":[{"name":"wp","href":"https:\/\/api.w.org\/{rel}","templated":true}]}}