{"id":200,"date":"2023-09-08T05:00:25","date_gmt":"2023-09-08T05:00:25","guid":{"rendered":"https:\/\/camaratravel.com\/?page_id=200"},"modified":"2024-02-22T11:48:08","modified_gmt":"2024-02-22T17:48:08","slug":"canada","status":"publish","type":"page","link":"https:\/\/camaratravel.com\/?page_id=200","title":{"rendered":"Canad\u00e1"},"content":{"rendered":"\n<div class=\"wp-block-cover alignfull has-parallax\" style=\"min-height:750px;aspect-ratio:unset;\"><span aria-hidden=\"true\" class=\"wp-block-cover__background has-ast-global-color-5-background-color has-background-dim\"><\/span><div role=\"img\" class=\"wp-block-cover__image-background wp-image-233 has-parallax\" style=\"background-position:50% 50%;background-image:url(http:\/\/camaratravel.com\/wp-content\/uploads\/2023\/09\/Canada.png)\"><\/div><div class=\"wp-block-cover__inner-container is-layout-flow wp-block-cover-is-layout-flow\">\n<h3 class=\"wp-block-heading has-text-align-center has-white-color has-text-color\">Inmortalizamos tus destinos favoritos en C\u00e1mara Travel<\/h3>\n\n\n\n<hr class=\"wp-block-separator has-css-opacity aligncenter\"\/>\n\n\n\n<h1 class=\"wp-block-heading has-text-align-center has-white-color has-text-color\">Canad\u00c1<\/h1>\n\n\n\n<div class=\"wp-block-buttons is-horizontal is-content-justification-center is-layout-flex wp-container-core-buttons-is-layout-03627597 wp-block-buttons-is-layout-flex\"><\/div>\n<\/div><\/div>\n\n\n\n<div class=\"inherit-container-width wp-block-group alignfull has-white-background-color has-background is-layout-constrained wp-block-group-is-layout-constrained\"><div class=\"wp-block-group__inner-container\">\n<div class=\"wp-block-columns alignwide is-layout-flex wp-container-core-columns-is-layout-28f84493 wp-block-columns-is-layout-flex\">\n<div class=\"wp-block-column is-layout-flow wp-block-column-is-layout-flow\">\n<div class=\"inherit-container-width wp-block-group is-layout-constrained wp-block-group-is-layout-constrained\"><div class=\"wp-block-group__inner-container\">\n<div class=\"wp-block-cover aligncenter is-light\"><span aria-hidden=\"true\" class=\"wp-block-cover__background has-background-dim\"><\/span><img loading=\"lazy\" decoding=\"async\" width=\"1280\" height=\"720\" class=\"wp-block-cover__image-background wp-image-988\" alt=\"\" src=\"https:\/\/camaratravel.com\/wp-content\/uploads\/2023\/10\/Diseno-sin-titulo-49.jpg\" data-object-fit=\"cover\" srcset=\"https:\/\/camaratravel.com\/wp-content\/uploads\/2023\/10\/Diseno-sin-titulo-49.jpg 1280w, https:\/\/camaratravel.com\/wp-content\/uploads\/2023\/10\/Diseno-sin-titulo-49-300x169.jpg 300w, https:\/\/camaratravel.com\/wp-content\/uploads\/2023\/10\/Diseno-sin-titulo-49-1024x576.jpg 1024w, https:\/\/camaratravel.com\/wp-content\/uploads\/2023\/10\/Diseno-sin-titulo-49-768x432.jpg 768w\" sizes=\"auto, (max-width: 1280px) 100vw, 1280px\" \/><div class=\"wp-block-cover__inner-container is-layout-flow wp-block-cover-is-layout-flow\">\n<p class=\"has-text-align-center has-ast-global-color-4-color has-text-color has-large-font-size\">Vancouver<\/p>\n<\/div><\/div>\n\n\n\n<div class=\"wp-block-buttons is-horizontal is-content-justification-center is-layout-flex wp-container-core-buttons-is-layout-03627597 wp-block-buttons-is-layout-flex\">\n<div class=\"wp-block-button\"><a class=\"wp-block-button__link wp-element-button\" href=\"https:\/\/camaratravel.com\/?page_id=518\">Learn More<\/a><\/div>\n<\/div>\n<\/div><\/div>\n<\/div>\n\n\n\n<div class=\"wp-block-column is-layout-flow wp-block-column-is-layout-flow\">\n<div class=\"inherit-container-width wp-block-group is-layout-constrained wp-block-group-is-layout-constrained\"><div class=\"wp-block-group__inner-container\">\n<div class=\"wp-block-cover aligncenter is-light\"><span aria-hidden=\"true\" class=\"wp-block-cover__background has-background-dim\"><\/span><img loading=\"lazy\" decoding=\"async\" width=\"1280\" height=\"720\" class=\"wp-block-cover__image-background wp-image-990\" alt=\"\" src=\"https:\/\/camaratravel.com\/wp-content\/uploads\/2023\/10\/Diseno-sin-titulo-51.jpg\" data-object-fit=\"cover\" srcset=\"https:\/\/camaratravel.com\/wp-content\/uploads\/2023\/10\/Diseno-sin-titulo-51.jpg 1280w, https:\/\/camaratravel.com\/wp-content\/uploads\/2023\/10\/Diseno-sin-titulo-51-300x169.jpg 300w, https:\/\/camaratravel.com\/wp-content\/uploads\/2023\/10\/Diseno-sin-titulo-51-1024x576.jpg 1024w, https:\/\/camaratravel.com\/wp-content\/uploads\/2023\/10\/Diseno-sin-titulo-51-768x432.jpg 768w\" sizes=\"auto, (max-width: 1280px) 100vw, 1280px\" \/><div class=\"wp-block-cover__inner-container is-layout-flow wp-block-cover-is-layout-flow\">\n<p class=\"has-text-align-center has-ast-global-color-4-color has-text-color has-large-font-size\">Whistler<\/p>\n<\/div><\/div>\n\n\n\n<div class=\"wp-block-buttons is-horizontal is-content-justification-center is-layout-flex wp-container-core-buttons-is-layout-03627597 wp-block-buttons-is-layout-flex\">\n<div class=\"wp-block-button\"><a class=\"wp-block-button__link wp-element-button\" href=\"https:\/\/camaratravel.com\/?page_id=528\">Learn More<\/a><\/div>\n<\/div>\n<\/div><\/div>\n<\/div>\n<\/div>\n<\/div><\/div>\n\n\n\n<div class=\"wp-block-cover alignfull has-parallax\" style=\"min-height:600px;aspect-ratio:unset;\"><span aria-hidden=\"true\" class=\"wp-block-cover__background has-ast-global-color-5-background-color has-background-dim\"><\/span><div role=\"img\" class=\"wp-block-cover__image-background wp-image-989 has-parallax\" style=\"background-position:50% 50%;background-image:url(https:\/\/camaratravel.com\/wp-content\/uploads\/2023\/10\/Diseno-sin-titulo-50.jpg)\"><\/div><div class=\"wp-block-cover__inner-container is-layout-flow wp-block-cover-is-layout-flow\">\n<div class=\"wp-block-columns alignwide are-vertically-aligned-center is-layout-flex wp-container-core-columns-is-layout-28f84493 wp-block-columns-is-layout-flex\">\n<div class=\"wp-block-column is-vertically-aligned-center is-layout-flow wp-block-column-is-layout-flow\"><\/div>\n\n\n\n<div class=\"wp-block-column is-vertically-aligned-center is-layout-flow wp-block-column-is-layout-flow\">\n<h2 class=\"wp-block-heading has-text-align-center has-white-color has-text-color\">Auroras Boreales<\/h2>\n\n\n\n<hr class=\"wp-block-separator has-css-opacity is-style-wide\"\/>\n\n\n\n<p class=\"has-white-color has-text-color\">Ad\u00e9ntrate en el misterioso y et\u00e9reo espect\u00e1culo de las luces del norte, mientras exploras la belleza natural de Canad\u00e1. Desde las noches iluminadas en el Yuk\u00f3n hasta las experiencias \u00fanicas en las regiones del \u00c1rtico, Canad\u00e1 te ofrece la oportunidad de presenciar un fen\u00f3meno celestial incomparable.<\/p>\n\n\n\n<div class=\"wp-block-buttons is-layout-flex wp-block-buttons-is-layout-flex\">\n<div class=\"wp-block-button\"><a class=\"wp-block-button__link wp-element-button\" href=\"https:\/\/camaratravel.com\/?page_id=534\">Learn More<\/a><\/div>\n<\/div>\n<\/div>\n<\/div>\n<\/div><\/div>\n\n\n\n<div class=\"inherit-container-width wp-block-group alignfull has-white-background-color has-background is-layout-constrained wp-block-group-is-layout-constrained\"><div class=\"wp-block-group__inner-container\">\n<div class=\"wp-block-columns alignwide are-vertically-aligned-center is-layout-flex wp-container-core-columns-is-layout-28f84493 wp-block-columns-is-layout-flex\">\n<div class=\"wp-block-column is-vertically-aligned-center is-layout-flow wp-block-column-is-layout-flow\" style=\"flex-basis:33.33%\">\n<h2 class=\"wp-block-heading\">Victoria<\/h2>\n\n\n\n<p>Situada en la isla de Vancouver, esta ciudad costera combina encanto hist\u00f3rico con un entorno natural espectacular. Explora los jardines florecientes de Butchart, disfruta de la arquitectura victoriana y da un paseo por el puerto interior.<\/p>\n\n\n\n<div class=\"wp-block-buttons is-layout-flex wp-block-buttons-is-layout-flex\">\n<div class=\"wp-block-button\"><a class=\"wp-block-button__link wp-element-button\" href=\"https:\/\/camaratravel.com\/?page_id=530\">Learn More<\/a><\/div>\n<\/div>\n<\/div>\n\n\n\n<div class=\"wp-block-column is-vertically-aligned-center is-layout-flow wp-block-column-is-layout-flow\" style=\"flex-basis:66.66%\">\n<div class=\"wp-block-cover is-light\"><span aria-hidden=\"true\" class=\"wp-block-cover__background has-background-dim\"><\/span><img loading=\"lazy\" decoding=\"async\" width=\"1280\" height=\"720\" class=\"wp-block-cover__image-background wp-image-991\" alt=\"\" src=\"https:\/\/camaratravel.com\/wp-content\/uploads\/2023\/10\/Diseno-sin-titulo-52.jpg\" data-object-fit=\"cover\" srcset=\"https:\/\/camaratravel.com\/wp-content\/uploads\/2023\/10\/Diseno-sin-titulo-52.jpg 1280w, https:\/\/camaratravel.com\/wp-content\/uploads\/2023\/10\/Diseno-sin-titulo-52-300x169.jpg 300w, https:\/\/camaratravel.com\/wp-content\/uploads\/2023\/10\/Diseno-sin-titulo-52-1024x576.jpg 1024w, https:\/\/camaratravel.com\/wp-content\/uploads\/2023\/10\/Diseno-sin-titulo-52-768x432.jpg 768w\" sizes=\"auto, (max-width: 1280px) 100vw, 1280px\" \/><div class=\"wp-block-cover__inner-container is-layout-flow wp-block-cover-is-layout-flow\">\n<p class=\"has-text-align-center has-ast-global-color-4-color has-text-color has-large-font-size\">Victoria<\/p>\n<\/div><\/div>\n<\/div>\n<\/div>\n<\/div><\/div>\n\n\n\n<div class=\"wp-block-cover alignfull is-light has-parallax\" style=\"min-height:600px;aspect-ratio:unset;\"><span aria-hidden=\"true\" class=\"wp-block-cover__background has-ast-global-color-5-background-color has-background-dim\"><\/span><div role=\"img\" class=\"wp-block-cover__image-background wp-image-992 has-parallax\" style=\"background-position:50% 50%;background-image:url(https:\/\/camaratravel.com\/wp-content\/uploads\/2023\/10\/Diseno-sin-titulo-53.jpg)\"><\/div><div class=\"wp-block-cover__inner-container is-layout-flow wp-block-cover-is-layout-flow\">\n<div class=\"wp-block-columns alignwide are-vertically-aligned-center is-layout-flex wp-container-core-columns-is-layout-28f84493 wp-block-columns-is-layout-flex\">\n<div class=\"wp-block-column is-vertically-aligned-center is-layout-flow wp-block-column-is-layout-flow\"><\/div>\n\n\n\n<div class=\"wp-block-column is-vertically-aligned-center is-layout-flow wp-block-column-is-layout-flow\">\n<h2 class=\"wp-block-heading has-text-align-center has-white-color has-text-color\">MoNtreal y QUebec<\/h2>\n\n\n\n<hr class=\"wp-block-separator has-css-opacity is-style-wide\"\/>\n\n\n\n<p class=\"has-white-color has-text-color\">En Montreal, sum\u00e9rgete en la vibrante escena art\u00edstica y gastron\u00f3mica de la ciudad, mientras exploras la fusi\u00f3n de culturas en sus calles y saboreas delicias culinarias \u00fanicas. Luego, en Quebec, viajar\u00e1s atr\u00e1s en el tiempo mientras te adentras en la encantadora Ciudad Vieja, un lugar donde la historia y la belleza arquitect\u00f3nica se combinan de manera excepcional.<\/p>\n\n\n\n<div class=\"wp-block-buttons is-layout-flex wp-block-buttons-is-layout-flex\">\n<div class=\"wp-block-button\"><a class=\"wp-block-button__link wp-element-button\" href=\"https:\/\/camaratravel.com\/?page_id=538\">Learn More<\/a><\/div>\n<\/div>\n<\/div>\n<\/div>\n<\/div><\/div>\n\n\n\n<hr class=\"wp-block-separator has-alpha-channel-opacity\"\/>\n\n\n\n<iframe loading=\"lazy\" src=\"https:\/\/www.megatravel.com.mx\/tools\/vi.php?Dest=3\" width=\"800\" height=\"1200\" border=\"0\"align=\"left\" allowtransparency=\"true\" frameborder=\"0\"> <\/iframe>\n","protected":false},"excerpt":{"rendered":"<p>Victoria Situada en la isla de Vancouver, esta ciudad costera combina encanto hist\u00f3rico con un entorno natural espectacular. Explora los jardines florecientes de Butchart, disfruta de la arquitectura victoriana y da un paseo por el puerto interior.<\/p>\n","protected":false},"author":1,"featured_media":0,"parent":0,"menu_order":0,"comment_status":"closed","ping_status":"closed","template":"","meta":{"om_disable_all_campaigns":false,"_monsterinsights_skip_tracking":false,"_monsterinsights_sitenote_active":false,"_monsterinsights_sitenote_note":"","_monsterinsights_sitenote_category":0,"site-sidebar-layout":"default","site-content-layout":"","ast-site-content-layout":"default","site-content-style":"default","site-sidebar-style":"default","ast-global-header-display":"","ast-banner-title-visibility":"","ast-main-header-display":"","ast-hfb-above-header-display":"","ast-hfb-below-header-display":"","ast-hfb-mobile-header-display":"","site-post-title":"disabled","ast-breadcrumbs-content":"","ast-featured-img":"","footer-sml-layout":"","ast-disable-related-posts":"","theme-transparent-header-meta":"","adv-header-id-meta":"","stick-header-meta":"","header-above-stick-meta":"","header-main-stick-meta":"","header-below-stick-meta":"","astra-migrate-meta-layouts":"set","ast-page-background-enabled":"default","ast-page-background-meta":{"desktop":{"background-color":"","background-image":"","background-repeat":"repeat","background-position":"center center","background-size":"auto","background-attachment":"scroll","background-type":"","background-media":"","overlay-type":"","overlay-color":"","overlay-opacity":"","overlay-gradient":""},"tablet":{"background-color":"","background-image":"","background-repeat":"repeat","background-position":"center center","background-size":"auto","background-attachment":"scroll","background-type":"","background-media":"","overlay-type":"","overlay-color":"","overlay-opacity":"","overlay-gradient":""},"mobile":{"background-color":"","background-image":"","background-repeat":"repeat","background-position":"center center","background-size":"auto","background-attachment":"scroll","background-type":"","background-media":"","overlay-type":"","overlay-color":"","overlay-opacity":"","overlay-gradient":""}},"ast-content-background-meta":{"desktop":{"background-color":"var(--ast-global-color-5)","background-image":"","background-repeat":"repeat","background-position":"center center","background-size":"auto","background-attachment":"scroll","background-type":"","background-media":"","overlay-type":"","overlay-color":"","overlay-opacity":"","overlay-gradient":""},"tablet":{"background-color":"var(--ast-global-color-5)","background-image":"","background-repeat":"repeat","background-position":"center center","background-size":"auto","background-attachment":"scroll","background-type":"","background-media":"","overlay-type":"","overlay-color":"","overlay-opacity":"","overlay-gradient":""},"mobile":{"background-color":"var(--ast-global-color-5)","background-image":"","background-repeat":"repeat","background-position":"center center","background-size":"auto","background-attachment":"scroll","background-type":"","background-media":"","overlay-type":"","overlay-color":"","overlay-opacity":"","overlay-gradient":""}},"footnotes":""},"class_list":["post-200","page","type-page","status-publish","hentry"],"aioseo_notices":[],"_links":{"self":[{"href":"https:\/\/camaratravel.com\/index.php?rest_route=\/wp\/v2\/pages\/200","targetHints":{"allow":["GET"]}}],"collection":[{"href":"https:\/\/camaratravel.com\/index.php?rest_route=\/wp\/v2\/pages"}],"about":[{"href":"https:\/\/camaratravel.com\/index.php?rest_route=\/wp\/v2\/types\/page"}],"author":[{"embeddable":true,"href":"https:\/\/camaratravel.com\/index.php?rest_route=\/wp\/v2\/users\/1"}],"replies":[{"embeddable":true,"href":"https:\/\/camaratravel.com\/index.php?rest_route=%2Fwp%2Fv2%2Fcomments&post=200"}],"version-history":[{"count":9,"href":"https:\/\/camaratravel.com\/index.php?rest_route=\/wp\/v2\/pages\/200\/revisions"}],"predecessor-version":[{"id":1742,"href":"https:\/\/camaratravel.com\/index.php?rest_route=\/wp\/v2\/pages\/200\/revisions\/1742"}],"wp:attachment":[{"href":"https:\/\/camaratravel.com\/index.php?rest_route=%2Fwp%2Fv2%2Fmedia&parent=200"}],"curies":[{"name":"wp","href":"https:\/\/api.w.org\/{rel}","templated":true}]}}