{"id":194,"date":"2023-09-08T04:54:49","date_gmt":"2023-09-08T04:54:49","guid":{"rendered":"https:\/\/camaratravel.com\/?page_id=194"},"modified":"2023-10-13T16:31:57","modified_gmt":"2023-10-13T16:31:57","slug":"europa","status":"publish","type":"page","link":"https:\/\/camaratravel.com\/?page_id=194","title":{"rendered":"Europa"},"content":{"rendered":"\n<div class=\"wp-block-cover alignfull has-parallax\" style=\"min-height:750px;aspect-ratio:unset;\"><span aria-hidden=\"true\" class=\"wp-block-cover__background has-ast-global-color-5-background-color has-background-dim\"><\/span><div role=\"img\" class=\"wp-block-cover__image-background wp-image-237 has-parallax\" style=\"background-position:50% 50%;background-image:url(http:\/\/camaratravel.com\/wp-content\/uploads\/2023\/09\/Europa.png)\"><\/div><div class=\"wp-block-cover__inner-container is-layout-flow wp-block-cover-is-layout-flow\">\n<h3 class=\"wp-block-heading has-text-align-center has-white-color has-text-color\">Enfocados en tus deseos, revelamos tus viajes.<\/h3>\n\n\n\n<hr class=\"wp-block-separator has-css-opacity aligncenter\"\/>\n\n\n\n<h1 class=\"wp-block-heading has-text-align-center has-white-color has-text-color\">Europa<\/h1>\n\n\n\n<div class=\"wp-block-buttons is-horizontal is-content-justification-center is-layout-flex wp-container-core-buttons-is-layout-03627597 wp-block-buttons-is-layout-flex\"><\/div>\n<\/div><\/div>\n\n\n\n<div class=\"inherit-container-width wp-block-group alignfull has-ast-global-color-6-background-color has-background is-layout-constrained wp-block-group-is-layout-constrained\"><div class=\"wp-block-group__inner-container\">\n<p class=\"has-text-align-center\">C\u00e1mara Travel: Capturando Momentos, Creando Aventuras<\/p>\n<\/div><\/div>\n\n\n\n<div class=\"inherit-container-width wp-block-group alignfull has-white-background-color has-background is-layout-constrained wp-block-group-is-layout-constrained\"><div class=\"wp-block-group__inner-container\">\n<div class=\"wp-block-columns alignwide is-layout-flex wp-container-core-columns-is-layout-28f84493 wp-block-columns-is-layout-flex\">\n<div class=\"wp-block-column is-layout-flow wp-block-column-is-layout-flow\">\n<div class=\"inherit-container-width wp-block-group is-layout-constrained wp-block-group-is-layout-constrained\"><div class=\"wp-block-group__inner-container\">\n<div class=\"wp-block-cover aligncenter is-light\"><span aria-hidden=\"true\" class=\"wp-block-cover__background has-background-dim\"><\/span><img loading=\"lazy\" decoding=\"async\" width=\"1280\" height=\"720\" class=\"wp-block-cover__image-background wp-image-916\" alt=\"\" src=\"https:\/\/camaratravel.com\/wp-content\/uploads\/2023\/10\/Diseno-sin-titulo-28.jpg\" data-object-fit=\"cover\" srcset=\"https:\/\/camaratravel.com\/wp-content\/uploads\/2023\/10\/Diseno-sin-titulo-28.jpg 1280w, https:\/\/camaratravel.com\/wp-content\/uploads\/2023\/10\/Diseno-sin-titulo-28-300x169.jpg 300w, https:\/\/camaratravel.com\/wp-content\/uploads\/2023\/10\/Diseno-sin-titulo-28-1024x576.jpg 1024w, https:\/\/camaratravel.com\/wp-content\/uploads\/2023\/10\/Diseno-sin-titulo-28-768x432.jpg 768w\" sizes=\"auto, (max-width: 1280px) 100vw, 1280px\" \/><div class=\"wp-block-cover__inner-container is-layout-flow wp-block-cover-is-layout-flow\">\n<p class=\"has-text-align-center has-ast-global-color-4-color has-text-color has-large-font-size\">Italia y Turquia<\/p>\n<\/div><\/div>\n\n\n\n<div class=\"wp-block-buttons is-horizontal is-content-justification-center is-layout-flex wp-container-core-buttons-is-layout-03627597 wp-block-buttons-is-layout-flex\">\n<div class=\"wp-block-button\"><a class=\"wp-block-button__link wp-element-button\" href=\"https:\/\/camaratravel.com\/?page_id=605\">Reserva<\/a><\/div>\n<\/div>\n<\/div><\/div>\n<\/div>\n\n\n\n<div class=\"wp-block-column is-layout-flow wp-block-column-is-layout-flow\">\n<div class=\"inherit-container-width wp-block-group is-layout-constrained wp-block-group-is-layout-constrained\"><div class=\"wp-block-group__inner-container\">\n<div class=\"wp-block-cover aligncenter\"><span aria-hidden=\"true\" class=\"wp-block-cover__background has-background-dim\"><\/span><img loading=\"lazy\" decoding=\"async\" width=\"1280\" height=\"720\" class=\"wp-block-cover__image-background wp-image-918\" alt=\"\" src=\"https:\/\/camaratravel.com\/wp-content\/uploads\/2023\/10\/Diseno-sin-titulo-29.jpg\" data-object-fit=\"cover\" srcset=\"https:\/\/camaratravel.com\/wp-content\/uploads\/2023\/10\/Diseno-sin-titulo-29.jpg 1280w, https:\/\/camaratravel.com\/wp-content\/uploads\/2023\/10\/Diseno-sin-titulo-29-300x169.jpg 300w, https:\/\/camaratravel.com\/wp-content\/uploads\/2023\/10\/Diseno-sin-titulo-29-1024x576.jpg 1024w, https:\/\/camaratravel.com\/wp-content\/uploads\/2023\/10\/Diseno-sin-titulo-29-768x432.jpg 768w\" sizes=\"auto, (max-width: 1280px) 100vw, 1280px\" \/><div class=\"wp-block-cover__inner-container is-layout-flow wp-block-cover-is-layout-flow\">\n<p class=\"has-text-align-center has-ast-global-color-4-color has-text-color has-large-font-size\">Espa\u00f1a, Portugal y Marruecos<\/p>\n<\/div><\/div>\n\n\n\n<div class=\"wp-block-buttons is-horizontal is-content-justification-center is-layout-flex wp-container-core-buttons-is-layout-03627597 wp-block-buttons-is-layout-flex\">\n<div class=\"wp-block-button\"><a class=\"wp-block-button__link wp-element-button\" href=\"https:\/\/camaratravel.com\/?page_id=607\">Reserva<\/a><\/div>\n<\/div>\n<\/div><\/div>\n<\/div>\n<\/div>\n<\/div><\/div>\n\n\n\n<div class=\"wp-block-cover alignfull is-light has-parallax\" style=\"min-height:600px;aspect-ratio:unset;\"><span aria-hidden=\"true\" class=\"wp-block-cover__background has-ast-global-color-5-background-color has-background-dim\"><\/span><div role=\"img\" class=\"wp-block-cover__image-background wp-image-914 has-parallax\" style=\"background-position:50% 50%;background-image:url(https:\/\/camaratravel.com\/wp-content\/uploads\/2023\/10\/Diseno-sin-titulo-27.jpg)\"><\/div><div class=\"wp-block-cover__inner-container is-layout-flow wp-block-cover-is-layout-flow\">\n<div class=\"wp-block-columns alignwide are-vertically-aligned-center is-layout-flex wp-container-core-columns-is-layout-28f84493 wp-block-columns-is-layout-flex\">\n<div class=\"wp-block-column is-vertically-aligned-center is-layout-flow wp-block-column-is-layout-flow\">\n<h2 class=\"wp-block-heading has-text-align-center has-white-color has-text-color\">Mega Europa<\/h2>\n\n\n\n<hr class=\"wp-block-separator has-css-opacity is-style-wide\"\/>\n\n\n\n<p class=\"has-white-color has-text-color\">Este continente, con su rica historia, impresionante arquitectura y una multiplicidad de culturas, es un mosaico de experiencias inolvidables.<\/p>\n\n\n\n<div class=\"wp-block-buttons is-layout-flex wp-block-buttons-is-layout-flex\">\n<div class=\"wp-block-button\"><a class=\"wp-block-button__link wp-element-button\" href=\"https:\/\/camaratravel.com\/?page_id=597\">Reserva<\/a><\/div>\n<\/div>\n<\/div>\n<\/div>\n<\/div><\/div>\n\n\n\n<div class=\"inherit-container-width wp-block-group alignfull has-white-background-color has-background is-layout-constrained wp-block-group-is-layout-constrained\"><div class=\"wp-block-group__inner-container\">\n<div class=\"wp-block-columns alignwide are-vertically-aligned-center is-layout-flex wp-container-core-columns-is-layout-28f84493 wp-block-columns-is-layout-flex\">\n<div class=\"wp-block-column is-vertically-aligned-center is-layout-flow wp-block-column-is-layout-flow\" style=\"flex-basis:33.33%\">\n<h2 class=\"wp-block-heading\">Tour de Francia<\/h2>\n\n\n\n<p>Desde las calles adoquinadas de Par\u00eds y los vi\u00f1edos de la regi\u00f3n de Burdeos, hasta los paisajes impresionantes de la Provenza y la Costa Azul, Francia ofrece una diversidad asombrosa. Disfruta de catas de vinos en los vi\u00f1edos, visita museos llenos de arte y saborea la deliciosa comida francesa en bistros locales.<\/p>\n\n\n\n<div class=\"wp-block-buttons is-layout-flex wp-block-buttons-is-layout-flex\">\n<div class=\"wp-block-button\"><a class=\"wp-block-button__link wp-element-button\" href=\"https:\/\/camaratravel.com\/?page_id=593\">Reserva<\/a><\/div>\n<\/div>\n<\/div>\n\n\n\n<div class=\"wp-block-column is-vertically-aligned-center is-layout-flow wp-block-column-is-layout-flow\" style=\"flex-basis:66.66%\">\n<div class=\"wp-block-cover is-light\"><span aria-hidden=\"true\" class=\"wp-block-cover__background has-background-dim\"><\/span><img loading=\"lazy\" decoding=\"async\" width=\"1024\" height=\"576\" class=\"wp-block-cover__image-background wp-image-921\" alt=\"\" src=\"https:\/\/camaratravel.com\/wp-content\/uploads\/2023\/10\/Diseno-sin-titulo-30-1024x576.jpg\" data-object-fit=\"cover\" srcset=\"https:\/\/camaratravel.com\/wp-content\/uploads\/2023\/10\/Diseno-sin-titulo-30-1024x576.jpg 1024w, https:\/\/camaratravel.com\/wp-content\/uploads\/2023\/10\/Diseno-sin-titulo-30-300x169.jpg 300w, https:\/\/camaratravel.com\/wp-content\/uploads\/2023\/10\/Diseno-sin-titulo-30-768x432.jpg 768w, https:\/\/camaratravel.com\/wp-content\/uploads\/2023\/10\/Diseno-sin-titulo-30.jpg 1280w\" sizes=\"auto, (max-width: 1024px) 100vw, 1024px\" \/><div class=\"wp-block-cover__inner-container is-layout-flow wp-block-cover-is-layout-flow\">\n<p class=\"has-text-align-center has-ast-global-color-4-color has-text-color has-large-font-size\">Tour de Francia<\/p>\n<\/div><\/div>\n<\/div>\n<\/div>\n<\/div><\/div>\n\n\n\n<div class=\"wp-block-cover alignfull has-parallax\" style=\"min-height:600px;aspect-ratio:unset;\"><span aria-hidden=\"true\" class=\"wp-block-cover__background has-ast-global-color-5-background-color has-background-dim\"><\/span><div role=\"img\" class=\"wp-block-cover__image-background wp-image-923 has-parallax\" style=\"background-position:50% 50%;background-image:url(https:\/\/camaratravel.com\/wp-content\/uploads\/2023\/10\/Diseno-sin-titulo-31.jpg)\"><\/div><div class=\"wp-block-cover__inner-container is-layout-flow wp-block-cover-is-layout-flow\">\n<div class=\"wp-block-columns alignwide are-vertically-aligned-center is-layout-flex wp-container-core-columns-is-layout-28f84493 wp-block-columns-is-layout-flex\">\n<div class=\"wp-block-column is-vertically-aligned-center is-layout-flow wp-block-column-is-layout-flow\"><\/div>\n\n\n\n<div class=\"wp-block-column is-vertically-aligned-center is-layout-flow wp-block-column-is-layout-flow\">\n<h2 class=\"wp-block-heading has-text-align-center has-white-color has-text-color\">Gran Breta\u00f1a<\/h2>\n\n\n\n<hr class=\"wp-block-separator has-css-opacity is-style-wide\"\/>\n\n\n\n<p class=\"has-white-color has-text-color\">Este conjunto de naciones -Inglaterra, Escocia, Gales e Irlanda del Norte- te llevar\u00e1 a trav\u00e9s de una tierra de tradiciones, paisajes impresionantes y una rica herencia cultural. Desde los monumentos ic\u00f3nicos de Londres y las tierras altas de Escocia hasta los castillos galeses y la costa norte de Irlanda, Gran Breta\u00f1a ofrece una amplia variedad de experiencias<\/p>\n\n\n\n<div class=\"wp-block-buttons is-layout-flex wp-block-buttons-is-layout-flex\">\n<div class=\"wp-block-button\"><a class=\"wp-block-button__link wp-element-button\" href=\"https:\/\/camaratravel.com\/?page_id=595\">Reserva<\/a><\/div>\n<\/div>\n<\/div>\n<\/div>\n<\/div><\/div>\n\n\n\n<div class=\"wp-block-columns is-layout-flex wp-container-core-columns-is-layout-28f84493 wp-block-columns-is-layout-flex\">\n<div class=\"wp-block-column is-layout-flow wp-block-column-is-layout-flow\">\n<div class=\"wp-block-cover is-light\"><span aria-hidden=\"true\" class=\"wp-block-cover__background has-background-dim\"><\/span><img loading=\"lazy\" decoding=\"async\" width=\"1280\" height=\"720\" class=\"wp-block-cover__image-background wp-image-926\" alt=\"\" src=\"https:\/\/camaratravel.com\/wp-content\/uploads\/2023\/10\/Diseno-sin-titulo-32.jpg\" data-object-fit=\"cover\" srcset=\"https:\/\/camaratravel.com\/wp-content\/uploads\/2023\/10\/Diseno-sin-titulo-32.jpg 1280w, https:\/\/camaratravel.com\/wp-content\/uploads\/2023\/10\/Diseno-sin-titulo-32-300x169.jpg 300w, https:\/\/camaratravel.com\/wp-content\/uploads\/2023\/10\/Diseno-sin-titulo-32-1024x576.jpg 1024w, https:\/\/camaratravel.com\/wp-content\/uploads\/2023\/10\/Diseno-sin-titulo-32-768x432.jpg 768w\" sizes=\"auto, (max-width: 1280px) 100vw, 1280px\" \/><div class=\"wp-block-cover__inner-container is-layout-flow wp-block-cover-is-layout-flow\">\n<p class=\"has-text-align-center has-ast-global-color-4-color has-text-color has-large-font-size\">Irlanda Invierno<\/p>\n\n\n\n<div class=\"wp-block-buttons is-content-justification-center is-layout-flex wp-container-core-buttons-is-layout-a89b3969 wp-block-buttons-is-layout-flex\">\n<div class=\"wp-block-button\"><a class=\"wp-block-button__link wp-element-button\" href=\"https:\/\/camaratravel.com\/?page_id=599\">Reserva<\/a><\/div>\n<\/div>\n<\/div><\/div>\n<\/div>\n\n\n\n<div class=\"wp-block-column is-layout-flow wp-block-column-is-layout-flow\">\n<div class=\"wp-block-cover is-light\"><span aria-hidden=\"true\" class=\"wp-block-cover__background has-background-dim\"><\/span><img loading=\"lazy\" decoding=\"async\" width=\"1280\" height=\"720\" class=\"wp-block-cover__image-background wp-image-928\" alt=\"\" src=\"https:\/\/camaratravel.com\/wp-content\/uploads\/2023\/10\/Diseno-sin-titulo-33.jpg\" data-object-fit=\"cover\" srcset=\"https:\/\/camaratravel.com\/wp-content\/uploads\/2023\/10\/Diseno-sin-titulo-33.jpg 1280w, https:\/\/camaratravel.com\/wp-content\/uploads\/2023\/10\/Diseno-sin-titulo-33-300x169.jpg 300w, https:\/\/camaratravel.com\/wp-content\/uploads\/2023\/10\/Diseno-sin-titulo-33-1024x576.jpg 1024w, https:\/\/camaratravel.com\/wp-content\/uploads\/2023\/10\/Diseno-sin-titulo-33-768x432.jpg 768w\" sizes=\"auto, (max-width: 1280px) 100vw, 1280px\" \/><div class=\"wp-block-cover__inner-container is-layout-flow wp-block-cover-is-layout-flow\">\n<p class=\"has-text-align-center has-ast-global-color-4-color has-text-color has-large-font-size\">Alemania<\/p>\n\n\n\n<div class=\"wp-block-buttons is-content-justification-center is-layout-flex wp-container-core-buttons-is-layout-a89b3969 wp-block-buttons-is-layout-flex\">\n<div class=\"wp-block-button\"><a class=\"wp-block-button__link wp-element-button\" href=\"https:\/\/camaratravel.com\/?page_id=601\">Reserva<\/a><\/div>\n<\/div>\n<\/div><\/div>\n<\/div>\n<\/div>\n\n\n\n<hr class=\"wp-block-separator has-alpha-channel-opacity\"\/>\n\n\n\n<iframe loading=\"lazy\" src=\"https:\/\/www.megatravel.com.mx\/tools\/vi.php?Dest=1\" width=\"800\" height=\"1200\" border=\"0\"align=\"left\" allowtransparency=\"true\" frameborder=\"0\"> <\/iframe>\n","protected":false},"excerpt":{"rendered":"<p>C\u00e1mara Travel: Capturando Momentos, Creando Aventuras Tour de Francia Desde las calles adoquinadas de Par\u00eds y los vi\u00f1edos de la regi\u00f3n de Burdeos, hasta los paisajes impresionantes de la Provenza y la Costa Azul, Francia ofrece una diversidad asombrosa. Disfruta de catas de vinos en los vi\u00f1edos, visita museos llenos de arte y saborea la [&hellip;]<\/p>\n","protected":false},"author":1,"featured_media":0,"parent":0,"menu_order":0,"comment_status":"closed","ping_status":"closed","template":"","meta":{"om_disable_all_campaigns":false,"_monsterinsights_skip_tracking":false,"_monsterinsights_sitenote_active":false,"_monsterinsights_sitenote_note":"","_monsterinsights_sitenote_category":0,"site-sidebar-layout":"default","site-content-layout":"","ast-site-content-layout":"default","site-content-style":"default","site-sidebar-style":"default","ast-global-header-display":"","ast-banner-title-visibility":"","ast-main-header-display":"","ast-hfb-above-header-display":"","ast-hfb-below-header-display":"","ast-hfb-mobile-header-display":"","site-post-title":"disabled","ast-breadcrumbs-content":"","ast-featured-img":"","footer-sml-layout":"","ast-disable-related-posts":"","theme-transparent-header-meta":"","adv-header-id-meta":"","stick-header-meta":"","header-above-stick-meta":"","header-main-stick-meta":"","header-below-stick-meta":"","astra-migrate-meta-layouts":"set","ast-page-background-enabled":"default","ast-page-background-meta":{"desktop":{"background-color":"","background-image":"","background-repeat":"repeat","background-position":"center center","background-size":"auto","background-attachment":"scroll","background-type":"","background-media":"","overlay-type":"","overlay-color":"","overlay-opacity":"","overlay-gradient":""},"tablet":{"background-color":"","background-image":"","background-repeat":"repeat","background-position":"center center","background-size":"auto","background-attachment":"scroll","background-type":"","background-media":"","overlay-type":"","overlay-color":"","overlay-opacity":"","overlay-gradient":""},"mobile":{"background-color":"","background-image":"","background-repeat":"repeat","background-position":"center center","background-size":"auto","background-attachment":"scroll","background-type":"","background-media":"","overlay-type":"","overlay-color":"","overlay-opacity":"","overlay-gradient":""}},"ast-content-background-meta":{"desktop":{"background-color":"var(--ast-global-color-5)","background-image":"","background-repeat":"repeat","background-position":"center center","background-size":"auto","background-attachment":"scroll","background-type":"","background-media":"","overlay-type":"","overlay-color":"","overlay-opacity":"","overlay-gradient":""},"tablet":{"background-color":"var(--ast-global-color-5)","background-image":"","background-repeat":"repeat","background-position":"center center","background-size":"auto","background-attachment":"scroll","background-type":"","background-media":"","overlay-type":"","overlay-color":"","overlay-opacity":"","overlay-gradient":""},"mobile":{"background-color":"var(--ast-global-color-5)","background-image":"","background-repeat":"repeat","background-position":"center center","background-size":"auto","background-attachment":"scroll","background-type":"","background-media":"","overlay-type":"","overlay-color":"","overlay-opacity":"","overlay-gradient":""}},"footnotes":""},"class_list":["post-194","page","type-page","status-publish","hentry"],"aioseo_notices":[],"_links":{"self":[{"href":"https:\/\/camaratravel.com\/index.php?rest_route=\/wp\/v2\/pages\/194","targetHints":{"allow":["GET"]}}],"collection":[{"href":"https:\/\/camaratravel.com\/index.php?rest_route=\/wp\/v2\/pages"}],"about":[{"href":"https:\/\/camaratravel.com\/index.php?rest_route=\/wp\/v2\/types\/page"}],"author":[{"embeddable":true,"href":"https:\/\/camaratravel.com\/index.php?rest_route=\/wp\/v2\/users\/1"}],"replies":[{"embeddable":true,"href":"https:\/\/camaratravel.com\/index.php?rest_route=%2Fwp%2Fv2%2Fcomments&post=194"}],"version-history":[{"count":14,"href":"https:\/\/camaratravel.com\/index.php?rest_route=\/wp\/v2\/pages\/194\/revisions"}],"predecessor-version":[{"id":1089,"href":"https:\/\/camaratravel.com\/index.php?rest_route=\/wp\/v2\/pages\/194\/revisions\/1089"}],"wp:attachment":[{"href":"https:\/\/camaratravel.com\/index.php?rest_route=%2Fwp%2Fv2%2Fmedia&parent=194"}],"curies":[{"name":"wp","href":"https:\/\/api.w.org\/{rel}","templated":true}]}}