{"id":12,"date":"2020-09-15T06:48:15","date_gmt":"2020-09-15T06:48:15","guid":{"rendered":"http:\/\/camaratravel.com\/?page_id=12"},"modified":"2025-03-11T21:40:01","modified_gmt":"2025-03-12T03:40:01","slug":"home","status":"publish","type":"page","link":"https:\/\/camaratravel.com\/","title":{"rendered":"Home"},"content":{"rendered":"\n<div class=\"wp-block-cover alignfull is-light has-parallax\" style=\"min-height:750px;aspect-ratio:unset;\"><span aria-hidden=\"true\" class=\"wp-block-cover__background has-ast-global-color-5-background-color has-background-dim\"><\/span><div class=\"wp-block-cover__image-background wp-image-360 has-parallax\" style=\"background-position:50% 50%;background-image:url(http:\/\/camaratravel.com\/wp-content\/uploads\/2023\/09\/Oaxaca.jpg)\"><\/div><div class=\"wp-block-cover__inner-container is-layout-flow wp-block-cover-is-layout-flow\">\n<h3 class=\"wp-block-heading has-text-align-center has-white-color has-text-color\">Explora el mundo <\/h3>\n\n\n\n<hr class=\"wp-block-separator has-css-opacity aligncenter\"\/>\n\n\n\n<h1 class=\"wp-block-heading has-text-align-center has-white-color has-text-color\">Camara travel<\/h1>\n\n\n\n<div class=\"wp-block-buttons is-horizontal is-content-justification-center is-layout-flex wp-container-core-buttons-is-layout-03627597 wp-block-buttons-is-layout-flex\">\n<div class=\"wp-block-button\"><a class=\"wp-block-button__link wp-element-button\" href=\"https:\/\/camaratravel.com\/?page_id=8\">Learn More<\/a><\/div>\n<\/div>\n<\/div><\/div>\n\n\n\n<div class=\"inherit-container-width wp-block-group alignfull has-ast-global-color-6-background-color has-background is-layout-constrained wp-block-group-is-layout-constrained\"><div class=\"wp-block-group__inner-container\">\n<p class=\"has-text-align-center has-ast-global-color-4-color has-vivid-green-cyan-background-color has-text-color has-background\">C\u00e1mara Travel: Capturando momentos, creando aventuras<\/p>\n<\/div><\/div>\n\n\n\n<div class=\"inherit-container-width wp-block-group alignfull has-white-background-color has-background is-layout-constrained wp-block-group-is-layout-constrained\"><div class=\"wp-block-group__inner-container\">\n<div class=\"wp-block-columns alignwide is-layout-flex wp-container-core-columns-is-layout-28f84493 wp-block-columns-is-layout-flex\">\n<div class=\"wp-block-column is-layout-flow wp-block-column-is-layout-flow\">\n<div class=\"inherit-container-width wp-block-group is-layout-constrained wp-block-group-is-layout-constrained\"><div class=\"wp-block-group__inner-container\">\n<figure class=\"wp-block-image alignwide size-large\"><img loading=\"lazy\" decoding=\"async\" width=\"1024\" height=\"1024\" src=\"https:\/\/camaratravel.com\/wp-content\/uploads\/2024\/09\/NickFriends-Punta-Cana-1024x1024.png\" alt=\"\" class=\"wp-image-1767\" srcset=\"https:\/\/camaratravel.com\/wp-content\/uploads\/2024\/09\/NickFriends-Punta-Cana-1024x1024.png 1024w, https:\/\/camaratravel.com\/wp-content\/uploads\/2024\/09\/NickFriends-Punta-Cana-300x300.png 300w, https:\/\/camaratravel.com\/wp-content\/uploads\/2024\/09\/NickFriends-Punta-Cana-150x150.png 150w, https:\/\/camaratravel.com\/wp-content\/uploads\/2024\/09\/NickFriends-Punta-Cana-768x768.png 768w, https:\/\/camaratravel.com\/wp-content\/uploads\/2024\/09\/NickFriends-Punta-Cana.png 1080w\" sizes=\"auto, (max-width: 1024px) 100vw, 1024px\" \/><\/figure>\n\n\n\n<h5 class=\"wp-block-heading has-text-align-center\">Nickelodeon Punta Cana<\/h5>\n\n\n\n<div class=\"wp-block-buttons is-horizontal is-content-justification-center is-layout-flex wp-container-core-buttons-is-layout-03627597 wp-block-buttons-is-layout-flex\">\n<div class=\"wp-block-button\"><a class=\"wp-block-button__link wp-element-button\" href=\"https:\/\/camaratravel.com\/?page_id=1505\">Reserva<\/a><\/div>\n<\/div>\n<\/div><\/div>\n<\/div>\n\n\n\n<div class=\"wp-block-column is-layout-flow wp-block-column-is-layout-flow\">\n<div class=\"inherit-container-width wp-block-group is-layout-constrained wp-block-group-is-layout-constrained\"><div class=\"wp-block-group__inner-container\">\n<figure class=\"wp-block-image size-full\"><img loading=\"lazy\" decoding=\"async\" width=\"1200\" height=\"1200\" src=\"https:\/\/camaratravel.com\/wp-content\/uploads\/2024\/02\/viajes-huasteca-magico-mt-40358_656e51dcbcfd2.png\" alt=\"\" class=\"wp-image-1722\" srcset=\"https:\/\/camaratravel.com\/wp-content\/uploads\/2024\/02\/viajes-huasteca-magico-mt-40358_656e51dcbcfd2.png 1200w, https:\/\/camaratravel.com\/wp-content\/uploads\/2024\/02\/viajes-huasteca-magico-mt-40358_656e51dcbcfd2-300x300.png 300w, https:\/\/camaratravel.com\/wp-content\/uploads\/2024\/02\/viajes-huasteca-magico-mt-40358_656e51dcbcfd2-1024x1024.png 1024w, https:\/\/camaratravel.com\/wp-content\/uploads\/2024\/02\/viajes-huasteca-magico-mt-40358_656e51dcbcfd2-150x150.png 150w, https:\/\/camaratravel.com\/wp-content\/uploads\/2024\/02\/viajes-huasteca-magico-mt-40358_656e51dcbcfd2-768x768.png 768w\" sizes=\"auto, (max-width: 1200px) 100vw, 1200px\" \/><\/figure>\n\n\n\n<h5 class=\"wp-block-heading has-text-align-center\">Huasteca Potosina<\/h5>\n\n\n\n<div class=\"wp-block-buttons is-horizontal is-content-justification-center is-layout-flex wp-container-core-buttons-is-layout-03627597 wp-block-buttons-is-layout-flex\">\n<div class=\"wp-block-button\"><a class=\"wp-block-button__link wp-element-button\" href=\"https:\/\/camaratravel.com\/?page_id=1505\">Reserva <\/a><\/div>\n<\/div>\n<\/div><\/div>\n\n\n\n<figure class=\"wp-block-image size-full is-resized\"><img loading=\"lazy\" decoding=\"async\" width=\"1136\" height=\"1600\" src=\"https:\/\/camaratravel.com\/wp-content\/uploads\/2024\/11\/Camara-Travel-agencia_-Tour-Aventura-Tren-Maya-.jpg\" alt=\"\" class=\"wp-image-1805\" style=\"width:588px;height:auto\" srcset=\"https:\/\/camaratravel.com\/wp-content\/uploads\/2024\/11\/Camara-Travel-agencia_-Tour-Aventura-Tren-Maya-.jpg 1136w, https:\/\/camaratravel.com\/wp-content\/uploads\/2024\/11\/Camara-Travel-agencia_-Tour-Aventura-Tren-Maya--213x300.jpg 213w, https:\/\/camaratravel.com\/wp-content\/uploads\/2024\/11\/Camara-Travel-agencia_-Tour-Aventura-Tren-Maya--727x1024.jpg 727w, https:\/\/camaratravel.com\/wp-content\/uploads\/2024\/11\/Camara-Travel-agencia_-Tour-Aventura-Tren-Maya--768x1082.jpg 768w, https:\/\/camaratravel.com\/wp-content\/uploads\/2024\/11\/Camara-Travel-agencia_-Tour-Aventura-Tren-Maya--1091x1536.jpg 1091w\" sizes=\"auto, (max-width: 1136px) 100vw, 1136px\" \/><\/figure>\n\n\n\n<div class=\"wp-block-buttons is-layout-flex wp-block-buttons-is-layout-flex\">\n<div class=\"wp-block-button\"><a class=\"wp-block-button__link wp-element-button\" href=\"https:\/\/camaratravel.com\/?page_id=1505\">Reserva<\/a><\/div>\n<\/div>\n<\/div>\n<\/div>\n<\/div><\/div>\n\n\n\n<div class=\"wp-block-cover alignfull is-light has-parallax\" style=\"min-height:600px;aspect-ratio:unset;\"><span aria-hidden=\"true\" class=\"wp-block-cover__background has-ast-global-color-5-background-color has-background-dim\"><\/span><div class=\"wp-block-cover__image-background wp-image-376 has-parallax\" style=\"background-position:50% 50%;background-image:url(http:\/\/camaratravel.com\/wp-content\/uploads\/2023\/09\/front-web.png)\"><\/div><div class=\"wp-block-cover__inner-container is-layout-flow wp-block-cover-is-layout-flow\">\n<div class=\"wp-block-columns alignwide are-vertically-aligned-center is-layout-flex wp-container-core-columns-is-layout-28f84493 wp-block-columns-is-layout-flex\">\n<div class=\"wp-block-column is-vertically-aligned-center is-layout-flow wp-block-column-is-layout-flow\"><\/div>\n\n\n\n<div class=\"wp-block-column is-vertically-aligned-center is-layout-flow wp-block-column-is-layout-flow\">\n<h2 class=\"wp-block-heading has-text-align-center has-white-color has-text-color\">Explora M\u00e9xico<\/h2>\n\n\n\n<hr class=\"wp-block-separator has-css-opacity is-style-wide\"\/>\n\n\n\n<p class=\"has-white-color has-text-color\">Descubre la riqueza de los destinos nacionales con C\u00e1mara Travel. Desde las majestuosas monta\u00f1as hasta las playas de arena dorada, pasando por ciudades llenas de historia y pueblos pintorescos, nuestro pa\u00eds tiene mucho que ofrecer. Con una diversidad asombrosa de paisajes, culturas y experiencias, los destinos nacionales son un tesoro por explorar.<\/p>\n\n\n\n<div class=\"wp-block-buttons is-layout-flex wp-block-buttons-is-layout-flex\">\n<div class=\"wp-block-button\"><a class=\"wp-block-button__link wp-element-button\" href=\"https:\/\/camaratravel.com\/?page_id=10\">Learn More<\/a><\/div>\n<\/div>\n<\/div>\n<\/div>\n<\/div><\/div>\n\n\n\n<div class=\"inherit-container-width wp-block-group alignfull has-white-background-color has-background is-layout-constrained wp-block-group-is-layout-constrained\"><div class=\"wp-block-group__inner-container\">\n<div class=\"wp-block-columns alignwide are-vertically-aligned-center is-layout-flex wp-container-core-columns-is-layout-28f84493 wp-block-columns-is-layout-flex\">\n<div class=\"wp-block-column is-vertically-aligned-center is-layout-flow wp-block-column-is-layout-flow\" style=\"flex-basis:33.33%\">\n<h2 class=\"wp-block-heading\">Promociones 2025<\/h2>\n\n\n\n<p class=\"has-text-align-left\">Explora las maravillas de tu propio pa\u00eds con nuestras emocionantes ofertas nacionales. En C\u00e1mara Travel, te ofrecemos la oportunidad de descubrir los tesoros escondidos de tu tierra, desde playas id\u00edlicas y ciudades vibrantes hasta paisajes naturales impresionantes.<\/p>\n\n\n\n<div class=\"wp-block-buttons is-content-justification-center is-layout-flex wp-container-core-buttons-is-layout-a89b3969 wp-block-buttons-is-layout-flex\">\n<div class=\"wp-block-button\"><a class=\"wp-block-button__link wp-element-button\" href=\"https:\/\/camaratravel.com\/?page_id=1505\">Reserva<\/a><\/div>\n<\/div>\n<\/div>\n\n\n\n<div class=\"wp-block-column is-vertically-aligned-center is-layout-flow wp-block-column-is-layout-flow\" style=\"flex-basis:66.66%\">\n<figure class=\"wp-block-gallery has-nested-images columns-2 wp-block-gallery-1 is-layout-flex wp-block-gallery-is-layout-flex\">\n<figure class=\"wp-block-image size-large\"><img loading=\"lazy\" decoding=\"async\" width=\"881\" height=\"1024\" data-id=\"1763\" src=\"https:\/\/camaratravel.com\/wp-content\/uploads\/2024\/05\/Verano-octubre-barrancas-del-cobre-espectacular-nacionales_MT40354-881x1024.jpg\" alt=\"\" class=\"wp-image-1763\" srcset=\"https:\/\/camaratravel.com\/wp-content\/uploads\/2024\/05\/Verano-octubre-barrancas-del-cobre-espectacular-nacionales_MT40354-881x1024.jpg 881w, https:\/\/camaratravel.com\/wp-content\/uploads\/2024\/05\/Verano-octubre-barrancas-del-cobre-espectacular-nacionales_MT40354-258x300.jpg 258w, https:\/\/camaratravel.com\/wp-content\/uploads\/2024\/05\/Verano-octubre-barrancas-del-cobre-espectacular-nacionales_MT40354-768x893.jpg 768w, https:\/\/camaratravel.com\/wp-content\/uploads\/2024\/05\/Verano-octubre-barrancas-del-cobre-espectacular-nacionales_MT40354-1321x1536.jpg 1321w, https:\/\/camaratravel.com\/wp-content\/uploads\/2024\/05\/Verano-octubre-barrancas-del-cobre-espectacular-nacionales_MT40354-1762x2048.jpg 1762w\" sizes=\"auto, (max-width: 881px) 100vw, 881px\" \/><\/figure>\n\n\n\n<figure class=\"wp-block-image alignfull size-full\"><img loading=\"lazy\" decoding=\"async\" width=\"1138\" height=\"1600\" data-id=\"1807\" src=\"https:\/\/camaratravel.com\/wp-content\/uploads\/2024\/11\/Camara-Travel-Celestun.jpg\" alt=\"\" class=\"wp-image-1807\" srcset=\"https:\/\/camaratravel.com\/wp-content\/uploads\/2024\/11\/Camara-Travel-Celestun.jpg 1138w, https:\/\/camaratravel.com\/wp-content\/uploads\/2024\/11\/Camara-Travel-Celestun-213x300.jpg 213w, https:\/\/camaratravel.com\/wp-content\/uploads\/2024\/11\/Camara-Travel-Celestun-728x1024.jpg 728w, https:\/\/camaratravel.com\/wp-content\/uploads\/2024\/11\/Camara-Travel-Celestun-768x1080.jpg 768w, https:\/\/camaratravel.com\/wp-content\/uploads\/2024\/11\/Camara-Travel-Celestun-1092x1536.jpg 1092w\" sizes=\"auto, (max-width: 1138px) 100vw, 1138px\" \/><\/figure>\n\n\n\n<figure class=\"wp-block-image aligncenter size-full is-style-default\"><img loading=\"lazy\" decoding=\"async\" width=\"1200\" height=\"1200\" data-id=\"1726\" src=\"https:\/\/camaratravel.com\/wp-content\/uploads\/2024\/02\/paquete-viajes-tesoros-de-baja-california-mt-40457_656e5179aa07a.png\" alt=\"\" class=\"wp-image-1726\" srcset=\"https:\/\/camaratravel.com\/wp-content\/uploads\/2024\/02\/paquete-viajes-tesoros-de-baja-california-mt-40457_656e5179aa07a.png 1200w, https:\/\/camaratravel.com\/wp-content\/uploads\/2024\/02\/paquete-viajes-tesoros-de-baja-california-mt-40457_656e5179aa07a-300x300.png 300w, https:\/\/camaratravel.com\/wp-content\/uploads\/2024\/02\/paquete-viajes-tesoros-de-baja-california-mt-40457_656e5179aa07a-1024x1024.png 1024w, https:\/\/camaratravel.com\/wp-content\/uploads\/2024\/02\/paquete-viajes-tesoros-de-baja-california-mt-40457_656e5179aa07a-150x150.png 150w, https:\/\/camaratravel.com\/wp-content\/uploads\/2024\/02\/paquete-viajes-tesoros-de-baja-california-mt-40457_656e5179aa07a-768x768.png 768w\" sizes=\"auto, (max-width: 1200px) 100vw, 1200px\" \/><\/figure>\n<\/figure>\n<\/div>\n<\/div>\n<\/div><\/div>\n\n\n\n<div class=\"wp-block-cover alignfull is-light has-parallax\" style=\"min-height:600px;aspect-ratio:unset;\"><span aria-hidden=\"true\" class=\"wp-block-cover__background has-ast-global-color-5-background-color has-background-dim\"><\/span><div class=\"wp-block-cover__image-background wp-image-336 has-parallax\" style=\"background-position:50% 50%;background-image:url(http:\/\/camaratravel.com\/wp-content\/uploads\/2023\/09\/Alemania.jpg)\"><\/div><div class=\"wp-block-cover__inner-container is-layout-flow wp-block-cover-is-layout-flow\">\n<div class=\"wp-block-columns alignwide are-vertically-aligned-center is-layout-flex wp-container-core-columns-is-layout-28f84493 wp-block-columns-is-layout-flex\">\n<div class=\"wp-block-column is-vertically-aligned-center is-layout-flow wp-block-column-is-layout-flow\"><\/div>\n\n\n\n<div class=\"wp-block-column is-vertically-aligned-center is-layout-flow wp-block-column-is-layout-flow\">\n<h2 class=\"wp-block-heading has-text-align-center has-white-color has-text-color\">Explora Europa<\/h2>\n\n\n\n<hr class=\"wp-block-separator has-css-opacity is-style-wide\"\/>\n\n\n\n<p class=\"has-white-color has-text-color\">Emb\u00e1rcate en una aventura europea inolvidable con C\u00e1mara Travel. Europa, con su rica historia, encanto arquitect\u00f3nico y una diversidad de culturas fascinantes, es un continente que te espera con los brazos abiertos. Desde las elegantes calles de Par\u00eds hasta los antiguos tesoros de Roma, pasando por los paisajes impresionantes de los Alpes y las playas ba\u00f1adas por el sol en la costa mediterr\u00e1nea, Europa tiene algo para cada tipo de viajero.<\/p>\n\n\n\n<div class=\"wp-block-buttons is-layout-flex wp-block-buttons-is-layout-flex\">\n<div class=\"wp-block-button\"><a class=\"wp-block-button__link wp-element-button\" href=\"https:\/\/camaratravel.com\/?page_id=194\">Learn More<\/a><\/div>\n<\/div>\n<\/div>\n<\/div>\n<\/div><\/div>\n\n\n\n<div class=\"wp-block-columns alignwide are-vertically-aligned-center is-layout-flex wp-container-core-columns-is-layout-28f84493 wp-block-columns-is-layout-flex\">\n<div class=\"wp-block-column is-vertically-aligned-center is-layout-flow wp-block-column-is-layout-flow\" style=\"flex-basis:33.33%\">\n<h2 class=\"wp-block-heading\">Promociones INTERNACIONALES<\/h2>\n\n\n\n<p>Disfruta las pr\u00f3ximas vacaciones con las irresistibles ofertas internacionales de C\u00e1mara Travel. Disfruta un merecido tiempo de descanso de la rutina diaria en destinos de ensue\u00f1o alrededor del mundo.<\/p>\n\n\n\n<div class=\"wp-block-buttons is-content-justification-center is-layout-flex wp-container-core-buttons-is-layout-a89b3969 wp-block-buttons-is-layout-flex\">\n<div class=\"wp-block-button\"><a class=\"wp-block-button__link wp-element-button\" href=\"https:\/\/camaratravel.com\/?page_id=1505\">Reserva<\/a><\/div>\n<\/div>\n<\/div>\n\n\n\n<div class=\"wp-block-column is-vertically-aligned-center is-layout-flow wp-block-column-is-layout-flow\" style=\"flex-basis:66.66%\">\n<figure class=\"wp-block-gallery has-nested-images columns-2 wp-block-gallery-2 is-layout-flex wp-block-gallery-is-layout-flex\">\n<figure class=\"wp-block-image size-large\"><img loading=\"lazy\" decoding=\"async\" width=\"791\" height=\"1024\" data-id=\"1781\" src=\"https:\/\/camaratravel.com\/wp-content\/uploads\/2024\/09\/mega-japon-asia_66da5128ad4f3-791x1024.jpg\" alt=\"\" class=\"wp-image-1781\" srcset=\"https:\/\/camaratravel.com\/wp-content\/uploads\/2024\/09\/mega-japon-asia_66da5128ad4f3-791x1024.jpg 791w, https:\/\/camaratravel.com\/wp-content\/uploads\/2024\/09\/mega-japon-asia_66da5128ad4f3-232x300.jpg 232w, https:\/\/camaratravel.com\/wp-content\/uploads\/2024\/09\/mega-japon-asia_66da5128ad4f3-768x994.jpg 768w, https:\/\/camaratravel.com\/wp-content\/uploads\/2024\/09\/mega-japon-asia_66da5128ad4f3-1187x1536.jpg 1187w, https:\/\/camaratravel.com\/wp-content\/uploads\/2024\/09\/mega-japon-asia_66da5128ad4f3-1583x2048.jpg 1583w, https:\/\/camaratravel.com\/wp-content\/uploads\/2024\/09\/mega-japon-asia_66da5128ad4f3-scaled.jpg 1978w\" sizes=\"auto, (max-width: 791px) 100vw, 791px\" \/><\/figure>\n\n\n\n<figure class=\"wp-block-image size-large\"><img loading=\"lazy\" decoding=\"async\" width=\"794\" height=\"1024\" data-id=\"1731\" src=\"https:\/\/camaratravel.com\/wp-content\/uploads\/2024\/02\/paquete-viajes-mega-europa-europa_65c64eb9e4f0a-794x1024.jpg\" alt=\"\" class=\"wp-image-1731\" srcset=\"https:\/\/camaratravel.com\/wp-content\/uploads\/2024\/02\/paquete-viajes-mega-europa-europa_65c64eb9e4f0a-794x1024.jpg 794w, https:\/\/camaratravel.com\/wp-content\/uploads\/2024\/02\/paquete-viajes-mega-europa-europa_65c64eb9e4f0a-233x300.jpg 233w, https:\/\/camaratravel.com\/wp-content\/uploads\/2024\/02\/paquete-viajes-mega-europa-europa_65c64eb9e4f0a-768x990.jpg 768w, https:\/\/camaratravel.com\/wp-content\/uploads\/2024\/02\/paquete-viajes-mega-europa-europa_65c64eb9e4f0a-1192x1536.jpg 1192w, https:\/\/camaratravel.com\/wp-content\/uploads\/2024\/02\/paquete-viajes-mega-europa-europa_65c64eb9e4f0a-1589x2048.jpg 1589w, https:\/\/camaratravel.com\/wp-content\/uploads\/2024\/02\/paquete-viajes-mega-europa-europa_65c64eb9e4f0a-scaled.jpg 1986w\" sizes=\"auto, (max-width: 794px) 100vw, 794px\" \/><\/figure>\n\n\n\n<figure class=\"wp-block-image size-large\"><img loading=\"lazy\" decoding=\"async\" width=\"788\" height=\"1024\" data-id=\"1772\" src=\"https:\/\/camaratravel.com\/wp-content\/uploads\/2024\/09\/Turquia-India-y-Thai-MT30205-788x1024.jpg\" alt=\"\" class=\"wp-image-1772\" srcset=\"https:\/\/camaratravel.com\/wp-content\/uploads\/2024\/09\/Turquia-India-y-Thai-MT30205-788x1024.jpg 788w, https:\/\/camaratravel.com\/wp-content\/uploads\/2024\/09\/Turquia-India-y-Thai-MT30205-231x300.jpg 231w, https:\/\/camaratravel.com\/wp-content\/uploads\/2024\/09\/Turquia-India-y-Thai-MT30205-768x997.jpg 768w, https:\/\/camaratravel.com\/wp-content\/uploads\/2024\/09\/Turquia-India-y-Thai-MT30205-1183x1536.jpg 1183w, https:\/\/camaratravel.com\/wp-content\/uploads\/2024\/09\/Turquia-India-y-Thai-MT30205.jpg 1232w\" sizes=\"auto, (max-width: 788px) 100vw, 788px\" \/><\/figure>\n<\/figure>\n<\/div>\n<\/div>\n\n\n\n<hr class=\"wp-block-separator has-alpha-channel-opacity\"\/>\n\n\n\n<div class=\"wp-block-cover is-light has-parallax\" style=\"min-height:430px;aspect-ratio:unset;\"><span aria-hidden=\"true\" class=\"wp-block-cover__background has-background-dim\"><\/span><div class=\"wp-block-cover__image-background wp-image-1006 has-parallax\" style=\"background-position:50% 50%;background-image:url(http:\/\/camaratravel.com\/wp-content\/uploads\/2023\/10\/Diseno-sin-titulo-59-1024x576.jpg)\"><\/div><div class=\"wp-block-cover__inner-container is-layout-flow wp-block-cover-is-layout-flow\">\n<p class=\"has-text-align-center has-ast-global-color-4-color has-text-color has-large-font-size\">Cruceros<\/p>\n\n\n\n<div class=\"wp-block-buttons is-content-justification-center is-layout-flex wp-container-core-buttons-is-layout-a89b3969 wp-block-buttons-is-layout-flex\">\n<div class=\"wp-block-button\"><a class=\"wp-block-button__link wp-element-button\" href=\"https:\/\/camaratravel.com\/?page_id=1004\">Ver m\u00e1s<\/a><\/div>\n<\/div>\n\n\n\n<div class=\"wp-block-group is-layout-constrained wp-block-group-is-layout-constrained\"><div class=\"wp-block-group__inner-container\">\n<div class=\"wp-block-columns is-layout-flex wp-container-core-columns-is-layout-28f84493 wp-block-columns-is-layout-flex\">\n<div class=\"wp-block-column is-layout-flow wp-block-column-is-layout-flow\" style=\"flex-basis:100%\">\n<p class=\"has-ast-global-color-4-color has-text-color\">Emb\u00e1rcate en una experiencia inolvidable con las emocionantes ofertas de cruceros de C\u00e1mara Travel. Descubre el mundo desde la comodidad de un lujoso barco, navegando por aguas cristalinas y explorando m\u00faltiples destinos en un solo viaje.<\/p>\n<\/div>\n<\/div>\n<\/div><\/div>\n<\/div><\/div>\n\n\n\n<hr class=\"wp-block-separator has-alpha-channel-opacity\"\/>\n","protected":false},"excerpt":{"rendered":"<p>C\u00e1mara Travel: Capturando momentos, creando aventuras Nickelodeon Punta Cana Huasteca Potosina Promociones 2025 Explora las maravillas de tu propio pa\u00eds con nuestras emocionantes ofertas nacionales. En C\u00e1mara Travel, te ofrecemos la oportunidad de descubrir los tesoros escondidos de tu tierra, desde playas id\u00edlicas y ciudades vibrantes hasta paisajes naturales impresionantes. Promociones INTERNACIONALES Disfruta las pr\u00f3ximas [&hellip;]<\/p>\n","protected":false},"author":1,"featured_media":0,"parent":0,"menu_order":0,"comment_status":"closed","ping_status":"closed","template":"","meta":{"om_disable_all_campaigns":false,"_monsterinsights_skip_tracking":false,"_monsterinsights_sitenote_active":false,"_monsterinsights_sitenote_note":"","_monsterinsights_sitenote_category":0,"site-sidebar-layout":"no-sidebar","site-content-layout":"plain-container","ast-site-content-layout":"normal-width-container","site-content-style":"unboxed","site-sidebar-style":"unboxed","ast-global-header-display":"","ast-banner-title-visibility":"","ast-main-header-display":"","ast-hfb-above-header-display":"","ast-hfb-below-header-display":"","ast-hfb-mobile-header-display":"","site-post-title":"disabled","ast-breadcrumbs-content":"","ast-featured-img":"","footer-sml-layout":"","ast-disable-related-posts":"","theme-transparent-header-meta":"enabled","adv-header-id-meta":"","stick-header-meta":"","header-above-stick-meta":"","header-main-stick-meta":"","header-below-stick-meta":"","astra-migrate-meta-layouts":"set","ast-page-background-enabled":"default","ast-page-background-meta":{"desktop":{"background-color":"","background-image":"","background-repeat":"repeat","background-position":"center center","background-size":"auto","background-attachment":"scroll","background-type":"","background-media":"","overlay-type":"","overlay-color":"","overlay-opacity":"","overlay-gradient":""},"tablet":{"background-color":"","background-image":"","background-repeat":"repeat","background-position":"center center","background-size":"auto","background-attachment":"scroll","background-type":"","background-media":"","overlay-type":"","overlay-color":"","overlay-opacity":"","overlay-gradient":""},"mobile":{"background-color":"","background-image":"","background-repeat":"repeat","background-position":"center center","background-size":"auto","background-attachment":"scroll","background-type":"","background-media":"","overlay-type":"","overlay-color":"","overlay-opacity":"","overlay-gradient":""}},"ast-content-background-meta":{"desktop":{"background-color":"var(--ast-global-color-5)","background-image":"","background-repeat":"repeat","background-position":"center center","background-size":"auto","background-attachment":"scroll","background-type":"","background-media":"","overlay-type":"","overlay-color":"","overlay-opacity":"","overlay-gradient":""},"tablet":{"background-color":"var(--ast-global-color-5)","background-image":"","background-repeat":"repeat","background-position":"center center","background-size":"auto","background-attachment":"scroll","background-type":"","background-media":"","overlay-type":"","overlay-color":"","overlay-opacity":"","overlay-gradient":""},"mobile":{"background-color":"var(--ast-global-color-5)","background-image":"","background-repeat":"repeat","background-position":"center center","background-size":"auto","background-attachment":"scroll","background-type":"","background-media":"","overlay-type":"","overlay-color":"","overlay-opacity":"","overlay-gradient":""}},"footnotes":""},"class_list":["post-12","page","type-page","status-publish","hentry"],"aioseo_notices":[],"_links":{"self":[{"href":"https:\/\/camaratravel.com\/index.php?rest_route=\/wp\/v2\/pages\/12","targetHints":{"allow":["GET"]}}],"collection":[{"href":"https:\/\/camaratravel.com\/index.php?rest_route=\/wp\/v2\/pages"}],"about":[{"href":"https:\/\/camaratravel.com\/index.php?rest_route=\/wp\/v2\/types\/page"}],"author":[{"embeddable":true,"href":"https:\/\/camaratravel.com\/index.php?rest_route=\/wp\/v2\/users\/1"}],"replies":[{"embeddable":true,"href":"https:\/\/camaratravel.com\/index.php?rest_route=%2Fwp%2Fv2%2Fcomments&post=12"}],"version-history":[{"count":47,"href":"https:\/\/camaratravel.com\/index.php?rest_route=\/wp\/v2\/pages\/12\/revisions"}],"predecessor-version":[{"id":1817,"href":"https:\/\/camaratravel.com\/index.php?rest_route=\/wp\/v2\/pages\/12\/revisions\/1817"}],"wp:attachment":[{"href":"https:\/\/camaratravel.com\/index.php?rest_route=%2Fwp%2Fv2%2Fmedia&parent=12"}],"curies":[{"name":"wp","href":"https:\/\/api.w.org\/{rel}","templated":true}]}}