{"id":10,"date":"2020-09-15T06:48:51","date_gmt":"2020-09-15T06:48:51","guid":{"rendered":"http:\/\/camaratravel.com\/?page_id=10"},"modified":"2024-11-25T18:45:57","modified_gmt":"2024-11-26T00:45:57","slug":"services","status":"publish","type":"page","link":"https:\/\/camaratravel.com\/?page_id=10","title":{"rendered":"Nacionales"},"content":{"rendered":"\n<div class=\"wp-block-cover alignfull is-light has-parallax\" style=\"min-height:750px;aspect-ratio:unset;\"><span aria-hidden=\"true\" class=\"wp-block-cover__background has-ast-global-color-5-background-color has-background-dim\"><\/span><div class=\"wp-block-cover__image-background wp-image-376 has-parallax\" style=\"background-position:50% 50%;background-image:url(http:\/\/camaratravel.com\/wp-content\/uploads\/2023\/09\/front-web.png)\"><\/div><div class=\"wp-block-cover__inner-container is-layout-flow wp-block-cover-is-layout-flow\">\n<h3 class=\"wp-block-heading has-text-align-center has-white-color has-text-color\">Enfoque perfecto para tus viajes inolvidables<\/h3>\n\n\n\n<hr class=\"wp-block-separator has-css-opacity aligncenter\"\/>\n\n\n\n<h1 class=\"wp-block-heading has-text-align-center has-white-color has-text-color\">M\u00e9xico<\/h1>\n\n\n\n<div class=\"wp-block-buttons is-horizontal is-content-justification-center is-layout-flex wp-container-core-buttons-is-layout-03627597 wp-block-buttons-is-layout-flex\"><\/div>\n<\/div><\/div>\n\n\n\n<div class=\"inherit-container-width wp-block-group alignfull has-white-background-color has-background is-layout-constrained wp-block-group-is-layout-constrained\"><div class=\"wp-block-group__inner-container\">\n<div class=\"wp-block-columns alignwide is-layout-flex wp-container-core-columns-is-layout-4c1dd492 wp-block-columns-is-layout-flex\" style=\"margin-top:var(--wp--preset--spacing--80);margin-bottom:var(--wp--preset--spacing--80)\">\n<div class=\"wp-block-column is-layout-flow wp-block-column-is-layout-flow\">\n<div class=\"inherit-container-width wp-block-group is-layout-constrained wp-block-group-is-layout-constrained\"><div class=\"wp-block-group__inner-container\">\n<figure class=\"wp-block-image aligncenter size-large\"><img loading=\"lazy\" decoding=\"async\" width=\"791\" height=\"1024\" src=\"https:\/\/camaratravel.com\/wp-content\/uploads\/2024\/11\/Camara-Travel-Mariposa-Monarca-2024-791x1024.jpg\" alt=\"\" class=\"wp-image-1812\" srcset=\"https:\/\/camaratravel.com\/wp-content\/uploads\/2024\/11\/Camara-Travel-Mariposa-Monarca-2024-791x1024.jpg 791w, https:\/\/camaratravel.com\/wp-content\/uploads\/2024\/11\/Camara-Travel-Mariposa-Monarca-2024-232x300.jpg 232w, https:\/\/camaratravel.com\/wp-content\/uploads\/2024\/11\/Camara-Travel-Mariposa-Monarca-2024-768x994.jpg 768w, https:\/\/camaratravel.com\/wp-content\/uploads\/2024\/11\/Camara-Travel-Mariposa-Monarca-2024-1187x1536.jpg 1187w, https:\/\/camaratravel.com\/wp-content\/uploads\/2024\/11\/Camara-Travel-Mariposa-Monarca-2024.jpg 1236w\" sizes=\"auto, (max-width: 791px) 100vw, 791px\" \/><\/figure>\n\n\n\n<div class=\"wp-block-buttons is-horizontal is-content-justification-center is-layout-flex wp-container-core-buttons-is-layout-03627597 wp-block-buttons-is-layout-flex\">\n<div class=\"wp-block-button\"><a class=\"wp-block-button__link wp-element-button\" href=\"https:\/\/camaratravel.com\/?page_id=1505\">Reserva<\/a><\/div>\n<\/div>\n<\/div><\/div>\n<\/div>\n\n\n\n<div class=\"wp-block-column is-layout-flow wp-block-column-is-layout-flow\" style=\"padding-top:0;padding-bottom:0\">\n<div class=\"inherit-container-width wp-block-group is-layout-constrained wp-block-group-is-layout-constrained\"><div class=\"wp-block-group__inner-container\">\n<figure class=\"wp-block-image aligncenter size-large is-resized\"><img loading=\"lazy\" decoding=\"async\" width=\"790\" height=\"1024\" src=\"https:\/\/camaratravel.com\/wp-content\/uploads\/2024\/09\/Tour-Barrancas-Navidad-2024-ECIT-790x1024.jpg\" alt=\"\" class=\"wp-image-1784\" style=\"aspect-ratio:0.7724609375;width:460px;height:auto\" srcset=\"https:\/\/camaratravel.com\/wp-content\/uploads\/2024\/09\/Tour-Barrancas-Navidad-2024-ECIT-790x1024.jpg 790w, https:\/\/camaratravel.com\/wp-content\/uploads\/2024\/09\/Tour-Barrancas-Navidad-2024-ECIT-232x300.jpg 232w, https:\/\/camaratravel.com\/wp-content\/uploads\/2024\/09\/Tour-Barrancas-Navidad-2024-ECIT-768x995.jpg 768w, https:\/\/camaratravel.com\/wp-content\/uploads\/2024\/09\/Tour-Barrancas-Navidad-2024-ECIT.jpg 988w\" sizes=\"auto, (max-width: 790px) 100vw, 790px\" \/><\/figure>\n\n\n\n<div class=\"wp-block-buttons is-horizontal is-content-justification-center is-layout-flex wp-container-core-buttons-is-layout-03627597 wp-block-buttons-is-layout-flex\">\n<div class=\"wp-block-button\"><a class=\"wp-block-button__link wp-element-button\" href=\"https:\/\/camaratravel.com\/?page_id=1505\">Reserva<\/a><\/div>\n<\/div>\n<\/div><\/div>\n<\/div>\n<\/div>\n<\/div><\/div>\n\n\n\n<div class=\"wp-block-cover alignwide is-light has-parallax\" style=\"margin-top:var(--wp--preset--spacing--80);margin-bottom:var(--wp--preset--spacing--80);min-height:600px;aspect-ratio:unset;\"><span aria-hidden=\"true\" class=\"wp-block-cover__background has-ast-global-color-5-background-color has-background-dim\"><\/span><div class=\"wp-block-cover__image-background wp-image-397 has-parallax\" style=\"background-position:50% 50%;background-image:url(http:\/\/camaratravel.com\/wp-content\/uploads\/2023\/09\/Mexico.jpg)\"><\/div><div class=\"wp-block-cover__inner-container is-layout-flow wp-container-core-cover-is-layout-eff33443 wp-block-cover-is-layout-flow\">\n<div class=\"wp-block-columns alignwide are-vertically-aligned-center is-layout-flex wp-container-core-columns-is-layout-28f84493 wp-block-columns-is-layout-flex\">\n<div class=\"wp-block-column is-vertically-aligned-center is-layout-flow wp-block-column-is-layout-flow\"><\/div>\n\n\n\n<div class=\"wp-block-column is-vertically-aligned-center is-layout-flow wp-block-column-is-layout-flow\">\n<h2 class=\"wp-block-heading has-text-align-center has-white-color has-text-color\">Playas<\/h2>\n\n\n\n<hr class=\"wp-block-separator has-css-opacity is-style-wide\"\/>\n\n\n\n<p class=\"has-white-color has-text-color\">Sum\u00e9rgete en el para\u00edso con las irresistibles ofertas de playas mexicanas de C\u00e1mara Travel. M\u00e9xico es un tesoro de playas de arena dorada, aguas cristalinas y un ambiente c\u00e1lido y acogedor.<\/p>\n\n\n\n<div class=\"wp-block-buttons is-layout-flex wp-block-buttons-is-layout-flex\">\n<div class=\"wp-block-button\"><a class=\"wp-block-button__link wp-element-button\" href=\"https:\/\/camaratravel.com\/?page_id=793\">Learn More<\/a><\/div>\n<\/div>\n<\/div>\n<\/div>\n<\/div><\/div>\n\n\n\n<div class=\"wp-block-media-text is-stacked-on-mobile\" style=\"grid-template-columns:57% auto\"><figure class=\"wp-block-media-text__media\"><img loading=\"lazy\" decoding=\"async\" width=\"1024\" height=\"592\" src=\"http:\/\/camaratravel.com\/wp-content\/uploads\/2023\/09\/JALISCO-MI.png\" alt=\"\" class=\"wp-image-371 size-full\" srcset=\"https:\/\/camaratravel.com\/wp-content\/uploads\/2023\/09\/JALISCO-MI.png 1024w, https:\/\/camaratravel.com\/wp-content\/uploads\/2023\/09\/JALISCO-MI-300x173.png 300w, https:\/\/camaratravel.com\/wp-content\/uploads\/2023\/09\/JALISCO-MI-768x444.png 768w\" sizes=\"auto, (max-width: 1024px) 100vw, 1024px\" \/><\/figure><div class=\"wp-block-media-text__content\">\n<p class=\"has-small-font-size\" style=\"padding-top:var(--wp--preset--spacing--20);padding-right:var(--wp--preset--spacing--60);padding-bottom:var(--wp--preset--spacing--20);padding-left:var(--wp--preset--spacing--60)\">Los Pueblos M\u00e1gicos de Jalisco, donde la tradici\u00f3n y la belleza se entrelazan. En Tapalpa, sum\u00e9rgete en el encanto de las calles adoquinadas y los bosques circundantes. En Tlaquepaque, descubre la artesan\u00eda y la cultura a trav\u00e9s de sus mercados y galer\u00edas. Y en Tequila, conoce la historia y la destilaci\u00f3n del famoso licor. Cada uno de estos pueblos ofrece una experiencia \u00fanica. Ven y descubre la magia de Jalisco en Tapalpa, Tlaquepaque y Tequila.<\/p>\n\n\n\n<div class=\"wp-block-buttons is-content-justification-right is-layout-flex wp-container-core-buttons-is-layout-d445cf74 wp-block-buttons-is-layout-flex\">\n<div class=\"wp-block-button\"><a class=\"wp-block-button__link wp-element-button\" href=\"https:\/\/camaratravel.com\/?page_id=1505\">Reserva<\/a><\/div>\n<\/div>\n<\/div><\/div>\n\n\n\n<div class=\"wp-block-cover aligncenter is-light\" style=\"margin-top:var(--wp--preset--spacing--80);margin-bottom:var(--wp--preset--spacing--80);padding-top:0;padding-bottom:0;min-height:524px;aspect-ratio:unset;\"><span aria-hidden=\"true\" class=\"wp-block-cover__background has-background-dim-0 has-background-dim\"><\/span><img loading=\"lazy\" decoding=\"async\" width=\"1024\" height=\"598\" class=\"wp-block-cover__image-background wp-image-372\" alt=\"\" src=\"http:\/\/camaratravel.com\/wp-content\/uploads\/2023\/09\/NAVIDAD-HUASTECA-MI.png\" data-object-fit=\"cover\" srcset=\"https:\/\/camaratravel.com\/wp-content\/uploads\/2023\/09\/NAVIDAD-HUASTECA-MI.png 1024w, https:\/\/camaratravel.com\/wp-content\/uploads\/2023\/09\/NAVIDAD-HUASTECA-MI-300x175.png 300w, https:\/\/camaratravel.com\/wp-content\/uploads\/2023\/09\/NAVIDAD-HUASTECA-MI-768x449.png 768w\" sizes=\"auto, (max-width: 1024px) 100vw, 1024px\" \/><div class=\"wp-block-cover__inner-container is-layout-flow wp-container-core-cover-is-layout-59868d4f wp-block-cover-is-layout-flow\">\n<p class=\"has-text-align-center has-large-font-size\"><\/p>\n\n\n\n<div class=\"wp-block-buttons is-layout-flex wp-block-buttons-is-layout-flex\">\n<div class=\"wp-block-button\"><a class=\"wp-block-button__link wp-element-button\" href=\"https:\/\/camaratravel.com\/?page_id=1036\">Reserva<\/a><\/div>\n<\/div>\n<\/div><\/div>\n\n\n\n<div class=\"wp-block-cover alignwide has-parallax\" style=\"margin-top:var(--wp--preset--spacing--80);margin-bottom:var(--wp--preset--spacing--80);padding-top:0;padding-bottom:0;min-height:600px;aspect-ratio:unset;\"><span aria-hidden=\"true\" class=\"wp-block-cover__background has-ast-global-color-5-background-color has-background-dim\"><\/span><div class=\"wp-block-cover__image-background wp-image-400 has-parallax\" style=\"background-position:50% 50%;background-image:url(http:\/\/camaratravel.com\/wp-content\/uploads\/2023\/09\/Mexico-1.jpg)\"><\/div><div class=\"wp-block-cover__inner-container is-layout-flow wp-container-core-cover-is-layout-2d04c7e1 wp-block-cover-is-layout-flow\">\n<div class=\"wp-block-columns alignwide are-vertically-aligned-center is-layout-flex wp-container-core-columns-is-layout-28f84493 wp-block-columns-is-layout-flex\">\n<div class=\"wp-block-column is-vertically-aligned-center is-layout-flow wp-block-column-is-layout-flow\"><\/div>\n\n\n\n<div class=\"wp-block-column is-vertically-aligned-center is-layout-flow wp-block-column-is-layout-flow\">\n<h2 class=\"wp-block-heading has-text-align-center has-white-color has-text-color\">Mexico cultural <\/h2>\n\n\n\n<hr class=\"wp-block-separator has-css-opacity is-style-wide\"\/>\n\n\n\n<p class=\"has-white-color has-text-color\">Nuestro pa\u00eds alberga una impresionante colecci\u00f3n de joyas hist\u00f3ricas, donde la arquitectura colonial, las calles empedradas y las plazas encantadoras te transportar\u00e1n a \u00e9pocas pasadas. Nuestras ofertas te invitan a explorar las calles llenas de historia de ciudades<\/p>\n\n\n\n<div class=\"wp-block-buttons is-layout-flex wp-block-buttons-is-layout-flex\">\n<div class=\"wp-block-button\"><a class=\"wp-block-button__link wp-element-button\" href=\"https:\/\/camaratravel.com\/?page_id=795\">Learn More<\/a><\/div>\n<\/div>\n<\/div>\n<\/div>\n<\/div><\/div>\n\n\n\n<div class=\"wp-block-columns is-layout-flex wp-container-core-columns-is-layout-28f84493 wp-block-columns-is-layout-flex\">\n<div class=\"wp-block-column is-layout-flow wp-block-column-is-layout-flow\" style=\"flex-basis:100%\">\n<div class=\"wp-block-group is-content-justification-center is-layout-constrained wp-block-group-is-layout-constrained\"><div class=\"wp-block-group__inner-container\">\n<figure class=\"wp-block-gallery has-nested-images columns-2 wp-block-gallery-1 is-layout-flex wp-block-gallery-is-layout-flex\" style=\"padding-top:var(--wp--preset--spacing--60);padding-bottom:var(--wp--preset--spacing--60)\">\n<figure class=\"wp-block-image size-large\"><img loading=\"lazy\" decoding=\"async\" width=\"791\" height=\"1024\" data-id=\"1809\" src=\"https:\/\/camaratravel.com\/wp-content\/uploads\/2024\/11\/Camara-Travel-navidad-y-ano-nuevo-Campeche-Merida-Tren-Maya-791x1024.jpg\" alt=\"\" class=\"wp-image-1809\" srcset=\"https:\/\/camaratravel.com\/wp-content\/uploads\/2024\/11\/Camara-Travel-navidad-y-ano-nuevo-Campeche-Merida-Tren-Maya-791x1024.jpg 791w, https:\/\/camaratravel.com\/wp-content\/uploads\/2024\/11\/Camara-Travel-navidad-y-ano-nuevo-Campeche-Merida-Tren-Maya-232x300.jpg 232w, https:\/\/camaratravel.com\/wp-content\/uploads\/2024\/11\/Camara-Travel-navidad-y-ano-nuevo-Campeche-Merida-Tren-Maya-768x994.jpg 768w, https:\/\/camaratravel.com\/wp-content\/uploads\/2024\/11\/Camara-Travel-navidad-y-ano-nuevo-Campeche-Merida-Tren-Maya-1187x1536.jpg 1187w, https:\/\/camaratravel.com\/wp-content\/uploads\/2024\/11\/Camara-Travel-navidad-y-ano-nuevo-Campeche-Merida-Tren-Maya.jpg 1236w\" sizes=\"auto, (max-width: 791px) 100vw, 791px\" \/><\/figure>\n\n\n\n<figure class=\"wp-block-image size-large\"><img loading=\"lazy\" decoding=\"async\" width=\"1024\" height=\"1024\" data-id=\"1787\" src=\"https:\/\/camaratravel.com\/wp-content\/uploads\/2024\/09\/Festival-de-la-Calavera-San-Miguel-Viajes-Bazal-1024x1024.jpg\" alt=\"\" class=\"wp-image-1787\" srcset=\"https:\/\/camaratravel.com\/wp-content\/uploads\/2024\/09\/Festival-de-la-Calavera-San-Miguel-Viajes-Bazal-1024x1024.jpg 1024w, https:\/\/camaratravel.com\/wp-content\/uploads\/2024\/09\/Festival-de-la-Calavera-San-Miguel-Viajes-Bazal-300x300.jpg 300w, https:\/\/camaratravel.com\/wp-content\/uploads\/2024\/09\/Festival-de-la-Calavera-San-Miguel-Viajes-Bazal-150x150.jpg 150w, https:\/\/camaratravel.com\/wp-content\/uploads\/2024\/09\/Festival-de-la-Calavera-San-Miguel-Viajes-Bazal-768x768.jpg 768w, https:\/\/camaratravel.com\/wp-content\/uploads\/2024\/09\/Festival-de-la-Calavera-San-Miguel-Viajes-Bazal-1536x1536.jpg 1536w, https:\/\/camaratravel.com\/wp-content\/uploads\/2024\/09\/Festival-de-la-Calavera-San-Miguel-Viajes-Bazal.jpg 1600w\" sizes=\"auto, (max-width: 1024px) 100vw, 1024px\" \/><\/figure>\n<\/figure>\n\n\n\n<div class=\"wp-block-buttons is-layout-flex wp-container-core-buttons-is-layout-168ce233 wp-block-buttons-is-layout-flex\">\n<div class=\"wp-block-button\"><a class=\"wp-block-button__link wp-element-button\" href=\"https:\/\/camaratravel.com\/?page_id=1505\">Reserva<\/a><\/div>\n\n\n\n<div class=\"wp-block-button\"><a class=\"wp-block-button__link wp-element-button\" href=\"https:\/\/camaratravel.com\/?page_id=1505\">Reserva <\/a><\/div>\n<\/div>\n<\/div><\/div>\n<\/div>\n<\/div>\n\n\n\n<div class=\"wp-block-cover alignwide is-light has-parallax\" style=\"margin-top:var(--wp--preset--spacing--80);margin-bottom:var(--wp--preset--spacing--80);min-height:600px;aspect-ratio:unset;\"><span aria-hidden=\"true\" class=\"wp-block-cover__background has-ast-global-color-5-background-color has-background-dim\"><\/span><div class=\"wp-block-cover__image-background wp-image-376 has-parallax\" style=\"background-position:50% 50%;background-image:url(http:\/\/camaratravel.com\/wp-content\/uploads\/2023\/09\/front-web.png)\"><\/div><div class=\"wp-block-cover__inner-container is-layout-flow wp-block-cover-is-layout-flow\">\n<div class=\"wp-block-columns alignwide are-vertically-aligned-center is-layout-flex wp-container-core-columns-is-layout-28f84493 wp-block-columns-is-layout-flex\">\n<div class=\"wp-block-column is-vertically-aligned-center is-layout-flow wp-block-column-is-layout-flow\"><\/div>\n\n\n\n<div class=\"wp-block-column is-vertically-aligned-center is-layout-flow wp-block-column-is-layout-flow\">\n<h2 class=\"wp-block-heading has-text-align-center has-white-color has-text-color\">Ruta Maya<\/h2>\n\n\n\n<hr class=\"wp-block-separator has-css-opacity is-style-wide\"\/>\n\n\n\n<p class=\"has-white-color has-text-color\">Esta legendaria ruta te llevar\u00e1 a trav\u00e9s de las antiguas civilizaciones mayas, revelando tesoros arqueol\u00f3gicos, paisajes impresionantes y la rica herencia cultural de la regi\u00f3n. Desde las majestuosas pir\u00e1mides de Chich\u00e9n Itz\u00e1 hasta las ciudades coloniales encantadoras como M\u00e9rida y Campeche, la Ruta Maya te sumergir\u00e1 en un mundo de misterio y esplendor.<\/p>\n\n\n\n<div class=\"wp-block-buttons is-layout-flex wp-block-buttons-is-layout-flex\">\n<div class=\"wp-block-button\"><a class=\"wp-block-button__link wp-element-button\" href=\"https:\/\/camaratravel.com\/?page_id=791\">Learn More<\/a><\/div>\n<\/div>\n<\/div>\n<\/div>\n<\/div><\/div>\n\n\n\n<p class=\"has-text-align-center has-ast-global-color-4-color has-ast-global-color-1-background-color has-text-color has-background has-medium-font-size\">&#8220;Descubre el mundo a trav\u00e9s de la lente de C\u00e1mara Travel.&#8221;<\/p>\n\n\n\n<div class=\"wp-block-cover alignwide is-light has-parallax\" style=\"margin-top:var(--wp--preset--spacing--80);margin-bottom:var(--wp--preset--spacing--80);padding-top:0;padding-bottom:0;min-height:600px;aspect-ratio:unset;\"><span aria-hidden=\"true\" class=\"wp-block-cover__background has-ast-global-color-5-background-color has-background-dim\"><\/span><div class=\"wp-block-cover__image-background wp-image-360 has-parallax\" style=\"background-position:50% 50%;background-image:url(http:\/\/camaratravel.com\/wp-content\/uploads\/2023\/09\/Oaxaca.jpg)\"><\/div><div class=\"wp-block-cover__inner-container is-layout-flow wp-block-cover-is-layout-flow\">\n<div class=\"wp-block-columns alignwide are-vertically-aligned-center is-layout-flex wp-container-core-columns-is-layout-28f84493 wp-block-columns-is-layout-flex\">\n<div class=\"wp-block-column is-vertically-aligned-center is-layout-flow wp-block-column-is-layout-flow\"><\/div>\n\n\n\n<div class=\"wp-block-column is-vertically-aligned-center is-layout-flow wp-block-column-is-layout-flow\">\n<h2 class=\"wp-block-heading has-text-align-center has-white-color has-text-color\">Pueblos M\u00e1gicos <\/h2>\n\n\n\n<hr class=\"wp-block-separator has-css-opacity is-style-wide\"\/>\n\n\n\n<p class=\"has-white-color has-text-color\">Estos destinos \u00fanicos te llevan a lugares donde el tiempo parece haberse detenido, donde la cultura, la historia y la belleza natural se entrelazan para crear experiencias inolvidables. Ya sea que est\u00e9s buscando un escape tranquilo en paisajes pintorescos o la emoci\u00f3n de sumergirte en tradiciones locales, los Pueblos M\u00e1gicos de M\u00e9xico te ofrecen todo esto y m\u00e1s.<\/p>\n\n\n\n<div class=\"wp-block-buttons is-layout-flex wp-block-buttons-is-layout-flex\">\n<div class=\"wp-block-button\"><a class=\"wp-block-button__link wp-element-button\" href=\"https:\/\/camaratravel.com\/?page_id=797\">Learn More<\/a><\/div>\n<\/div>\n<\/div>\n<\/div>\n<\/div><\/div>\n\n\n\n<hr class=\"wp-block-separator has-alpha-channel-opacity\"\/>\n","protected":false},"excerpt":{"rendered":"<p>&#8220;Descubre el mundo a trav\u00e9s de la lente de C\u00e1mara Travel.&#8221;<\/p>\n","protected":false},"author":1,"featured_media":0,"parent":0,"menu_order":0,"comment_status":"closed","ping_status":"closed","template":"","meta":{"om_disable_all_campaigns":false,"_monsterinsights_skip_tracking":false,"_monsterinsights_sitenote_active":false,"_monsterinsights_sitenote_note":"","_monsterinsights_sitenote_category":0,"site-sidebar-layout":"no-sidebar","site-content-layout":"plain-container","ast-site-content-layout":"normal-width-container","site-content-style":"unboxed","site-sidebar-style":"unboxed","ast-global-header-display":"","ast-banner-title-visibility":"","ast-main-header-display":"","ast-hfb-above-header-display":"","ast-hfb-below-header-display":"","ast-hfb-mobile-header-display":"","site-post-title":"disabled","ast-breadcrumbs-content":"","ast-featured-img":"","footer-sml-layout":"","ast-disable-related-posts":"","theme-transparent-header-meta":"enabled","adv-header-id-meta":"","stick-header-meta":"","header-above-stick-meta":"","header-main-stick-meta":"","header-below-stick-meta":"","astra-migrate-meta-layouts":"set","ast-page-background-enabled":"default","ast-page-background-meta":{"desktop":{"background-color":"","background-image":"","background-repeat":"repeat","background-position":"center center","background-size":"auto","background-attachment":"scroll","background-type":"","background-media":"","overlay-type":"","overlay-color":"","overlay-opacity":"","overlay-gradient":""},"tablet":{"background-color":"","background-image":"","background-repeat":"repeat","background-position":"center center","background-size":"auto","background-attachment":"scroll","background-type":"","background-media":"","overlay-type":"","overlay-color":"","overlay-opacity":"","overlay-gradient":""},"mobile":{"background-color":"","background-image":"","background-repeat":"repeat","background-position":"center center","background-size":"auto","background-attachment":"scroll","background-type":"","background-media":"","overlay-type":"","overlay-color":"","overlay-opacity":"","overlay-gradient":""}},"ast-content-background-meta":{"desktop":{"background-color":"var(--ast-global-color-5)","background-image":"","background-repeat":"repeat","background-position":"center center","background-size":"auto","background-attachment":"scroll","background-type":"","background-media":"","overlay-type":"","overlay-color":"","overlay-opacity":"","overlay-gradient":""},"tablet":{"background-color":"var(--ast-global-color-5)","background-image":"","background-repeat":"repeat","background-position":"center center","background-size":"auto","background-attachment":"scroll","background-type":"","background-media":"","overlay-type":"","overlay-color":"","overlay-opacity":"","overlay-gradient":""},"mobile":{"background-color":"var(--ast-global-color-5)","background-image":"","background-repeat":"repeat","background-position":"center center","background-size":"auto","background-attachment":"scroll","background-type":"","background-media":"","overlay-type":"","overlay-color":"","overlay-opacity":"","overlay-gradient":""}},"footnotes":""},"class_list":["post-10","page","type-page","status-publish","hentry"],"aioseo_notices":[],"_links":{"self":[{"href":"https:\/\/camaratravel.com\/index.php?rest_route=\/wp\/v2\/pages\/10","targetHints":{"allow":["GET"]}}],"collection":[{"href":"https:\/\/camaratravel.com\/index.php?rest_route=\/wp\/v2\/pages"}],"about":[{"href":"https:\/\/camaratravel.com\/index.php?rest_route=\/wp\/v2\/types\/page"}],"author":[{"embeddable":true,"href":"https:\/\/camaratravel.com\/index.php?rest_route=\/wp\/v2\/users\/1"}],"replies":[{"embeddable":true,"href":"https:\/\/camaratravel.com\/index.php?rest_route=%2Fwp%2Fv2%2Fcomments&post=10"}],"version-history":[{"count":66,"href":"https:\/\/camaratravel.com\/index.php?rest_route=\/wp\/v2\/pages\/10\/revisions"}],"predecessor-version":[{"id":1813,"href":"https:\/\/camaratravel.com\/index.php?rest_route=\/wp\/v2\/pages\/10\/revisions\/1813"}],"wp:attachment":[{"href":"https:\/\/camaratravel.com\/index.php?rest_route=%2Fwp%2Fv2%2Fmedia&parent=10"}],"curies":[{"name":"wp","href":"https:\/\/api.w.org\/{rel}","templated":true}]}}